{"id":10972,"date":"2023-09-05T09:23:00","date_gmt":"2023-09-05T09:23:00","guid":{"rendered":"https:\/\/starsdesert.com\/?post_type=product&#038;p=10972"},"modified":"2023-09-05T09:24:15","modified_gmt":"2023-09-05T09:24:15","slug":"ariane-trigo","status":"publish","type":"product","link":"https:\/\/starsdesert.com\/fr\/produit\/ariane-trigo\/","title":{"rendered":"Ariane Trigo"},"content":{"rendered":"<p>L&#039;ensemble du programme serait donc le suivant :<br \/>\nMardi 12 septembre :<br \/>\n\u2013 D\u00e9but d\u2019apr\u00e8s-midi : transfert de 6 personnes de Petra \u00e0 Kempinsky Mer Morte.<br \/>\n\u2013 Fin d\u2019apr\u00e8s midi : transfert de 2 personnes \u00e0 l\u2019A\u00e9roport.<br \/>\nMercredi 13 septembre :<br \/>\n\u2013 Milieu de matin\u00e9e : transfert de 4 personnes de Kempinsky Mer Morte \u00e0 Jerash.<br \/>\n\u2013 Apr\u00e8s-midi (apr\u00e8s visite de Jerash) : transfert \u00e0 l\u2019h\u00f4tel Amman (\u00e0 d\u00e9terminer) o\u00f9 2 personnes descendront puis continuation avec 2 personnes vers l\u2019a\u00e9roport pour un vol de 20h00.<br \/>\nJeudi 14 septembre :<br \/>\n\u2013 Matin : r\u00e9cup\u00e9rer 2 personnes \u00e0 l\u2019h\u00f4tel Amman et les d\u00e9poser \u00e0 l\u2019a\u00e9roport pour un vol \u00e0 12h00.<\/p>","protected":false},"excerpt":{"rendered":"<p>So the whole program would be as follows: Tuesday September 12: &#8211; Early afternoon: transfer of 6 people from Petra to Kempinsky Dead Sea. &#8211; Late afternoon: transfer of 2 people to the Airport. Wednesday September 13: &#8211; Mid morning: transfer of 4 people from Kempinsky Dead Sea to Jerash. &#8211; Afternoon (after visit of [&hellip;]<\/p>","protected":false},"featured_media":10184,"comment_status":"closed","ping_status":"closed","template":"","meta":[],"product_cat":[77],"product_tag":[],"class_list":["post-10972","product","type-product","status-publish","has-post-thumbnail","hentry","product_cat-uncategorized"],"_links":{"self":[{"href":"https:\/\/starsdesert.com\/fr\/wp-json\/wp\/v2\/product\/10972","targetHints":{"allow":["GET"]}}],"collection":[{"href":"https:\/\/starsdesert.com\/fr\/wp-json\/wp\/v2\/product"}],"about":[{"href":"https:\/\/starsdesert.com\/fr\/wp-json\/wp\/v2\/types\/product"}],"replies":[{"embeddable":true,"href":"https:\/\/starsdesert.com\/fr\/wp-json\/wp\/v2\/comments?post=10972"}],"wp:featuredmedia":[{"embeddable":true,"href":"https:\/\/starsdesert.com\/fr\/wp-json\/wp\/v2\/media\/10184"}],"wp:attachment":[{"href":"https:\/\/starsdesert.com\/fr\/wp-json\/wp\/v2\/media?parent=10972"}],"wp:term":[{"taxonomy":"product_cat","embeddable":true,"href":"https:\/\/starsdesert.com\/fr\/wp-json\/wp\/v2\/product_cat?post=10972"},{"taxonomy":"product_tag","embeddable":true,"href":"https:\/\/starsdesert.com\/fr\/wp-json\/wp\/v2\/product_tag?post=10972"}],"curies":[{"name":"wp","href":"https:\/\/api.w.org\/{rel}","templated":true}]}}