{"id":8028,"date":"2018-12-10T03:06:47","date_gmt":"2018-12-10T03:06:47","guid":{"rendered":"http:\/\/travelhotel.wpengine.com\/?page_id=8028"},"modified":"2024-07-03T08:27:03","modified_gmt":"2024-07-03T08:27:03","slug":"about-us","status":"publish","type":"page","link":"https:\/\/starsdesert.com\/fr\/about-us\/","title":{"rendered":"\u00c0 propos de nous"},"content":{"rendered":"<div data-elementor-type=\"wp-page\" data-elementor-id=\"8028\" class=\"elementor elementor-8028\">\n\t\t\t\t\t\t\t<div class=\"elementor-element elementor-element-8069f9a e-con-boxed e-flex e-con\" data-id=\"8069f9a\" data-element_type=\"container\" data-settings=\"{&quot;content_width&quot;:&quot;boxed&quot;}\">\n\t\t\t\t\t<div class=\"e-con-inner\">\n\t\t\t\t<div class=\"elementor-element elementor-element-4e149ab elementor-invisible elementor-widget elementor-widget-heading\" data-id=\"4e149ab\" data-element_type=\"widget\" data-settings=\"{&quot;_animation&quot;:&quot;fadeIn&quot;}\" data-widget_type=\"heading.default\">\n\t\t\t\t<div class=\"elementor-widget-container\">\n\t\t\t<style>\/*! elementor - v3.13.3 - 28-05-2023 *\/\n.elementor-heading-title{padding:0;margin:0;line-height:1}.elementor-widget-heading .elementor-heading-title[class*=elementor-size-]>a{color:inherit;font-size:inherit;line-height:inherit}.elementor-widget-heading .elementor-heading-title.elementor-size-small{font-size:15px}.elementor-widget-heading .elementor-heading-title.elementor-size-medium{font-size:19px}.elementor-widget-heading .elementor-heading-title.elementor-size-large{font-size:29px}.elementor-widget-heading .elementor-heading-title.elementor-size-xl{font-size:39px}.elementor-widget-heading .elementor-heading-title.elementor-size-xxl{font-size:59px}<\/style><h2 class=\"elementor-heading-title elementor-size-default\">Notre vision<\/h2>\t\t<\/div>\n\t\t\t\t<\/div>\n\t\t\t\t\t<\/div>\n\t\t\t\t<\/div>\n\t\t<div class=\"elementor-element elementor-element-a6ebabc e-con-boxed e-flex e-con\" data-id=\"a6ebabc\" data-element_type=\"container\" data-settings=\"{&quot;content_width&quot;:&quot;boxed&quot;}\">\n\t\t\t\t\t<div class=\"e-con-inner\">\n\t\t\t\t<div class=\"elementor-element elementor-element-ad1adf0 elementor-invisible elementor-widget elementor-widget-text-editor\" data-id=\"ad1adf0\" data-element_type=\"widget\" data-settings=\"{&quot;_animation&quot;:&quot;fadeIn&quot;}\" data-widget_type=\"text-editor.default\">\n\t\t\t\t<div class=\"elementor-widget-container\">\n\t\t\t<style>\/*! elementor - v3.13.3 - 28-05-2023 *\/\n.elementor-widget-text-editor.elementor-drop-cap-view-stacked .elementor-drop-cap{background-color:#69727d;color:#fff}.elementor-widget-text-editor.elementor-drop-cap-view-framed .elementor-drop-cap{color:#69727d;border:3px solid;background-color:transparent}.elementor-widget-text-editor:not(.elementor-drop-cap-view-default) .elementor-drop-cap{margin-top:8px}.elementor-widget-text-editor:not(.elementor-drop-cap-view-default) .elementor-drop-cap-letter{width:1em;height:1em}.elementor-widget-text-editor .elementor-drop-cap{float:left;text-align:center;line-height:1;font-size:50px}.elementor-widget-text-editor .elementor-drop-cap-letter{display:inline-block}<\/style>\t\t\t\t<p class=\"MsoNormal\">Stars Desert Tours &amp; Travel aspirent \u00e0 transformer le tourisme en priorisant la durabilit\u00e9 \u00e0 travers les dimensions sociale, \u00e9conomique et environnementale. &nbsp;<\/p>\n<p class=\"MsoNormal\">Dans le domaine social, nous sommes engag\u00e9s \u00e0 :<\/p>\n<p class=\"MsoNormal\">1. Aider les communaut\u00e9s locales en Jordanie en facilitant les communications entre les voyageurs et les habitants locaux, en favorisant la compr\u00e9hension interculturelle et en soutenant les initiatives qui pr\u00e9servent l'environnement.<\/p>\n<p class=\"MsoNormal\">2. Lutter contre le travail des enfants et promouvoir l'\u00e9ducation. Nous imposons \u00e0 nos employ\u00e9s dans les zones recul\u00e9es d'inscrire leurs enfants \u00e0 l'\u00e9cole et conseillons \u00e0 nos clients de ne pas acheter de produits aux enfants.<\/p>\n<p class=\"MsoNormal\">3. Promouvoir l'\u00e9ducation des filles. Nous soutenons les \u00e9coles de filles et offrons des opportunit\u00e9s \u00e9ducatives, contribuant ainsi \u00e0 la promotion de l'\u00e9galit\u00e9 et de l'autonomisation dans la soci\u00e9t\u00e9.<\/p>\n<p class=\"MsoNormal\">Dans le domaine \u00e9conomique, nous nous engageons \u00e0 :<\/p>\n<p class=\"MsoNormal\">1. Combattre le ch\u00f4mage en embauchant autant de jeunes \u00e2g\u00e9s de 21 \u00e0 25 ans que possible, dans le but d'atteindre un revenu durable qui am\u00e9liore le niveau de vie.<\/p>\n<p class=\"MsoNormal\">2. S\u00e9lectionner des jeunes francophones et leur fournir des formations pour les habiliter \u00e0 travailler en tant que guides touristiques, comme Motasem Al-Abbadi, Abed Elhamid Abu Al-Hijaa, Malek Al-Hamoud et Eman Arabati.<\/p>\n<p class=\"MsoNormal\">3. Cr\u00e9er des opportunit\u00e9s d&#039;emploi pour ceux qui ont besoin d&#039;am\u00e9liorer leurs comp\u00e9tences en fran\u00e7ais en les embauchant comme chauffeurs au sein de la Ramallah Mountains Tourist Transport Company, une soci\u00e9t\u00e9 alli\u00e9e, telle que Khalid Sakhaina, Mohammed Assi et Sohaib Al-Halahlah. Par exemple, Sohaib travaille pour notre entreprise tout en \u00e9tant encore \u00e9tudiant \u00e0 l\u2019universit\u00e9.<\/p>\n<p class=\"MsoNormal\">4. Soutenir les communaut\u00e9s dans Les r\u00e9gions \u00e9loign\u00e9es en les formant \u00e0 engager avec les touristes et \u00e0 fournir des services locaux, notamment la cuisine, l'h\u00e9bergement et le guidage touristique b\u00e9douin.<\/p>\n<p class=\"MsoNormal\">5. La concentration sur le soutien des femmes jordaniennes en finan\u00e7ant des associations dans diff\u00e9rentes r\u00e9gions comme Jerash, Amman et Aqaba, qui proposent une cuisine traditionnelle et promeuvent les produits locaux.<\/p>\n<p class=\"MsoNormal\">Dans le domaine environnemental, nous nous engageons \u00e0 :<\/p>\n<p class=\"MsoListParagraphCxSpFirst\" style=\"margin-left: .75in; mso-add-space: auto; text-indent: -.5in; mso-list: l0 level1 lfo1;\"><!-- [if !supportLists]-->1.<span style=\"font-variant-numeric: normal; font-variant-east-asian: normal; font-variant-alternates: normal; font-kerning: auto; font-optical-sizing: auto; font-feature-settings: normal; font-variation-settings: normal; font-variant-position: normal; font-stretch: normal; font-size: 7pt; line-height: normal; font-family: 'Times New Roman';\">&nbsp;&nbsp;&nbsp;&nbsp;&nbsp;&nbsp;&nbsp;&nbsp;&nbsp;&nbsp;&nbsp;&nbsp;&nbsp;&nbsp;&nbsp;&nbsp;&nbsp;&nbsp; <\/span><!--[endif]-->fournir de l'eau potable en bidon pour r\u00e9duire l'utilisation de plastique.<\/p>\n<p class=\"MsoListParagraphCxSpMiddle\" style=\"margin-left: .75in; mso-add-space: auto; text-indent: -.5in; mso-list: l0 level1 lfo1;\"><!-- [if !supportLists]-->2.<span style=\"font-variant-numeric: normal; font-variant-east-asian: normal; font-variant-alternates: normal; font-kerning: auto; font-optical-sizing: auto; font-feature-settings: normal; font-variation-settings: normal; font-variant-position: normal; font-stretch: normal; font-size: 7pt; line-height: normal; font-family: 'Times New Roman';\">&nbsp;&nbsp;&nbsp;&nbsp;&nbsp;&nbsp;&nbsp;&nbsp;&nbsp;&nbsp;&nbsp;&nbsp;&nbsp;&nbsp;&nbsp;&nbsp;&nbsp;&nbsp; <\/span><!--[endif]-->Utiliser l'\u00e9nergie solaire pour g\u00e9n\u00e9rer de l'\u00e9lectricit\u00e9.<\/p>\n<p class=\"MsoListParagraphCxSpMiddle\" style=\"margin-left: .75in; mso-add-space: auto; text-indent: -.5in; mso-list: l0 level1 lfo1;\"><!-- [if !supportLists]-->3.<span style=\"font-variant-numeric: normal; font-variant-east-asian: normal; font-variant-alternates: normal; font-kerning: auto; font-optical-sizing: auto; font-feature-settings: normal; font-variation-settings: normal; font-variant-position: normal; font-stretch: normal; font-size: 7pt; line-height: normal; font-family: 'Times New Roman';\">&nbsp;&nbsp;&nbsp;&nbsp;&nbsp;&nbsp;&nbsp;&nbsp;&nbsp;&nbsp;&nbsp;&nbsp;&nbsp;&nbsp;&nbsp;&nbsp;&nbsp;&nbsp; <\/span><!--[endif]-->\u00c0 Wadi Rum nous apportons du bois de chauffage de sources durables en dehors du d\u00e9sert pour pr\u00e9server la v\u00e9g\u00e9tation.<\/p>\n<p class=\"MsoListParagraphCxSpMiddle\" style=\"margin-left: .75in; mso-add-space: auto; text-indent: -.5in; mso-list: l0 level1 lfo1;\"><!-- [if !supportLists]-->4.<span style=\"font-variant-numeric: normal; font-variant-east-asian: normal; font-variant-alternates: normal; font-kerning: auto; font-optical-sizing: auto; font-feature-settings: normal; font-variation-settings: normal; font-variant-position: normal; font-stretch: normal; font-size: 7pt; line-height: normal; font-family: 'Times New Roman';\">&nbsp;&nbsp;&nbsp;&nbsp;&nbsp;&nbsp;&nbsp;&nbsp;&nbsp;&nbsp;&nbsp;&nbsp;&nbsp;&nbsp;&nbsp;&nbsp;&nbsp;&nbsp; <\/span><!--[endif]-->Dans nos programmes touristiques, nous encourageons la marche \u00e0 longue distance ; pour r\u00e9duire l'utilisation des v\u00e9hicules.<\/p>\n<p class=\"MsoListParagraphCxSpLast\" style=\"margin-left: .75in; mso-add-space: auto; text-indent: -.5in; mso-list: l0 level1 lfo1;\"><!-- [if !supportLists]-->5.<span style=\"font-variant-numeric: normal; font-variant-east-asian: normal; font-variant-alternates: normal; font-kerning: auto; font-optical-sizing: auto; font-feature-settings: normal; font-variation-settings: normal; font-variant-position: normal; font-stretch: normal; font-size: 7pt; line-height: normal; font-family: 'Times New Roman';\">&nbsp;&nbsp;&nbsp;&nbsp;&nbsp;&nbsp;&nbsp;&nbsp;&nbsp;&nbsp;&nbsp;&nbsp;&nbsp;&nbsp;&nbsp;&nbsp;&nbsp;&nbsp; <\/span><!--[endif]-->Utiliser des v\u00e9hicules hybrides pour r\u00e9duire les \u00e9missions nocives.<\/p>\n<p class=\"MsoNormal\">\n<\/p>\n<div style=\"mso-element: para-border-div; border: none; border-bottom: solid windowtext 1.0pt; mso-border-bottom-alt: solid windowtext .75pt; padding: 0in 0in 1.0pt 0in;\">\n<p class=\"MsoNormal\" style=\"border: none; mso-border-bottom-alt: solid windowtext .75pt; padding: 0in; mso-padding-alt: 0in 0in 1.0pt 0in;\">En conclusion, le premier et dernier objectif de Stars Desert Tours &amp; Travel est de se concentrer sur le tourisme durable, b\u00e9n\u00e9ficiant aux personnes, aux communaut\u00e9s et \u00e0 l'environnement.<\/p>\n<\/div>\t\t\t\t\t\t<\/div>\n\t\t\t\t<\/div>\n\t\t\t\t<div class=\"elementor-element elementor-element-b7847fc elementor-invisible elementor-widget elementor-widget-text-editor\" data-id=\"b7847fc\" data-element_type=\"widget\" data-settings=\"{&quot;_animation&quot;:&quot;fadeIn&quot;}\" data-widget_type=\"text-editor.default\">\n\t\t\t\t<div class=\"elementor-widget-container\">\n\t\t\t\t\t\t\t<p class=\"MsoNormal\">Stars Desert Tours &amp; Travel aspirent \u00e0 transformer le tourisme en priorisant la durabilit\u00e9 \u00e0 travers les dimensions sociale, \u00e9conomique et environnementale. \u00a0<\/p><p class=\"MsoNormal\">Dans le domaine social, nous sommes engag\u00e9s \u00e0 :<\/p><p class=\"MsoNormal\">1. Aider les communaut\u00e9s locales en Jordanie en facilitant les communications entre les voyageurs et les habitants locaux, en favorisant la compr\u00e9hension interculturelle et en soutenant les initiatives qui pr\u00e9servent l'environnement.<\/p><p class=\"MsoNormal\">2. Lutter contre le travail des enfants et promouvoir l'\u00e9ducation. Nous imposons \u00e0 nos employ\u00e9s dans les zones recul\u00e9es d'inscrire leurs enfants \u00e0 l'\u00e9cole et conseillons \u00e0 nos clients de ne pas acheter de produits aux enfants.<\/p><p class=\"MsoNormal\">3. Promouvoir l'\u00e9ducation des filles. Nous soutenons les \u00e9coles de filles et offrons des opportunit\u00e9s \u00e9ducatives, contribuant ainsi \u00e0 la promotion de l'\u00e9galit\u00e9 et de l'autonomisation dans la soci\u00e9t\u00e9.<\/p><p class=\"MsoNormal\">Dans le domaine \u00e9conomique, nous nous engageons \u00e0 :<\/p><p class=\"MsoNormal\">1. Combattre le ch\u00f4mage en embauchant autant de jeunes \u00e2g\u00e9s de 21 \u00e0 25 ans que possible, dans le but d'atteindre un revenu durable qui am\u00e9liore le niveau de vie.<\/p><p class=\"MsoNormal\">2. S\u00e9lectionner des jeunes francophones et leur fournir des formations pour les habiliter \u00e0 travailler en tant que guides touristiques, comme Motasem Al-Abbadi, Abed Elhamid Abu Al-Hijaa, Malek Al-Hamoud et Eman Arabati.<\/p><p class=\"MsoNormal\">3. Cr\u00e9er des opportunit\u00e9s d'emploi pour ceux qui ont besoin d'am\u00e9liorer leurs comp\u00e9tences en langue fran\u00e7aise en les embauchant en tant que chauffeurs dans la soci\u00e9t\u00e9 de transport touristique de Ramallah Mountains, entreprise alli\u00e9e, comme Khalid Sakhaina, Mohammed Assi et Sohaib Al-Halahlah. Par exemple, Sohaib travaille avec notre entreprise et il est encore \u00e9tudiant \u00e0 l'universit\u00e9.<\/p><p class=\"MsoNormal\">4. Soutenir les communaut\u00e9s dans Les r\u00e9gions \u00e9loign\u00e9es en les formant \u00e0 engager avec les touristes et \u00e0 fournir des services locaux, notamment la cuisine, l'h\u00e9bergement et le guidage touristique b\u00e9douin.<\/p><p class=\"MsoNormal\">5. La concentration sur le soutien des femmes jordaniennes en finan\u00e7ant des associations dans diff\u00e9rentes r\u00e9gions comme Jerash, Amman et Aqaba, qui proposent une cuisine traditionnelle et promeuvent les produits locaux.<\/p><p class=\"MsoNormal\">Dans le domaine environnemental, nous nous engageons \u00e0 :<\/p><p class=\"MsoListParagraphCxSpFirst\" style=\"margin-left: .75in; mso-add-space: auto; text-indent: -.5in; mso-list: l0 level1 lfo1;\"><!-- [if !supportLists]-->1.<span style=\"font-variant-numeric: normal; font-variant-east-asian: normal; font-variant-alternates: normal; font-kerning: auto; font-optical-sizing: auto; font-feature-settings: normal; font-variation-settings: normal; font-variant-position: normal; font-stretch: normal; font-size: 7pt; line-height: normal; font-family: 'Times New Roman';\">\u00a0\u00a0\u00a0\u00a0\u00a0\u00a0\u00a0\u00a0\u00a0\u00a0\u00a0\u00a0\u00a0\u00a0\u00a0\u00a0\u00a0\u00a0 <\/span><!--[endif]-->fournir de l'eau potable en bidon pour r\u00e9duire l'utilisation de plastique.<\/p><p class=\"MsoListParagraphCxSpMiddle\" style=\"margin-left: .75in; mso-add-space: auto; text-indent: -.5in; mso-list: l0 level1 lfo1;\"><!-- [if !supportLists]-->2.<span style=\"font-variant-numeric: normal; font-variant-east-asian: normal; font-variant-alternates: normal; font-kerning: auto; font-optical-sizing: auto; font-feature-settings: normal; font-variation-settings: normal; font-variant-position: normal; font-stretch: normal; font-size: 7pt; line-height: normal; font-family: 'Times New Roman';\">\u00a0\u00a0\u00a0\u00a0\u00a0\u00a0\u00a0\u00a0\u00a0\u00a0\u00a0\u00a0\u00a0\u00a0\u00a0\u00a0\u00a0\u00a0 <\/span><!--[endif]-->Utiliser l'\u00e9nergie solaire pour g\u00e9n\u00e9rer de l'\u00e9lectricit\u00e9.<\/p><p class=\"MsoListParagraphCxSpMiddle\" style=\"margin-left: .75in; mso-add-space: auto; text-indent: -.5in; mso-list: l0 level1 lfo1;\"><!-- [if !supportLists]-->3.<span style=\"font-variant-numeric: normal; font-variant-east-asian: normal; font-variant-alternates: normal; font-kerning: auto; font-optical-sizing: auto; font-feature-settings: normal; font-variation-settings: normal; font-variant-position: normal; font-stretch: normal; font-size: 7pt; line-height: normal; font-family: 'Times New Roman';\">\u00a0\u00a0\u00a0\u00a0\u00a0\u00a0\u00a0\u00a0\u00a0\u00a0\u00a0\u00a0\u00a0\u00a0\u00a0\u00a0\u00a0\u00a0 <\/span><!--[endif]-->\u00c0 Wadi Rum nous apportons du bois de chauffage de sources durables en dehors du d\u00e9sert pour pr\u00e9server la v\u00e9g\u00e9tation.<\/p><p class=\"MsoListParagraphCxSpMiddle\" style=\"margin-left: .75in; mso-add-space: auto; text-indent: -.5in; mso-list: l0 level1 lfo1;\"><!-- [if !supportLists]-->4.<span style=\"font-variant-numeric: normal; font-variant-east-asian: normal; font-variant-alternates: normal; font-kerning: auto; font-optical-sizing: auto; font-feature-settings: normal; font-variation-settings: normal; font-variant-position: normal; font-stretch: normal; font-size: 7pt; line-height: normal; font-family: 'Times New Roman';\">\u00a0\u00a0\u00a0\u00a0\u00a0\u00a0\u00a0\u00a0\u00a0\u00a0\u00a0\u00a0\u00a0\u00a0\u00a0\u00a0\u00a0\u00a0 <\/span><!--[endif]-->Dans nos programmes touristiques, nous encourageons la marche \u00e0 longue distance ; pour r\u00e9duire l'utilisation des v\u00e9hicules.<\/p><p class=\"MsoListParagraphCxSpLast\" style=\"margin-left: .75in; mso-add-space: auto; text-indent: -.5in; mso-list: l0 level1 lfo1;\"><!-- [if !supportLists]-->5.<span style=\"font-variant-numeric: normal; font-variant-east-asian: normal; font-variant-alternates: normal; font-kerning: auto; font-optical-sizing: auto; font-feature-settings: normal; font-variation-settings: normal; font-variant-position: normal; font-stretch: normal; font-size: 7pt; line-height: normal; font-family: 'Times New Roman';\">\u00a0\u00a0\u00a0\u00a0\u00a0\u00a0\u00a0\u00a0\u00a0\u00a0\u00a0\u00a0\u00a0\u00a0\u00a0\u00a0\u00a0\u00a0 <\/span><!--[endif]-->Utiliser des v\u00e9hicules hybrides pour r\u00e9duire les \u00e9missions nocives.<\/p><p class=\"MsoNormal\">\u00a0<\/p><p>\u00a0<\/p><div style=\"mso-element: para-border-div; border: none; border-bottom: solid windowtext 1.0pt; mso-border-bottom-alt: solid windowtext .75pt; padding: 0in 0in 1.0pt 0in;\"><p class=\"MsoNormal\" style=\"border: none; mso-border-bottom-alt: solid windowtext .75pt; padding: 0in; mso-padding-alt: 0in 0in 1.0pt 0in;\">En conclusion, le premier et dernier objectif de Stars Desert Tours &amp; Travel est de se concentrer sur le tourisme durable, b\u00e9n\u00e9ficiant aux personnes, aux communaut\u00e9s et \u00e0 l'environnement.<\/p><\/div>\t\t\t\t\t\t<\/div>\n\t\t\t\t<\/div>\n\t\t\t\t\t<\/div>\n\t\t\t\t<\/div>\n\t\t<div class=\"elementor-element elementor-element-4806c63 e-con-boxed e-flex e-con\" data-id=\"4806c63\" data-element_type=\"container\" data-settings=\"{&quot;content_width&quot;:&quot;boxed&quot;}\">\n\t\t\t\t\t<div class=\"e-con-inner\">\n\t\t\t\t<div class=\"elementor-element elementor-element-d8e1051 elementor-invisible elementor-widget elementor-widget-heading\" data-id=\"d8e1051\" data-element_type=\"widget\" data-settings=\"{&quot;_animation&quot;:&quot;fadeIn&quot;}\" data-widget_type=\"heading.default\">\n\t\t\t\t<div class=\"elementor-widget-container\">\n\t\t\t<h2 class=\"elementor-heading-title elementor-size-default\">Notre mission<\/h2>\t\t<\/div>\n\t\t\t\t<\/div>\n\t\t\t\t\t<\/div>\n\t\t\t\t<\/div>\n\t\t<div class=\"elementor-element elementor-element-e72621b e-con-boxed e-flex e-con\" data-id=\"e72621b\" data-element_type=\"container\" data-settings=\"{&quot;content_width&quot;:&quot;boxed&quot;}\">\n\t\t\t\t\t<div class=\"e-con-inner\">\n\t\t\t\t<div class=\"elementor-element elementor-element-0082e5a elementor-invisible elementor-widget elementor-widget-text-editor\" data-id=\"0082e5a\" data-element_type=\"widget\" data-settings=\"{&quot;_animation&quot;:&quot;fadeIn&quot;}\" data-widget_type=\"text-editor.default\">\n\t\t\t\t<div class=\"elementor-widget-container\">\n\t\t\t\t\t\t\t<p class=\"MsoNormal\">Stars Desert Tours &amp; Travel allie l&#039;expertise de professionnels chevronn\u00e9s aux id\u00e9es innovantes de talents \u00e9mergents pour organiser des exp\u00e9riences de voyage sans pr\u00e9c\u00e9dent. Nous nous engageons \u00e0 fournir des services exceptionnels \u00e0 des prix comp\u00e9titifs tout en investissant continuellement dans notre infrastructure. Nos alliances strat\u00e9giques avec des partenaires estim\u00e9s, tels que la Ramallah Mountains Tourist Transport Company, nous permettent d&#039;offrir un service sup\u00e9rieur gr\u00e2ce \u00e0 des v\u00e9hicules hybrides respectueux de l&#039;environnement et des chauffeurs multilingues qualifi\u00e9s.&nbsp;<\/p><p class=\"MsoNormal\">Notre mission est de r\u00e9volutionner l&#039;industrie du voyage en proposant des voyages inoubliables qui donnent la priorit\u00e9 au bien-\u00eatre de nos clients, des communaut\u00e9s avec lesquelles nous nous engageons et de l&#039;environnement. Chez Stars Desert Tours &amp; Travel, nous nous engageons en faveur de pratiques durables et d&#039;un tourisme responsable, garantissant que chaque aventure que nous cr\u00e9ons laisse un impact positif sur le monde.<\/p>\t\t\t\t\t\t<\/div>\n\t\t\t\t<\/div>\n\t\t\t\t\t<\/div>\n\t\t\t\t<\/div>\n\t\t<div class=\"elementor-element elementor-element-b4cfd92 e-con-boxed e-flex e-con\" data-id=\"b4cfd92\" data-element_type=\"container\" data-settings=\"{&quot;content_width&quot;:&quot;boxed&quot;}\">\n\t\t\t\t\t<div class=\"e-con-inner\">\n\t\t\t\t<div class=\"elementor-element elementor-element-ea253de elementor-invisible elementor-widget elementor-widget-heading\" data-id=\"ea253de\" data-element_type=\"widget\" data-settings=\"{&quot;_animation&quot;:&quot;fadeIn&quot;}\" data-widget_type=\"heading.default\">\n\t\t\t\t<div class=\"elementor-widget-container\">\n\t\t\t<h2 class=\"elementor-heading-title elementor-size-default\">Notre \u00e9quipe<\/h2>\t\t<\/div>\n\t\t\t\t<\/div>\n\t\t\t\t\t<\/div>\n\t\t\t\t<\/div>\n\t\t<div class=\"elementor-element elementor-element-fb1ccee e-con-boxed e-flex e-con\" data-id=\"fb1ccee\" data-element_type=\"container\" data-settings=\"{&quot;content_width&quot;:&quot;boxed&quot;}\">\n\t\t\t\t\t<div class=\"e-con-inner\">\n\t\t\t\t<div class=\"elementor-element elementor-element-df8e72a elementor-invisible elementor-widget elementor-widget-text-editor\" data-id=\"df8e72a\" data-element_type=\"widget\" data-settings=\"{&quot;_animation&quot;:&quot;fadeIn&quot;}\" data-widget_type=\"text-editor.default\">\n\t\t\t\t<div class=\"elementor-widget-container\">\n\t\t\t\t\t\t\t<p class=\"MsoNormal\"><span style=\"font-size: 12pt; line-height: 115%; font-family: georgia, palatino, serif;\">Du propri\u00e9taire de Stars Desert Tours &amp; Travel, \u00e0 tous les employ\u00e9s de tous les d\u00e9partements, y compris ceux sur le terrain dans tous les gouvernorats, nous croyons en l'importance du travail d'\u00e9quipe dans notre entreprise, ce qui se refl\u00e8te \u00e0 son tour dans la gestion r\u00e9ussie des voyages.<\/span><\/p><p class=\"MsoNormal\"><span style=\"font-family: georgia, palatino, serif; font-size: 12pt; color: var( --e-global-color-text ); font-weight: var( --e-global-typography-text-font-weight ); text-align: var(--text-align);\">Nous travaillons en \u00e9quipe pour offrir aux clients un voyage unique grav\u00e9 dans\u00a0<\/span><span style=\"font-family: georgia, palatino, serif; font-size: 12pt; color: var( --e-global-color-text ); font-weight: var( --e-global-typography-text-font-weight ); text-align: var(--text-align);\">leur m\u00e9moire pour toujours.<\/span><\/p><p class=\"MsoNormal\"><span style=\"font-size: 12pt; line-height: 115%; font-family: georgia, palatino, serif;\">Nous avons une confiance totale en notre \u00e9quipe et en ses capacit\u00e9s.<\/span><\/p><p class=\"MsoNormal\"><span style=\"font-size: 12pt; line-height: 115%; font-family: georgia, palatino, serif;\">Notre \u00e9quipe travaille ensemble pour atteindre leur objectif principal, qui est de cr\u00e9er un souvenir inoubliable pour les touristes dans leurs exp\u00e9riences exceptionnelles en<br \/>Jordanie<\/span><\/p>\t\t\t\t\t\t<\/div>\n\t\t\t\t<\/div>\n\t\t\t\t\t<\/div>\n\t\t\t\t<\/div>\n\t\t\t\t\t\t\t<\/div>","protected":false},"excerpt":{"rendered":"<p>Our Vision Stars Desert Tours &amp; Travel aims to change tourism by prioritizing sustainability across social, economic, and environmental aspects. &nbsp; In the social aspect, we are dedicated to: 1. Assisting local communities in Jordan by facilitating communications between travelers and locals, fostering cross-cultural understanding, and supporting initiatives that safeguard the environment. 2. Combating child [&hellip;]<\/p>","protected":false},"author":1,"featured_media":10270,"parent":0,"menu_order":0,"comment_status":"closed","ping_status":"closed","template":"template-fullwidth.php","meta":{"footnotes":""},"class_list":["post-8028","page","type-page","status-publish","has-post-thumbnail","hentry"],"_links":{"self":[{"href":"https:\/\/starsdesert.com\/fr\/wp-json\/wp\/v2\/pages\/8028","targetHints":{"allow":["GET"]}}],"collection":[{"href":"https:\/\/starsdesert.com\/fr\/wp-json\/wp\/v2\/pages"}],"about":[{"href":"https:\/\/starsdesert.com\/fr\/wp-json\/wp\/v2\/types\/page"}],"author":[{"embeddable":true,"href":"https:\/\/starsdesert.com\/fr\/wp-json\/wp\/v2\/users\/1"}],"replies":[{"embeddable":true,"href":"https:\/\/starsdesert.com\/fr\/wp-json\/wp\/v2\/comments?post=8028"}],"version-history":[{"count":102,"href":"https:\/\/starsdesert.com\/fr\/wp-json\/wp\/v2\/pages\/8028\/revisions"}],"predecessor-version":[{"id":11256,"href":"https:\/\/starsdesert.com\/fr\/wp-json\/wp\/v2\/pages\/8028\/revisions\/11256"}],"wp:featuredmedia":[{"embeddable":true,"href":"https:\/\/starsdesert.com\/fr\/wp-json\/wp\/v2\/media\/10270"}],"wp:attachment":[{"href":"https:\/\/starsdesert.com\/fr\/wp-json\/wp\/v2\/media?parent=8028"}],"curies":[{"name":"wp","href":"https:\/\/api.w.org\/{rel}","templated":true}]}}