{"id":363,"date":"2014-12-02T10:00:07","date_gmt":"2014-12-02T10:00:07","guid":{"rendered":"http:\/\/traveler.shinethemedev.com\/wordpress\/?page_id=363"},"modified":"2014-12-02T10:00:07","modified_gmt":"2014-12-02T10:00:07","slug":"footer","status":"publish","type":"page","link":"https:\/\/starsdesert.com\/fr\/footer\/","title":{"rendered":"Bas de page"},"content":{"rendered":"<section class=\"wpb-content-wrapper\"><div class=\"vc_row wpb_row st bg-holder vc_custom_1450230376768 vc_row-has-fill\"><div class='container'><div class='row'>\n\t<div class=\"wpb_column column_container col-md-3 vc_custom_1422334137119\"><div class=\"vc_column-inner wpb_wrapper\">\n\t\t\t\n\t<div class=\"wpb_text_column wpb_content_element\" >\n\t\t<div class=\"wpb_wrapper\">\n\t\t\t<p><a href=\"http:\/\/travelerdata.wpengine.com\/wp-content\/uploads\/2014\/11\/logo-white-min.png\"><img loading=\"lazy\" decoding=\"async\" class=\"alignnone wp-image-6208 size-full\" src=\"https:\/\/travelerdata.wpengine.com\/wp-content\/uploads\/2014\/11\/logo-white-min.png\" alt=\"logo-white-min\" width=\"110\" height=\"40\" \/><\/a><\/p>\n<p class=\"mb20\">R\u00e9servation, avis et conseils sur les h\u00f4tels, les centres de vill\u00e9giature, les vols, les locations de vacances, les forfaits de voyage et bien plus encore!<\/p>\n\n\t\t<\/div>\n\t<\/div>\n\n\t<div class=\"wpb_raw_code wpb_content_element wpb_raw_html\" >\n\t\t<div class=\"wpb_wrapper\">\n\t\t\t<ul class=\"list list-horizontal list-space\">\n                            <li>\n                                <a href=\"#\" class=\"fa fa-facebook box-icon-normal round animate-icon-bottom-to-top\"><\/a>\n                            <\/li>\n                            <li>\n                                <a href=\"#\" class=\"fa fa-twitter box-icon-normal round animate-icon-bottom-to-top\"><\/a>\n                            <\/li>\n                            <li>\n                                <a href=\"#\" class=\"fa fa-google-plus box-icon-normal round animate-icon-bottom-to-top\"><\/a>\n                            <\/li>\n                            <li>\n                                <a href=\"#\" class=\"fa fa-linkedin box-icon-normal round animate-icon-bottom-to-top\"><\/a>\n                            <\/li>\n                            <li>\n                                <a href=\"#\" class=\"fa fa-pinterest box-icon-normal round animate-icon-bottom-to-top\"><\/a>\n                            <\/li>\n                        <\/ul>\n\t\t<\/div>\n\t<\/div>\n<\/div>\n\t<\/div> \n\n\t<div class=\"wpb_column column_container col-md-3 vc_custom_1422334156180\"><div class=\"vc_column-inner wpb_wrapper\">\n\t\t\t\n\t<div class=\"wpb_text_column wpb_content_element\" >\n\t\t<div class=\"wpb_wrapper\">\n\t\t\t<script>(function() {\n\twindow.mc4wp = window.mc4wp || {\n\t\tlisteners: [],\n\t\tforms: {\n\t\t\ton: function(evt, cb) {\n\t\t\t\twindow.mc4wp.listeners.push(\n\t\t\t\t\t{\n\t\t\t\t\t\tevent   : evt,\n\t\t\t\t\t\tcallback: cb\n\t\t\t\t\t}\n\t\t\t\t);\n\t\t\t}\n\t\t}\n\t}\n})();\n<\/script><!-- Mailchimp for WordPress v4.9.4 - https:\/\/wordpress.org\/plugins\/mailchimp-for-wp\/ --><form id=\"mc4wp-form-1\" class=\"mc4wp-form mc4wp-form-5763\" method=\"post\" data-id=\"5763\" data-name=\"\" action=\"\" ><div class=\"mc4wp-form-fields\"><div class=\"subcribe-form\">\r\n  <div class=\"form-group\">\r\n    <input type=\"email\" name=\"EMAIL\" class=\"form-control\" placeholder=\"Votre e-mail\">\r\n    <input type=\"submit\" name=\"submit\" value=\"Abonnez-vous\">\r\n  <\/div>\r\n<\/div> \r\n<\/div><label style=\"display: none !important;\">Laissez ce champ vide si vous \u00eates humain\u00a0: <input type=\"text\" name=\"_mc4wp_honeypot\" value=\"\" tabindex=\"-1\" autocomplete=\"off\" \/><\/label><input type=\"hidden\" name=\"_mc4wp_timestamp\" value=\"1777603692\" \/><input type=\"hidden\" name=\"_mc4wp_form_id\" value=\"5763\" \/><input type=\"hidden\" name=\"_mc4wp_form_element_id\" value=\"mc4wp-form-1\" \/><div class=\"mc4wp-response\"><\/div><input type=\"hidden\" name=\"trp-form-language\" value=\"fr\"\/><\/form><!-- \/ Mailchimp for WordPress Plugin -->\n\n\t\t<\/div>\n\t<\/div>\n<\/div>\n\t<\/div> \n\n\t<div class=\"wpb_column column_container col-md-2 vc_custom_1422334176021\"><div class=\"vc_column-inner wpb_wrapper\">\n\t\t\t\n\t<div class=\"wpb_raw_code wpb_content_element wpb_raw_html\" >\n\t\t<div class=\"wpb_wrapper\">\n\t\t\t<ul class=\"list list-footer\">\n                            <li><a href=\"#\">\u00c0 propos de nous<\/a>\n                            <\/li>\n                            <li><a href=\"#\">Centre de presse<\/a>\n                            <\/li>\n                            <li><a href=\"#\">Garantie du meilleur prix<\/a>\n                            <\/li>\n                            <li><a href=\"#\">Nouvelles de voyage<\/a>\n                            <\/li>\n                            <li><a href=\"#\">Emplois<\/a>\n                            <\/li>\n                            <li><a href=\"#\">politique de confidentialit\u00e9<\/a>\n                            <\/li>\n                            <li><a href=\"#\">Conditions d&#039;utilisation<\/a>\n                            <\/li>\n                            <li><a href=\"#\">Retour<\/a>\n                            <\/li><li><a href=\"\/fr\/how-it-works\/\">Comment \u00e7a fonctionne?<\/a>\n                            <\/li>\n                            <li><a href=\"\/fr\/become-a-partner\/\">Devenir un partenaire<\/a>\n                            <\/li>\n                        <\/ul>\n\t\t<\/div>\n\t<\/div>\n<\/div>\n\t<\/div> \n\n\t<div class=\"wpb_column column_container col-md-4 vc_custom_1422334188578\"><div class=\"vc_column-inner wpb_wrapper\">\n\t\t\t\n\t<div class=\"wpb_raw_code wpb_content_element wpb_raw_html\" >\n\t\t<div class=\"wpb_wrapper\">\n\t\t\t\n                        <h4>Avoir des questions?<\/h4>\n                        <h4 class=\"text-color\">+1-202-555-0173<\/h4>\n                        <h4><a class=\"text-color\" href=\"#\">support@traveler.com<\/a><\/h4>\n                        <p>Support client d\u00e9di\u00e9 24h\/24 et 7j\/7<\/p>\n                  \n\t\t<\/div>\n\t<\/div>\n<\/div>\n\t<\/div> \n<\/div><!--End .row--><\/div><!--End .container--><\/div>\n<\/section>","protected":false},"excerpt":{"rendered":"Booking, reviews and advices on hotels, resorts, flights, vacation rentals, travel packages, and lots more! Laissez ce champ vide si vous \u00eates humain\u00a0: About US Press Centre Best Price Guarantee Travel News Jobs Privacy Policy Terms of Use Feedback How It Works? Become a Partner Have Questions? +1-202-555-0173 support@traveler.com 24\/7 Dedicated Customer Support","protected":false},"author":1,"featured_media":0,"parent":0,"menu_order":0,"comment_status":"open","ping_status":"closed","template":"","meta":{"footnotes":""},"class_list":["post-363","page","type-page","status-publish","has-post-thumbnail","hentry"],"_links":{"self":[{"href":"https:\/\/starsdesert.com\/fr\/wp-json\/wp\/v2\/pages\/363","targetHints":{"allow":["GET"]}}],"collection":[{"href":"https:\/\/starsdesert.com\/fr\/wp-json\/wp\/v2\/pages"}],"about":[{"href":"https:\/\/starsdesert.com\/fr\/wp-json\/wp\/v2\/types\/page"}],"author":[{"embeddable":true,"href":"https:\/\/starsdesert.com\/fr\/wp-json\/wp\/v2\/users\/1"}],"replies":[{"embeddable":true,"href":"https:\/\/starsdesert.com\/fr\/wp-json\/wp\/v2\/comments?post=363"}],"version-history":[{"count":0,"href":"https:\/\/starsdesert.com\/fr\/wp-json\/wp\/v2\/pages\/363\/revisions"}],"wp:attachment":[{"href":"https:\/\/starsdesert.com\/fr\/wp-json\/wp\/v2\/media?parent=363"}],"curies":[{"name":"wp","href":"https:\/\/api.w.org\/{rel}","templated":true}]}}