{"id":11377,"date":"2025-06-18T09:46:51","date_gmt":"2025-06-18T09:46:51","guid":{"rendered":"https:\/\/starsdesert.com\/?page_id=11377"},"modified":"2026-01-18T12:13:04","modified_gmt":"2026-01-18T12:13:04","slug":"sustainability-policy","status":"publish","type":"page","link":"https:\/\/starsdesert.com\/fr\/sustainability-policy\/","title":{"rendered":"Politique de d\u00e9veloppement durable"},"content":{"rendered":"<p style=\"text-align: left;\"><span style=\"color: #a10f19; font-size: 18pt;\"><strong>Politique de d\u00e9veloppement durable de Stars Desert Travel Company<\/strong><\/span><\/p>\n<p style=\"padding-left: 40px; text-align: left;\"><strong><span style=\"color: #000000;\">Stars Desert Travel Company croit en son r\u00f4le essentiel dans la promotion<\/span><\/strong><br \/>\n<strong><span style=\"color: #000000;\">Tourisme responsable et durable. L'entreprise s'efforce de minimiser<\/span><\/strong><br \/>\n<strong><span style=\"color: #000000;\">les impacts n\u00e9gatifs sociaux, culturels, \u00e9conomiques et environnementaux de<\/span><\/strong><br \/>\n<strong><span style=\"color: #000000;\">ses activit\u00e9s tout en renfor\u00e7ant les contributions positives. Cette politique refl\u00e8te<\/span><\/strong><br \/>\n<strong><span style=\"color: #000000;\">notre engagement en mati\u00e8re de responsabilit\u00e9 environnementale et sociale, soutenu par<\/span><\/strong><br \/>\n<strong><span style=\"color: #000000;\">un soutien solide de la haute direction.<\/span><\/strong><\/p>\n<ol>\n<li><span style=\"color: #a10f19;\"><strong>Gestion durable et conformit\u00e9 l\u00e9gale<\/strong><\/span>\n<ul>\n<li><span style=\"color: #000000;\"><strong>Nomination d'un coordinateur charg\u00e9 des activit\u00e9s de d\u00e9veloppement durable au sein de l'entreprise.<\/strong><\/span><\/li>\n<li><span style=\"color: #000000;\"><strong>\u00c9laborer un \u00e9nonc\u00e9 de mission en mati\u00e8re de d\u00e9veloppement durable afin de communiquer avec les clients, les partenaires et les fournisseurs.<\/strong><\/span><\/li>\n<li><span style=\"color: #000000;\"><strong>Fournir une politique de d\u00e9veloppement durable \u00e9crite qui comprenne des objectifs visant \u00e0 r\u00e9duire les impacts n\u00e9gatifs et \u00e0 assurer la s\u00e9curit\u00e9 des employ\u00e9s.<\/strong><\/span><\/li>\n<li><span style=\"color: #000000;\"><strong>Collaborer avec des forums et des groupes soutenant le d\u00e9veloppement durable dans l'industrie du tourisme.<\/strong><\/span><\/li>\n<li><span style=\"color: #000000;\"><strong>\u00c9laborer un plan d'action pour le d\u00e9veloppement durable avec des objectifs, des mesures et un calendrier clairs.<\/strong><\/span><\/li>\n<\/ul>\n<\/li>\n<\/ol>\n<ol start=\"2\">\n<li><span style=\"color: #a10f19;\"><strong>Responsabilit\u00e9 sociale et droits de l'homme<\/strong><\/span>\n<ul>\n<li><span style=\"color: #000000;\"><strong>Fournir un environnement de travail s\u00fbr, conforme aux normes nationales <\/strong><\/span><\/li>\n<li><span style=\"color: #000000;\"><strong>Garantir l'\u00e9galit\u00e9 et la transparence en mati\u00e8re de recrutement et de r\u00e9mun\u00e9ration <\/strong><\/span><\/li>\n<li><span style=\"color: #000000;\"><strong>Offrir une formation et un perfectionnement continus pour l'am\u00e9lioration et le d\u00e9veloppement des comp\u00e9tences des employ\u00e9s<\/strong><\/span><\/li>\n<li><span style=\"color: #000000;\"><strong>Pr\u00e9venir toutes les formes de discrimination et garantir l'\u00e9galit\u00e9 des chances pour tous.<\/strong><\/span><\/li>\n<\/ul>\n<\/li>\n<\/ol>\n<ol start=\"3\">\n<li><span style=\"color: #a10f19;\"><strong>Protection de l'environnement et relations communautaires<\/strong><\/span>\n<ul>\n<li><span style=\"color: #000000;\"><strong>R\u00e9duire la consommation de produits jetables et promouvoir l'achat de produits durables.<\/strong><\/span><\/li>\n<li><span style=\"color: #000000;\"><strong>Mise en \u0153uvre de mesures d'\u00e9conomie d'eau et d'\u00e9nergie <\/strong><\/span><\/li>\n<li><span style=\"color: #000000;\"><strong>\u00c9laboration de politiques en mati\u00e8re de recyclage et de gestion des d\u00e9chets <\/strong><\/span><\/li>\n<li><span style=\"color: #000000;\"><strong>Soutenir la conservation de la biodiversit\u00e9 et la pr\u00e9servation des sites culturels et historiques.<\/strong><\/span><\/li>\n<\/ul>\n<\/li>\n<\/ol>\n<ol start=\"4\">\n<li><span style=\"color: #a10f19;\"><strong>Partenariat avec les agences de voyages<\/strong><\/span>\n<ul>\n<li><span style=\"color: #000000;\"><strong>Collaborer avec des partenaires qui ont une vision claire de la durabilit\u00e9 <\/strong><\/span><\/li>\n<li><span style=\"color: #000000;\"><strong>Inclure des clauses de durabilit\u00e9 dans les contrats avec les partenaires, telles que la protection des droits de l'enfant et la pr\u00e9vention de l'exploitation.<\/strong><\/span><\/li>\n<li><span style=\"color: #000000;\"><strong>Dispenser des formations et sensibiliser les partenaires aux pratiques du tourisme durable.<\/strong><\/span><\/li>\n<\/ul>\n<\/li>\n<\/ol>\n<ol start=\"5\">\n<li><span style=\"color: #a10f19;\"><strong>Transport durable<\/strong><\/span>\n<ul>\n<li><span style=\"color: #000000;\"><strong>Choisir des modes de transport \u00e0 faible impact environnemental tout en tenant compte du co\u00fbt et du confort.<\/strong><\/span><\/li>\n<li><span style=\"color: #000000;\"><strong>Offrir aux clients des solutions de transport durables, dans le respect des contraintes op\u00e9rationnelles et logistiques.<\/strong><\/span><\/li>\n<li><span style=\"color: #000000;\"><strong>Am\u00e9liorer l'efficacit\u00e9 des v\u00e9hicules d'occasion et respecter les normes environnementales.<\/strong><\/span><strong>\u00a0<\/strong><\/li>\n<\/ul>\n<\/li>\n<\/ol>\n<ol start=\"6\">\n<li><span style=\"color: #a10f19;\"><strong>H\u00e9bergement durable<\/strong><\/span>\n<ul>\n<li><span style=\"color: #000000;\"><strong>Choisir des h\u00e9bergements conformes aux normes de d\u00e9veloppement durable, notamment en mati\u00e8re de programmes d'\u00e9conomie d'\u00e9nergie et d'eau, de gestion des d\u00e9chets et d'engagement communautaire.<\/strong><\/span><\/li>\n<li><span style=\"color: #000000;\"><strong>Encouraging accommodations to obtain sustainability.<\/strong><\/span><\/li>\n<li><span style=\"color: #000000;\"><strong>Collaborer avec des h\u00e9bergements qui soutiennent les communaut\u00e9s locales et int\u00e8grent le patrimoine culturel.<\/strong><\/span><\/li>\n<\/ul>\n<\/li>\n<\/ol>\n<ol start=\"7\">\n<li><span style=\"color: #a10f19;\"><strong>Activit\u00e9s et excursions durables<\/strong><\/span>\n<ul>\n<li><span style=\"color: #000000;\"><strong>Proposer des activit\u00e9s respectueuses de l'environnement et des cultures locales et garantissant le bien-\u00eatre animal.<\/strong><\/span><\/li>\n<li><span style=\"color: #000000;\"><strong>\u00c9viter les activit\u00e9s qui nuisent \u00e0 l'environnement, aux communaut\u00e9s ou \u00e0 la sant\u00e9 publique.<\/strong><\/span><\/li>\n<li><span style=\"color: #000000;\"><strong>Promouvoir les excursions qui soutiennent les communaut\u00e9s locales et pr\u00e9servent le patrimoine culturel.<\/strong><\/span><\/li>\n<\/ul>\n<\/li>\n<\/ol>\n<ol start=\"8\">\n<li><span style=\"color: #a10f19;\"><strong>Am\u00e9lioration continue<\/strong><\/span>\n<ul>\n<li><span style=\"color: #000000;\"><strong>R\u00e9viser et mettre \u00e0 jour r\u00e9guli\u00e8rement les pratiques de d\u00e9veloppement durable en fonction de l'\u00e9volution du secteur et des commentaires des parties prenantes.<\/strong><\/span><\/li>\n<li><span style=\"color: #000000;\"><strong>Mesurer les performances et d\u00e9finir des indicateurs cl\u00e9s pour garantir l'atteinte des objectifs de d\u00e9veloppement durable.<\/strong><\/span><\/li>\n<li><span style=\"color: #000000;\"><strong>Participer \u00e0 des collaborations sectorielles pour am\u00e9liorer le tourisme<\/strong><\/span><\/li>\n<\/ul>\n<\/li>\n<\/ol>\n<p><span style=\"color: #a10f19;\"><strong>Notre engagement<\/strong><\/span><\/p>\n<p><span style=\"color: #000000;\"><strong>Notre politique de d\u00e9veloppement durable est un cadre dynamique, r\u00e9guli\u00e8rement mis \u00e0 jour afin de garantir son ad\u00e9quation aux meilleures pratiques du secteur, au tourisme responsable et \u00e0 un engagement constant en faveur de l'am\u00e9lioration continue. Cet outil int\u00e9gr\u00e9 refl\u00e8te une approche globale du d\u00e9veloppement durable, int\u00e9grant les dimensions environnementales, sociales et \u00e9conomiques aux activit\u00e9s de Stars Desert Travel.<\/strong><\/span><\/p>\n<p><span style=\"color: #000000;\"><strong>\u00ab Notre entreprise s'engage \u00e0 ce que tous ses supports marketing et publicitaires, d\u00e9clarations et publications soient exempts d'informations trompeuses, d'all\u00e9gations exag\u00e9r\u00e9es et de manquements \u00e0 ses engagements. Nous garantissons que notre personnel est parfaitement inform\u00e9 et d\u00e9vou\u00e9 \u00e0 fournir un service irr\u00e9prochable \u00e0 nos clients. \u00bb<\/strong><\/span><\/p>\n<p><span style=\"color: #000000;\"><strong>\u00ab Nous interdisons formellement l\u2019acquisition de souvenirs contenant des esp\u00e8ces v\u00e9g\u00e9tales ou animales menac\u00e9es, des objets historiques ou arch\u00e9ologiques obtenus ill\u00e9galement, ainsi que toute drogue ou substance illicite. Nous respectons les r\u00e9glementations locales et internationales visant \u00e0 pr\u00e9venir de telles activit\u00e9s. \u00bb<\/strong><\/span><\/p>\n<p>&nbsp;<\/p>\n<div style=\"margin-top: 30px; padding: 20px; background-color: #ffffff; border: 1px dashed #9c7259; border-radius: 8px; text-align: center;\">\n<p style=\"margin: 0; color: #a10f19; font-size: 16px; font-weight: 600;\"><strong><span style=\"color: #a10f19;\">Pour toute question ou remarque relative \u00e0 notre d\u00e9marche de d\u00e9veloppement durable, veuillez nous contacter\u00a0: <\/span><\/strong><br \/>\n<strong><a style=\"color: #a10f19; text-decoration: none;\" href=\"tel: 962777647227\"><span style=\"color: #a10f19;\">+962777647227<\/span><\/a><span style=\"color: #a10f19;\"> \/<\/span><\/strong><br \/>\n<strong><span style=\"color: #a10f19;\"><a style=\"color: #a10f19; text-decoration: none;\" href=\"mailto:sustainability@starsdesert.com\">sustainability@starsdesert.com<\/a><\/span><\/strong><\/p>\n<\/div>","protected":false},"excerpt":{"rendered":"<p>Sustainability Policy of\u00a0 Stars Desert Travel Company Stars Desert Travel Company believes in its vital role in promoting responsible and sustainable tourism. The company strives to minimize the social, cultural, economic, and environmental negative impacts of its activities while enhancing positive contributions. This policy reflects our commitment to environmental and social responsibility, backed by strong [&hellip;]<\/p>","protected":false},"author":1,"featured_media":11384,"parent":0,"menu_order":0,"comment_status":"closed","ping_status":"closed","template":"","meta":{"footnotes":""},"class_list":["post-11377","page","type-page","status-publish","has-post-thumbnail","hentry"],"_links":{"self":[{"href":"https:\/\/starsdesert.com\/fr\/wp-json\/wp\/v2\/pages\/11377","targetHints":{"allow":["GET"]}}],"collection":[{"href":"https:\/\/starsdesert.com\/fr\/wp-json\/wp\/v2\/pages"}],"about":[{"href":"https:\/\/starsdesert.com\/fr\/wp-json\/wp\/v2\/types\/page"}],"author":[{"embeddable":true,"href":"https:\/\/starsdesert.com\/fr\/wp-json\/wp\/v2\/users\/1"}],"replies":[{"embeddable":true,"href":"https:\/\/starsdesert.com\/fr\/wp-json\/wp\/v2\/comments?post=11377"}],"version-history":[{"count":17,"href":"https:\/\/starsdesert.com\/fr\/wp-json\/wp\/v2\/pages\/11377\/revisions"}],"predecessor-version":[{"id":11409,"href":"https:\/\/starsdesert.com\/fr\/wp-json\/wp\/v2\/pages\/11377\/revisions\/11409"}],"wp:featuredmedia":[{"embeddable":true,"href":"https:\/\/starsdesert.com\/fr\/wp-json\/wp\/v2\/media\/11384"}],"wp:attachment":[{"href":"https:\/\/starsdesert.com\/fr\/wp-json\/wp\/v2\/media?parent=11377"}],"curies":[{"name":"wp","href":"https:\/\/api.w.org\/{rel}","templated":true}]}}