{"id":11018,"date":"2023-12-13T13:34:11","date_gmt":"2023-12-13T13:34:11","guid":{"rendered":"https:\/\/starsdesert.com\/?page_id=11018"},"modified":"2024-11-06T09:08:55","modified_gmt":"2024-11-06T09:08:55","slug":"our-team","status":"publish","type":"page","link":"https:\/\/starsdesert.com\/fr\/our-team\/","title":{"rendered":"Notre \u00e9quipe"},"content":{"rendered":"<div data-elementor-type=\"wp-page\" data-elementor-id=\"11018\" class=\"elementor elementor-11018\">\n\t\t\t\t\t\t\t<div class=\"elementor-element elementor-element-d13469a e-con-boxed e-flex e-con\" data-id=\"d13469a\" data-element_type=\"container\" data-settings=\"{&quot;content_width&quot;:&quot;boxed&quot;}\">\n\t\t\t\t\t<div class=\"e-con-inner\">\n\t\t\t\t<div class=\"elementor-element elementor-element-4ab23fb elementor-widget elementor-widget-heading\" data-id=\"4ab23fb\" data-element_type=\"widget\" data-widget_type=\"heading.default\">\n\t\t\t\t<div class=\"elementor-widget-container\">\n\t\t\t<style>\/*! elementor - v3.13.3 - 28-05-2023 *\/\n.elementor-heading-title{padding:0;margin:0;line-height:1}.elementor-widget-heading .elementor-heading-title[class*=elementor-size-]>a{color:inherit;font-size:inherit;line-height:inherit}.elementor-widget-heading .elementor-heading-title.elementor-size-small{font-size:15px}.elementor-widget-heading .elementor-heading-title.elementor-size-medium{font-size:19px}.elementor-widget-heading .elementor-heading-title.elementor-size-large{font-size:29px}.elementor-widget-heading .elementor-heading-title.elementor-size-xl{font-size:39px}.elementor-widget-heading .elementor-heading-title.elementor-size-xxl{font-size:59px}<\/style><h2 class=\"elementor-heading-title elementor-size-default\">Notre \u00e9quipe<\/h2>\t\t<\/div>\n\t\t\t\t<\/div>\n\t\t\t\t\t<\/div>\n\t\t\t\t<\/div>\n\t\t<div class=\"elementor-element elementor-element-5ed302e e-con-boxed e-flex e-con\" data-id=\"5ed302e\" data-element_type=\"container\" data-settings=\"{&quot;content_width&quot;:&quot;boxed&quot;}\">\n\t\t\t\t\t<div class=\"e-con-inner\">\n\t\t\t\t<div class=\"elementor-element elementor-element-cb2c8d0 elementor-widget elementor-widget-text-editor\" data-id=\"cb2c8d0\" data-element_type=\"widget\" data-widget_type=\"text-editor.default\">\n\t\t\t\t<div class=\"elementor-widget-container\">\n\t\t\t<style>\/*! elementor - v3.13.3 - 28-05-2023 *\/\n.elementor-widget-text-editor.elementor-drop-cap-view-stacked .elementor-drop-cap{background-color:#69727d;color:#fff}.elementor-widget-text-editor.elementor-drop-cap-view-framed .elementor-drop-cap{color:#69727d;border:3px solid;background-color:transparent}.elementor-widget-text-editor:not(.elementor-drop-cap-view-default) .elementor-drop-cap{margin-top:8px}.elementor-widget-text-editor:not(.elementor-drop-cap-view-default) .elementor-drop-cap-letter{width:1em;height:1em}.elementor-widget-text-editor .elementor-drop-cap{float:left;text-align:center;line-height:1;font-size:50px}.elementor-widget-text-editor .elementor-drop-cap-letter{display:inline-block}<\/style>\t\t\t\t<p>Du propri\u00e9taire de Stars Desert Tours &amp; Travel, \u00e0 tous les employ\u00e9s de tous les d\u00e9partements, y compris ceux sur le terrain dans tous les gouvernorats, nous croyons en l'importance du travail d'\u00e9quipe dans notre entreprise, ce qui se refl\u00e8te \u00e0 son tour dans la gestion r\u00e9ussie des voyages.<\/p><p><span style=\"color: var( --e-global-color-text ); font-family: var( --e-global-typography-text-font-family ), Sans-serif; font-weight: var( --e-global-typography-text-font-weight ); text-align: var(--text-align);\">Nous travaillons en \u00e9quipe pour offrir aux clients un voyage unique grav\u00e9 dans leur m\u00e9moire pour toujours.<\/span><\/p><p>Nous avons une confiance totale en notre \u00e9quipe et en ses capacit\u00e9s.<\/p><p>Notre \u00e9quipe travaille ensemble pour atteindre son objectif principal, qui est de cr\u00e9er un souvenir inoubliable pour les voyageurs \u00e0 travers leurs exp\u00e9riences exceptionnelles en Jordanie.<\/p>\t\t\t\t\t\t<\/div>\n\t\t\t\t<\/div>\n\t\t\t\t\t<\/div>\n\t\t\t\t<\/div>\n\t\t<div class=\"elementor-element elementor-element-6b3aecc e-con-boxed e-flex e-con\" data-id=\"6b3aecc\" data-element_type=\"container\" data-settings=\"{&quot;content_width&quot;:&quot;boxed&quot;}\">\n\t\t\t\t\t<div class=\"e-con-inner\">\n\t\t\t\t<div class=\"elementor-element elementor-element-479b408 elementor-widget elementor-widget-html\" data-id=\"479b408\" data-element_type=\"widget\" data-widget_type=\"html.default\">\n\t\t\t\t<div class=\"elementor-widget-container\">\n\t\t\t<script src=\"https:\/\/cdn.lordicon.com\/lordicon.js\"><\/script>\r\n<lord-icon\r\n    src=\"https:\/\/cdn.lordicon.com\/egmlnyku.json\"\r\n    trigger=\"loop\"\r\n    delay=\"2000\"\r\n    colors=\"primary:#f4c89c,secondary:#faddd1,tertiary:#d1faf0,quaternary:#ebe6ef\"\r\n    style=\"width:150px;height:150px\">\r\n<\/lord-icon>\t\t<\/div>\n\t\t\t\t<\/div>\n\t\t\t\t\t<\/div>\n\t\t\t\t<\/div>\n\t\t\t\t\t\t\t<\/div>","protected":false},"excerpt":{"rendered":"<p>Notre \u00e9quipe Du propri\u00e9taire \u00e0 tous les employ\u00e9s de tous les d\u00e9partements, y compris ceux sur le terrain dans toutes les provinces, nous croyons en l&#039;importance du travail d&#039;\u00e9quipe dans notre entreprise, ce qui se refl\u00e8te \u00e0 son tour dans la gestion r\u00e9ussie des voyages. Nous travaillons en \u00e9quipe pour offrir aux clients un voyage unique grav\u00e9 dans leurs m\u00e9moires [\u2026]<\/p>","protected":false},"author":1,"featured_media":11312,"parent":0,"menu_order":0,"comment_status":"closed","ping_status":"closed","template":"template-blank.php","meta":{"footnotes":""},"class_list":["post-11018","page","type-page","status-publish","has-post-thumbnail","hentry"],"_links":{"self":[{"href":"https:\/\/starsdesert.com\/fr\/wp-json\/wp\/v2\/pages\/11018","targetHints":{"allow":["GET"]}}],"collection":[{"href":"https:\/\/starsdesert.com\/fr\/wp-json\/wp\/v2\/pages"}],"about":[{"href":"https:\/\/starsdesert.com\/fr\/wp-json\/wp\/v2\/types\/page"}],"author":[{"embeddable":true,"href":"https:\/\/starsdesert.com\/fr\/wp-json\/wp\/v2\/users\/1"}],"replies":[{"embeddable":true,"href":"https:\/\/starsdesert.com\/fr\/wp-json\/wp\/v2\/comments?post=11018"}],"version-history":[{"count":72,"href":"https:\/\/starsdesert.com\/fr\/wp-json\/wp\/v2\/pages\/11018\/revisions"}],"predecessor-version":[{"id":11313,"href":"https:\/\/starsdesert.com\/fr\/wp-json\/wp\/v2\/pages\/11018\/revisions\/11313"}],"wp:featuredmedia":[{"embeddable":true,"href":"https:\/\/starsdesert.com\/fr\/wp-json\/wp\/v2\/media\/11312"}],"wp:attachment":[{"href":"https:\/\/starsdesert.com\/fr\/wp-json\/wp\/v2\/media?parent=11018"}],"curies":[{"name":"wp","href":"https:\/\/api.w.org\/{rel}","templated":true}]}}