{"id":10288,"date":"2023-03-26T12:25:26","date_gmt":"2023-03-26T12:25:26","guid":{"rendered":"https:\/\/test2.starsdesert.com\/?page_id=10288"},"modified":"2024-06-30T12:42:36","modified_gmt":"2024-06-30T12:42:36","slug":"our-vision","status":"publish","type":"page","link":"https:\/\/starsdesert.com\/fr\/our-vision\/","title":{"rendered":"Notre vision"},"content":{"rendered":"<div data-elementor-type=\"wp-page\" data-elementor-id=\"10288\" class=\"elementor elementor-10288\">\n\t\t\t\t\t\t\t<div class=\"elementor-element elementor-element-504b2b3 e-con-boxed e-flex e-con\" data-id=\"504b2b3\" data-element_type=\"container\" data-settings=\"{&quot;content_width&quot;:&quot;boxed&quot;}\">\n\t\t\t\t\t<div class=\"e-con-inner\">\n\t\t\t\t<div class=\"elementor-element elementor-element-e3903ba elementor-widget elementor-widget-heading\" data-id=\"e3903ba\" data-element_type=\"widget\" data-widget_type=\"heading.default\">\n\t\t\t\t<div class=\"elementor-widget-container\">\n\t\t\t<style>\/*! elementor - v3.13.3 - 28-05-2023 *\/\n.elementor-heading-title{padding:0;margin:0;line-height:1}.elementor-widget-heading .elementor-heading-title[class*=elementor-size-]>a{color:inherit;font-size:inherit;line-height:inherit}.elementor-widget-heading .elementor-heading-title.elementor-size-small{font-size:15px}.elementor-widget-heading .elementor-heading-title.elementor-size-medium{font-size:19px}.elementor-widget-heading .elementor-heading-title.elementor-size-large{font-size:29px}.elementor-widget-heading .elementor-heading-title.elementor-size-xl{font-size:39px}.elementor-widget-heading .elementor-heading-title.elementor-size-xxl{font-size:59px}<\/style><h2 class=\"elementor-heading-title elementor-size-default\">Notre vision<\/h2>\t\t<\/div>\n\t\t\t\t<\/div>\n\t\t\t\t<div class=\"elementor-element elementor-element-7f85c59 elementor-widget elementor-widget-text-editor\" data-id=\"7f85c59\" data-element_type=\"widget\" data-widget_type=\"text-editor.default\">\n\t\t\t\t<div class=\"elementor-widget-container\">\n\t\t\t<style>\/*! elementor - v3.13.3 - 28-05-2023 *\/\n.elementor-widget-text-editor.elementor-drop-cap-view-stacked .elementor-drop-cap{background-color:#69727d;color:#fff}.elementor-widget-text-editor.elementor-drop-cap-view-framed .elementor-drop-cap{color:#69727d;border:3px solid;background-color:transparent}.elementor-widget-text-editor:not(.elementor-drop-cap-view-default) .elementor-drop-cap{margin-top:8px}.elementor-widget-text-editor:not(.elementor-drop-cap-view-default) .elementor-drop-cap-letter{width:1em;height:1em}.elementor-widget-text-editor .elementor-drop-cap{float:left;text-align:center;line-height:1;font-size:50px}.elementor-widget-text-editor .elementor-drop-cap-letter{display:inline-block}<\/style>\t\t\t\t<p>Stars Desert Tours &amp; Travel aspirent \u00e0 transformer le tourisme en priorisant la durabilit\u00e9 \u00e0 travers les dimensions sociale, \u00e9conomique et environnementale. &nbsp;<\/p>\n<p><strong>Dans le domaine social, nous sommes engag\u00e9s \u00e0 :<\/strong><\/p>\n<ol>\n<li>Aider les communaut\u00e9s locales en Jordanie en facilitant les communications entre les voyageurs et les habitants locaux, en favorisant la compr\u00e9hension interculturelle et en soutenant les initiatives qui pr\u00e9servent l'environnement.<\/li>\n<li>Lutter contre le travail des enfants et promouvoir l'\u00e9ducation. Nous imposons \u00e0 nos employ\u00e9s dans les zones recul\u00e9es d'inscrire leurs enfants \u00e0 l'\u00e9cole et conseillons \u00e0 nos clients de ne pas acheter de produits aux enfants.<\/li>\n<li>Promouvoir l'\u00e9ducation des filles. Nous soutenons les \u00e9coles de filles et offrons des opportunit\u00e9s \u00e9ducatives, contribuant ainsi \u00e0 la promotion de l'\u00e9galit\u00e9 et de l'autonomisation dans la soci\u00e9t\u00e9.<\/li>\n<\/ol>\n<p><strong>Dans le domaine \u00e9conomique, nous nous engageons \u00e0 :<\/strong><\/p>\n<ol>\n<li>Combattre le ch\u00f4mage en embauchant autant de jeunes \u00e2g\u00e9s de 21 \u00e0 25 ans que possible, dans le but d'atteindre un revenu durable qui am\u00e9liore le niveau de vie.<\/li>\n<li>S\u00e9lectionner des jeunes francophones et leur fournir des formations pour les habiliter \u00e0 travailler en tant que guides touristiques, comme Moatasem Al-Abbadi, Abed Alhamid Abu Al-Hijaa, Malek Al-Hamoud et Eman Arabati.<\/li>\n<li>Cr\u00e9er des opportunit\u00e9s d&#039;emploi pour ceux qui ont besoin d&#039;am\u00e9liorer leurs comp\u00e9tences en fran\u00e7ais en les embauchant comme chauffeurs au sein de la Ramallah Mountains Tourist Transport Company, une soci\u00e9t\u00e9 alli\u00e9e, telle que Khalid Sakhaina, Mohammed Assi et Sohaib Al-Halahlah. Par exemple, Sohaib travaille pour notre entreprise tout en \u00e9tant encore \u00e9tudiant \u00e0 l\u2019universit\u00e9.<\/li>\n<li>Soutenir les communaut\u00e9s dans Les r\u00e9gions \u00e9loign\u00e9es en les formant \u00e0 engager avec les touristes et \u00e0 fournir des services locaux, notamment la cuisine, l'h\u00e9bergement et le guidage touristique b\u00e9douin.<\/li>\n<li>La concentration sur le soutien des femmes jordaniennes en finan\u00e7ant des associations dans diff\u00e9rentes r\u00e9gions comme Jerash, Amman et Aqaba, qui proposent une cuisine traditionnelle et promeuvent les produits locaux.<\/li>\n<\/ol>\n<p><strong>Dans le domaine environnemental, nous nous engageons \u00e0 :<\/strong><\/p>\n<ol>\n<li>fournir de l'eau potable en bidon pour r\u00e9duire l'utilisation de plastique.<\/li>\n<li>Utiliser l'\u00e9nergie solaire pour g\u00e9n\u00e9rer de l'\u00e9lectricit\u00e9.<\/li>\n<li>\u00c0 Wadi Rum nous apportons du bois de chauffage de sources durables en dehors du d\u00e9sert pour pr\u00e9server la v\u00e9g\u00e9tation.<\/li>\n<li>Dans nos programmes touristiques, nous encourageons la marche \u00e0 longue distance ; pour r\u00e9duire l'utilisation des v\u00e9hicules.<\/li>\n<li>Utiliser des v\u00e9hicules hybrides pour r\u00e9duire les \u00e9missions nocives.<\/li>\n<\/ol>\n<p>En conclusion, le premier et dernier objectif de Stars Desert Tours &amp; Travel est de se concentrer sur le tourisme durable, b\u00e9n\u00e9ficiant aux personnes, aux communaut\u00e9s et \u00e0 l'environnement.<\/p>\t\t\t\t\t\t<\/div>\n\t\t\t\t<\/div>\n\t\t\t\t\t<\/div>\n\t\t\t\t<\/div>\n\t\t\t\t\t\t\t<\/div>","protected":false},"excerpt":{"rendered":"<p>Our Vision Stars Desert Tours &amp; Travel aims to change tourism by prioritizing sustainability across social, economic, and environmental aspects. &nbsp; In the social aspect, we are dedicated to: Assisting local communities in Jordan by facilitating communications between travelers and locals, fostering cross-cultural understanding, and supporting initiatives that safeguard the environment. Combating child labor and [&hellip;]<\/p>","protected":false},"author":1,"featured_media":10229,"parent":0,"menu_order":0,"comment_status":"closed","ping_status":"closed","template":"template-fullwidth.php","meta":{"footnotes":""},"class_list":["post-10288","page","type-page","status-publish","has-post-thumbnail","hentry"],"_links":{"self":[{"href":"https:\/\/starsdesert.com\/fr\/wp-json\/wp\/v2\/pages\/10288","targetHints":{"allow":["GET"]}}],"collection":[{"href":"https:\/\/starsdesert.com\/fr\/wp-json\/wp\/v2\/pages"}],"about":[{"href":"https:\/\/starsdesert.com\/fr\/wp-json\/wp\/v2\/types\/page"}],"author":[{"embeddable":true,"href":"https:\/\/starsdesert.com\/fr\/wp-json\/wp\/v2\/users\/1"}],"replies":[{"embeddable":true,"href":"https:\/\/starsdesert.com\/fr\/wp-json\/wp\/v2\/comments?post=10288"}],"version-history":[{"count":17,"href":"https:\/\/starsdesert.com\/fr\/wp-json\/wp\/v2\/pages\/10288\/revisions"}],"predecessor-version":[{"id":11249,"href":"https:\/\/starsdesert.com\/fr\/wp-json\/wp\/v2\/pages\/10288\/revisions\/11249"}],"wp:featuredmedia":[{"embeddable":true,"href":"https:\/\/starsdesert.com\/fr\/wp-json\/wp\/v2\/media\/10229"}],"wp:attachment":[{"href":"https:\/\/starsdesert.com\/fr\/wp-json\/wp\/v2\/media?parent=10288"}],"curies":[{"name":"wp","href":"https:\/\/api.w.org\/{rel}","templated":true}]}}