{"id":10279,"date":"2023-03-26T12:00:11","date_gmt":"2023-03-26T12:00:11","guid":{"rendered":"https:\/\/test2.starsdesert.com\/?page_id=10279"},"modified":"2024-11-06T09:30:59","modified_gmt":"2024-11-06T09:30:59","slug":"our-mission","status":"publish","type":"page","link":"https:\/\/starsdesert.com\/fr\/our-mission\/","title":{"rendered":"Notre mission"},"content":{"rendered":"<div data-elementor-type=\"wp-page\" data-elementor-id=\"10279\" class=\"elementor elementor-10279\">\n\t\t\t\t\t\t\t<div class=\"elementor-element elementor-element-2b9e520 e-con-boxed e-flex e-con\" data-id=\"2b9e520\" data-element_type=\"container\" data-settings=\"{&quot;content_width&quot;:&quot;boxed&quot;}\">\n\t\t\t\t\t<div class=\"e-con-inner\">\n\t\t\t\t<div class=\"elementor-element elementor-element-c6b245f elementor-widget elementor-widget-heading\" data-id=\"c6b245f\" data-element_type=\"widget\" data-widget_type=\"heading.default\">\n\t\t\t\t<div class=\"elementor-widget-container\">\n\t\t\t<style>\/*! elementor - v3.13.3 - 28-05-2023 *\/\n.elementor-heading-title{padding:0;margin:0;line-height:1}.elementor-widget-heading .elementor-heading-title[class*=elementor-size-]>a{color:inherit;font-size:inherit;line-height:inherit}.elementor-widget-heading .elementor-heading-title.elementor-size-small{font-size:15px}.elementor-widget-heading .elementor-heading-title.elementor-size-medium{font-size:19px}.elementor-widget-heading .elementor-heading-title.elementor-size-large{font-size:29px}.elementor-widget-heading .elementor-heading-title.elementor-size-xl{font-size:39px}.elementor-widget-heading .elementor-heading-title.elementor-size-xxl{font-size:59px}<\/style><h2 class=\"elementor-heading-title elementor-size-default\">Notre mission<\/h2>\t\t<\/div>\n\t\t\t\t<\/div>\n\t\t\t\t<div class=\"elementor-element elementor-element-0dfd77c elementor-widget elementor-widget-text-editor\" data-id=\"0dfd77c\" data-element_type=\"widget\" data-widget_type=\"text-editor.default\">\n\t\t\t\t<div class=\"elementor-widget-container\">\n\t\t\t<style>\/*! elementor - v3.13.3 - 28-05-2023 *\/\n.elementor-widget-text-editor.elementor-drop-cap-view-stacked .elementor-drop-cap{background-color:#69727d;color:#fff}.elementor-widget-text-editor.elementor-drop-cap-view-framed .elementor-drop-cap{color:#69727d;border:3px solid;background-color:transparent}.elementor-widget-text-editor:not(.elementor-drop-cap-view-default) .elementor-drop-cap{margin-top:8px}.elementor-widget-text-editor:not(.elementor-drop-cap-view-default) .elementor-drop-cap-letter{width:1em;height:1em}.elementor-widget-text-editor .elementor-drop-cap{float:left;text-align:center;line-height:1;font-size:50px}.elementor-widget-text-editor .elementor-drop-cap-letter{display:inline-block}<\/style>\t\t\t\t<p>Chez Stars Desert, nous avons une grande exp\u00e9rience dans le tourisme d'aventure, le tourisme individuel et l'\u00e9cotourisme. Depuis 15 ans, nous avons accueilli des milliers de touristes de diff\u00e9rentes cultures, notamment du march\u00e9 fran\u00e7ais, et avons entretenu des relations avec eux pour promouvoir des pratiques durables dans tout le royaume hach\u00e9mite.<\/p><p><span style=\"color: var( --e-global-color-text ); font-family: var( --e-global-typography-text-font-family ), Sans-serif; font-weight: var( --e-global-typography-text-font-weight ); text-align: var(--text-align);\">Stars Desert est une agence qui croit en l'investissement dans les ressources humaines. C\u2019est pourquoi nous avons construit une \u00e9quipe issue des communaut\u00e9s locales dans toutes les r\u00e9gions o\u00f9 nous op\u00e9rons. Nous leur fournissons les comp\u00e9tences n\u00e9cessaires pour travailler avec nos invit\u00e9s tout en respectant la culture locale et le patrimoine. Nous proposons des exp\u00e9riences adapt\u00e9es \u00e0 diff\u00e9rents niveaux, avec des guides capables de r\u00e9pondre \u00e0 des demandes vari\u00e9es.<\/span><\/p><p><span style=\"color: var( --e-global-color-text ); font-family: var( --e-global-typography-text-font-family ), Sans-serif; font-weight: var( --e-global-typography-text-font-weight ); text-align: var(--text-align);\">Concernant le tourisme individuel, Stars Desert a investi dans la cr\u00e9ation d\u2019une \u00e9quipe compl\u00e8te, capable de r\u00e9pondre aux demandes diverses de nos invit\u00e9s avec une grande comp\u00e9tence. Cela inclut la cr\u00e9ation d'une agence de transport, Ramallah Mountains, avec une flotte de v\u00e9hicules hybrides. Depuis sa cr\u00e9ation, nous avons \u0153uvr\u00e9 \u00e0 la formation d\u2019une \u00e9quipe de chauffeurs certifi\u00e9s par des universit\u00e9s, parlant des langues comme le fran\u00e7ais, l\u2019italien et l\u2019anglais, et leur avons transmis les comp\u00e9tences n\u00e9cessaires pour repr\u00e9senter la Jordanie de mani\u00e8re professionnelle et accueillante.<\/span><\/p>\t\t\t\t\t\t<\/div>\n\t\t\t\t<\/div>\n\t\t\t\t\t<\/div>\n\t\t\t\t<\/div>\n\t\t<div class=\"elementor-element elementor-element-645e81a e-con-boxed e-flex e-con\" data-id=\"645e81a\" data-element_type=\"container\" data-settings=\"{&quot;content_width&quot;:&quot;boxed&quot;}\">\n\t\t\t\t\t<div class=\"e-con-inner\">\n\t\t\t\t<div class=\"elementor-element elementor-element-b0eea36 elementor-widget elementor-widget-html\" data-id=\"b0eea36\" data-element_type=\"widget\" data-widget_type=\"html.default\">\n\t\t\t\t<div class=\"elementor-widget-container\">\n\t\t\t<script src=\"https:\/\/cdn.lordicon.com\/lordicon.js\"><\/script>\r\n<lord-icon\r\n    src=\"https:\/\/cdn.lordicon.com\/vhyuhmbl.json\"\r\n    trigger=\"loop\"\r\n    delay=\"2000\"\r\n    style=\"width:150px;height:150px\">\r\n<\/lord-icon>\t\t<\/div>\n\t\t\t\t<\/div>\n\t\t\t\t\t<\/div>\n\t\t\t\t<\/div>\n\t\t\t\t\t\t\t<\/div>","protected":false},"excerpt":{"rendered":"<p>Our Mission At Stars Desert, we have extensive experience in adventure tourism, individual tourism, and eco-tourism. For over 15 years, we have welcomed thousands of tourists from different cultures, particularly from the French market, and have interacted with them to promote sustainable practices across Jordan. Stars Desert is an agency that believes in investing in [&hellip;]<\/p>","protected":false},"author":1,"featured_media":10281,"parent":0,"menu_order":0,"comment_status":"closed","ping_status":"closed","template":"template-fullwidth.php","meta":{"footnotes":""},"class_list":["post-10279","page","type-page","status-publish","has-post-thumbnail","hentry"],"_links":{"self":[{"href":"https:\/\/starsdesert.com\/fr\/wp-json\/wp\/v2\/pages\/10279","targetHints":{"allow":["GET"]}}],"collection":[{"href":"https:\/\/starsdesert.com\/fr\/wp-json\/wp\/v2\/pages"}],"about":[{"href":"https:\/\/starsdesert.com\/fr\/wp-json\/wp\/v2\/types\/page"}],"author":[{"embeddable":true,"href":"https:\/\/starsdesert.com\/fr\/wp-json\/wp\/v2\/users\/1"}],"replies":[{"embeddable":true,"href":"https:\/\/starsdesert.com\/fr\/wp-json\/wp\/v2\/comments?post=10279"}],"version-history":[{"count":29,"href":"https:\/\/starsdesert.com\/fr\/wp-json\/wp\/v2\/pages\/10279\/revisions"}],"predecessor-version":[{"id":11316,"href":"https:\/\/starsdesert.com\/fr\/wp-json\/wp\/v2\/pages\/10279\/revisions\/11316"}],"wp:featuredmedia":[{"embeddable":true,"href":"https:\/\/starsdesert.com\/fr\/wp-json\/wp\/v2\/media\/10281"}],"wp:attachment":[{"href":"https:\/\/starsdesert.com\/fr\/wp-json\/wp\/v2\/media?parent=10279"}],"curies":[{"name":"wp","href":"https:\/\/api.w.org\/{rel}","templated":true}]}}