{"id":10972,"date":"2023-09-05T09:23:00","date_gmt":"2023-09-05T09:23:00","guid":{"rendered":"https:\/\/starsdesert.com\/?post_type=product&#038;p=10972"},"modified":"2023-09-05T09:24:15","modified_gmt":"2023-09-05T09:24:15","slug":"ariane-trigo","status":"publish","type":"product","link":"https:\/\/starsdesert.com\/es\/producto\/ariane-trigo\/","title":{"rendered":"Ariane Trigo"},"content":{"rendered":"<p>Entonces todo el programa quedar\u00eda de la siguiente manera:<br \/>\nMartes 12 de septiembre:<br \/>\n\u2013 Temprano por la tarde: traslado de 6 personas desde Petra hasta Kempinsky Mar Muerto.<br \/>\n\u2013 A \u00faltima hora de la tarde: traslado de 2 personas al Aeropuerto.<br \/>\nMi\u00e9rcoles 13 de septiembre:<br \/>\n\u2013 Media ma\u00f1ana: traslado de 4 personas desde Kempinsky Mar Muerto a Jerash.<br \/>\n\u2013 Tarde (despu\u00e9s de la visita de Jerash): traslado al hotel Amman (por determinar) donde bajar\u00e1n 2 personas y luego continuar\u00e1n con 2 personas hasta el aeropuerto para tomar un vuelo a las 8:00 p.m.<br \/>\nJueves 14 de septiembre:<br \/>\n\u2013 Ma\u00f1ana: recoger a 2 personas en el hotel Amman y dejarlas en el aeropuerto para tomar el vuelo a las 12:00 p.m.<\/p>","protected":false},"excerpt":{"rendered":"<p>So the whole program would be as follows: Tuesday September 12: &#8211; Early afternoon: transfer of 6 people from Petra to Kempinsky Dead Sea. &#8211; Late afternoon: transfer of 2 people to the Airport. Wednesday September 13: &#8211; Mid morning: transfer of 4 people from Kempinsky Dead Sea to Jerash. &#8211; Afternoon (after visit of [&hellip;]<\/p>","protected":false},"featured_media":10184,"comment_status":"closed","ping_status":"closed","template":"","meta":[],"product_cat":[77],"product_tag":[],"class_list":["post-10972","product","type-product","status-publish","has-post-thumbnail","hentry","product_cat-uncategorized"],"_links":{"self":[{"href":"https:\/\/starsdesert.com\/es\/wp-json\/wp\/v2\/product\/10972","targetHints":{"allow":["GET"]}}],"collection":[{"href":"https:\/\/starsdesert.com\/es\/wp-json\/wp\/v2\/product"}],"about":[{"href":"https:\/\/starsdesert.com\/es\/wp-json\/wp\/v2\/types\/product"}],"replies":[{"embeddable":true,"href":"https:\/\/starsdesert.com\/es\/wp-json\/wp\/v2\/comments?post=10972"}],"wp:featuredmedia":[{"embeddable":true,"href":"https:\/\/starsdesert.com\/es\/wp-json\/wp\/v2\/media\/10184"}],"wp:attachment":[{"href":"https:\/\/starsdesert.com\/es\/wp-json\/wp\/v2\/media?parent=10972"}],"wp:term":[{"taxonomy":"product_cat","embeddable":true,"href":"https:\/\/starsdesert.com\/es\/wp-json\/wp\/v2\/product_cat?post=10972"},{"taxonomy":"product_tag","embeddable":true,"href":"https:\/\/starsdesert.com\/es\/wp-json\/wp\/v2\/product_tag?post=10972"}],"curies":[{"name":"wp","href":"https:\/\/api.w.org\/{rel}","templated":true}]}}