{"id":8028,"date":"2018-12-10T03:06:47","date_gmt":"2018-12-10T03:06:47","guid":{"rendered":"http:\/\/travelhotel.wpengine.com\/?page_id=8028"},"modified":"2024-07-03T08:27:03","modified_gmt":"2024-07-03T08:27:03","slug":"about-us","status":"publish","type":"page","link":"https:\/\/starsdesert.com\/es\/about-us\/","title":{"rendered":"Sobre nosotros"},"content":{"rendered":"<div data-elementor-type=\"wp-page\" data-elementor-id=\"8028\" class=\"elementor elementor-8028\">\n\t\t\t\t\t\t\t<div class=\"elementor-element elementor-element-8069f9a e-con-boxed e-flex e-con\" data-id=\"8069f9a\" data-element_type=\"container\" data-settings=\"{&quot;content_width&quot;:&quot;boxed&quot;}\">\n\t\t\t\t\t<div class=\"e-con-inner\">\n\t\t\t\t<div class=\"elementor-element elementor-element-4e149ab elementor-invisible elementor-widget elementor-widget-heading\" data-id=\"4e149ab\" data-element_type=\"widget\" data-settings=\"{&quot;_animation&quot;:&quot;fadeIn&quot;}\" data-widget_type=\"heading.default\">\n\t\t\t\t<div class=\"elementor-widget-container\">\n\t\t\t<style>\/*! elementor - v3.13.3 - 28-05-2023 *\/\n.elementor-heading-title{padding:0;margin:0;line-height:1}.elementor-widget-heading .elementor-heading-title[class*=elementor-size-]>a{color:inherit;font-size:inherit;line-height:inherit}.elementor-widget-heading .elementor-heading-title.elementor-size-small{font-size:15px}.elementor-widget-heading .elementor-heading-title.elementor-size-medium{font-size:19px}.elementor-widget-heading .elementor-heading-title.elementor-size-large{font-size:29px}.elementor-widget-heading .elementor-heading-title.elementor-size-xl{font-size:39px}.elementor-widget-heading .elementor-heading-title.elementor-size-xxl{font-size:59px}<\/style><h2 class=\"elementor-heading-title elementor-size-default\">Nuestra visi\u00f3n<\/h2>\t\t<\/div>\n\t\t\t\t<\/div>\n\t\t\t\t\t<\/div>\n\t\t\t\t<\/div>\n\t\t<div class=\"elementor-element elementor-element-a6ebabc e-con-boxed e-flex e-con\" data-id=\"a6ebabc\" data-element_type=\"container\" data-settings=\"{&quot;content_width&quot;:&quot;boxed&quot;}\">\n\t\t\t\t\t<div class=\"e-con-inner\">\n\t\t\t\t<div class=\"elementor-element elementor-element-ad1adf0 elementor-invisible elementor-widget elementor-widget-text-editor\" data-id=\"ad1adf0\" data-element_type=\"widget\" data-settings=\"{&quot;_animation&quot;:&quot;fadeIn&quot;}\" data-widget_type=\"text-editor.default\">\n\t\t\t\t<div class=\"elementor-widget-container\">\n\t\t\t<style>\/*! elementor - v3.13.3 - 28-05-2023 *\/\n.elementor-widget-text-editor.elementor-drop-cap-view-stacked .elementor-drop-cap{background-color:#69727d;color:#fff}.elementor-widget-text-editor.elementor-drop-cap-view-framed .elementor-drop-cap{color:#69727d;border:3px solid;background-color:transparent}.elementor-widget-text-editor:not(.elementor-drop-cap-view-default) .elementor-drop-cap{margin-top:8px}.elementor-widget-text-editor:not(.elementor-drop-cap-view-default) .elementor-drop-cap-letter{width:1em;height:1em}.elementor-widget-text-editor .elementor-drop-cap{float:left;text-align:center;line-height:1;font-size:50px}.elementor-widget-text-editor .elementor-drop-cap-letter{display:inline-block}<\/style>\t\t\t\t<p class=\"MsoNormal\">Stars Desert Tours &amp; Travel tiene como objetivo cambiar el turismo priorizando la sostenibilidad en los aspectos sociales, econ\u00f3micos y ambientales. &nbsp;<\/p>\n<p class=\"MsoNormal\">En el aspecto social, nos dedicamos a:<\/p>\n<p class=\"MsoNormal\">1. Ayudar a las comunidades locales en Jordania facilitando las comunicaciones entre viajeros y lugare\u00f1os, fomentando el entendimiento intercultural y apoyando iniciativas que salvaguarden el medio ambiente.<\/p>\n<p class=\"MsoNormal\">2. Combatir el trabajo infantil y promover la educaci\u00f3n. Exigimos a nuestros empleados en \u00e1reas remotas que inscriban a sus hijos en la escuela y aconsejamos a nuestros clientes que no compren productos de ni\u00f1os trabajadores.<\/p>\n<p class=\"MsoNormal\">3. Empoderar la educaci\u00f3n de las ni\u00f1as. Apoyamos las escuelas de ni\u00f1as y brindamos oportunidades educativas, contribuyendo as\u00ed a la promoci\u00f3n de la igualdad y el empoderamiento en la sociedad.<\/p>\n<p class=\"MsoNormal\">En el aspecto econ\u00f3mico, nos dedicamos a:<\/p>\n<p class=\"MsoNormal\">1. Luchar contra el desempleo; contratando al mayor n\u00famero posible de j\u00f3venes de entre 21 y 25 a\u00f1os, con el objetivo de lograr ingresos sostenibles que mejoren el nivel de vida.<\/p>\n<p class=\"MsoNormal\">2. Seleccionar j\u00f3venes de habla francesa y ofrecerles cursos de formaci\u00f3n que les permitan trabajar como gu\u00edas tur\u00edsticos, como Motasem Al-Abbadi, Abed Elhamid Abu Al-Hijaa, Malek Al-Hamoud y Eman Arabati.<\/p>\n<p class=\"MsoNormal\">3. Crear oportunidades laborales para quienes necesitan mejorar sus habilidades en el idioma franc\u00e9s contrat\u00e1ndolos como conductores en Ramallah Mountains Tourist Transport Company, una empresa aliada, como Khalid Sakhaina, Mohammed Assi y Sohaib Al-Halahlah. Por ejemplo, Sohaib trabaja en nuestra empresa siendo a\u00fan estudiante universitario.<\/p>\n<p class=\"MsoNormal\">4. Apoyar a las comunidades en \u00e1reas remotas capacit\u00e1ndolas para interactuar con los turistas y brindarles servicios locales, incluida la cocina, el alojamiento y la orientaci\u00f3n tur\u00edstica beduina.<\/p>\n<p class=\"MsoNormal\">5. Centrarse en apoyar a las mujeres jordanas financiando asociaciones en varias regiones como Jerash, Amman y Aqaba, que ofrecen cocina tradicional y promueven productos locales.<\/p>\n<p class=\"MsoNormal\">En el aspecto ambiental, nos dedicamos a:<\/p>\n<p class=\"MsoListParagraphCxSpFirst\" style=\"margin-left: .75in; mso-add-space: auto; text-indent: -.5in; mso-list: l0 level1 lfo1;\"><!-- [if !supportLists]-->1.<span style=\"font-variant-numeric: normal; font-variant-east-asian: normal; font-variant-alternates: normal; font-kerning: auto; font-optical-sizing: auto; font-feature-settings: normal; font-variation-settings: normal; font-variant-position: normal; font-stretch: normal; font-size: 7pt; line-height: normal; font-family: 'Times New Roman';\">&nbsp;&nbsp;&nbsp;&nbsp;&nbsp;&nbsp;&nbsp;&nbsp;&nbsp;&nbsp;&nbsp;&nbsp;&nbsp;&nbsp;&nbsp;&nbsp;&nbsp;&nbsp; <\/span><!--[endif]-->Proporcionar agua potable a trav\u00e9s de jarras grandes para reducir el uso de pl\u00e1stico<\/p>\n<p class=\"MsoListParagraphCxSpMiddle\" style=\"margin-left: .75in; mso-add-space: auto; text-indent: -.5in; mso-list: l0 level1 lfo1;\"><!-- [if !supportLists]-->2.<span style=\"font-variant-numeric: normal; font-variant-east-asian: normal; font-variant-alternates: normal; font-kerning: auto; font-optical-sizing: auto; font-feature-settings: normal; font-variation-settings: normal; font-variant-position: normal; font-stretch: normal; font-size: 7pt; line-height: normal; font-family: 'Times New Roman';\">&nbsp;&nbsp;&nbsp;&nbsp;&nbsp;&nbsp;&nbsp;&nbsp;&nbsp;&nbsp;&nbsp;&nbsp;&nbsp;&nbsp;&nbsp;&nbsp;&nbsp;&nbsp; <\/span><!--[endif]-->Utilizar energ\u00eda solar para generar electricidad.<\/p>\n<p class=\"MsoListParagraphCxSpMiddle\" style=\"margin-left: .75in; mso-add-space: auto; text-indent: -.5in; mso-list: l0 level1 lfo1;\"><!-- [if !supportLists]-->3.<span style=\"font-variant-numeric: normal; font-variant-east-asian: normal; font-variant-alternates: normal; font-kerning: auto; font-optical-sizing: auto; font-feature-settings: normal; font-variation-settings: normal; font-variant-position: normal; font-stretch: normal; font-size: 7pt; line-height: normal; font-family: 'Times New Roman';\">&nbsp;&nbsp;&nbsp;&nbsp;&nbsp;&nbsp;&nbsp;&nbsp;&nbsp;&nbsp;&nbsp;&nbsp;&nbsp;&nbsp;&nbsp;&nbsp;&nbsp;&nbsp; <\/span><!--[endif]-->En Wadi Rum traemos le\u00f1a de fuentes sostenibles fuera del desierto para preservar la cubierta vegetal.<\/p>\n<p class=\"MsoListParagraphCxSpMiddle\" style=\"margin-left: .75in; mso-add-space: auto; text-indent: -.5in; mso-list: l0 level1 lfo1;\"><!-- [if !supportLists]-->4.<span style=\"font-variant-numeric: normal; font-variant-east-asian: normal; font-variant-alternates: normal; font-kerning: auto; font-optical-sizing: auto; font-feature-settings: normal; font-variation-settings: normal; font-variant-position: normal; font-stretch: normal; font-size: 7pt; line-height: normal; font-family: 'Times New Roman';\">&nbsp;&nbsp;&nbsp;&nbsp;&nbsp;&nbsp;&nbsp;&nbsp;&nbsp;&nbsp;&nbsp;&nbsp;&nbsp;&nbsp;&nbsp;&nbsp;&nbsp;&nbsp; <\/span><!--[endif]-->En nuestros programas fomentamos las caminatas de larga distancia; para reducir el uso de veh\u00edculos.<\/p>\n<p class=\"MsoListParagraphCxSpLast\" style=\"margin-left: .75in; mso-add-space: auto; text-indent: -.5in; mso-list: l0 level1 lfo1;\"><!-- [if !supportLists]-->5.<span style=\"font-variant-numeric: normal; font-variant-east-asian: normal; font-variant-alternates: normal; font-kerning: auto; font-optical-sizing: auto; font-feature-settings: normal; font-variation-settings: normal; font-variant-position: normal; font-stretch: normal; font-size: 7pt; line-height: normal; font-family: 'Times New Roman';\">&nbsp;&nbsp;&nbsp;&nbsp;&nbsp;&nbsp;&nbsp;&nbsp;&nbsp;&nbsp;&nbsp;&nbsp;&nbsp;&nbsp;&nbsp;&nbsp;&nbsp;&nbsp; <\/span><!--[endif]-->Utilizar veh\u00edculos h\u00edbridos para reducir las emisiones nocivas.<\/p>\n<p class=\"MsoNormal\">\n<\/p>\n<div style=\"mso-element: para-border-div; border: none; border-bottom: solid windowtext 1.0pt; mso-border-bottom-alt: solid windowtext .75pt; padding: 0in 0in 1.0pt 0in;\">\n<p class=\"MsoNormal\" style=\"border: none; mso-border-bottom-alt: solid windowtext .75pt; padding: 0in; mso-padding-alt: 0in 0in 1.0pt 0in;\">En conclusi\u00f3n, Stars Desert Tours &amp; Travel est\u00e1 comprometido a hacer que el turismo sea sostenible, beneficiando a los clientes, las comunidades y el medio ambiente.<\/p>\n<\/div>\t\t\t\t\t\t<\/div>\n\t\t\t\t<\/div>\n\t\t\t\t<div class=\"elementor-element elementor-element-b7847fc elementor-invisible elementor-widget elementor-widget-text-editor\" data-id=\"b7847fc\" data-element_type=\"widget\" data-settings=\"{&quot;_animation&quot;:&quot;fadeIn&quot;}\" data-widget_type=\"text-editor.default\">\n\t\t\t\t<div class=\"elementor-widget-container\">\n\t\t\t\t\t\t\t<p class=\"MsoNormal\">Stars Desert Tours &amp; Travel tiene como objetivo cambiar el turismo priorizando la sostenibilidad en los aspectos sociales, econ\u00f3micos y ambientales. \u00a0<\/p><p class=\"MsoNormal\">En el aspecto social, nos dedicamos a:<\/p><p class=\"MsoNormal\">1. Ayudar a las comunidades locales en Jordania facilitando las comunicaciones entre viajeros y lugare\u00f1os, fomentando el entendimiento intercultural y apoyando iniciativas que salvaguarden el medio ambiente.<\/p><p class=\"MsoNormal\">2. Combatir el trabajo infantil y promover la educaci\u00f3n. Exigimos a nuestros empleados en \u00e1reas remotas que inscriban a sus hijos en la escuela y aconsejamos a nuestros clientes que no compren productos de ni\u00f1os trabajadores.<\/p><p class=\"MsoNormal\">3. Empoderar la educaci\u00f3n de las ni\u00f1as. Apoyamos las escuelas de ni\u00f1as y brindamos oportunidades educativas, contribuyendo as\u00ed a la promoci\u00f3n de la igualdad y el empoderamiento en la sociedad.<\/p><p class=\"MsoNormal\">En el aspecto econ\u00f3mico, nos dedicamos a:<\/p><p class=\"MsoNormal\">1. Luchar contra el desempleo; contratando al mayor n\u00famero posible de j\u00f3venes de entre 21 y 25 a\u00f1os, con el objetivo de lograr ingresos sostenibles que mejoren el nivel de vida.<\/p><p class=\"MsoNormal\">2. Seleccionar j\u00f3venes de habla francesa y ofrecerles cursos de formaci\u00f3n que les permitan trabajar como gu\u00edas tur\u00edsticos, como Motasem Al-Abbadi, Abed Elhamid Abu Al-Hijaa, Malek Al-Hamoud y Eman Arabati.<\/p><p class=\"MsoNormal\">3. Crear oportunidades laborales para quienes necesitan mejorar sus habilidades en el idioma franc\u00e9s contrat\u00e1ndolos como conductores en Ramallah Mountains Tourist Transport Company, una empresa aliada, como Khalid Sakhaina, Mohammed Assi y Sohaib Al-Halahlah. Por ejemplo, Sahib trabaja en nuestra empresa siendo a\u00fan estudiante universitario.<\/p><p class=\"MsoNormal\">4. Apoyar a las comunidades en \u00e1reas remotas capacit\u00e1ndolas para interactuar con los turistas y brindarles servicios locales, incluida la cocina, el alojamiento y la orientaci\u00f3n tur\u00edstica beduina.<\/p><p class=\"MsoNormal\">5. Centrarse en apoyar a las mujeres jordanas financiando asociaciones en varias regiones como Jerash, Amman y Aqaba, que ofrecen cocina tradicional y promueven productos locales.<\/p><p class=\"MsoNormal\">En el aspecto ambiental, nos dedicamos a:<\/p><p class=\"MsoListParagraphCxSpFirst\" style=\"margin-left: .75in; mso-add-space: auto; text-indent: -.5in; mso-list: l0 level1 lfo1;\"><!-- [if !supportLists]-->1.<span style=\"font-variant-numeric: normal; font-variant-east-asian: normal; font-variant-alternates: normal; font-kerning: auto; font-optical-sizing: auto; font-feature-settings: normal; font-variation-settings: normal; font-variant-position: normal; font-stretch: normal; font-size: 7pt; line-height: normal; font-family: 'Times New Roman';\">\u00a0\u00a0\u00a0\u00a0\u00a0\u00a0\u00a0\u00a0\u00a0\u00a0\u00a0\u00a0\u00a0\u00a0\u00a0\u00a0\u00a0\u00a0 <\/span><!--[endif]-->Proporcionar agua potable a trav\u00e9s de jarras grandes para reducir el uso de pl\u00e1stico<\/p><p class=\"MsoListParagraphCxSpMiddle\" style=\"margin-left: .75in; mso-add-space: auto; text-indent: -.5in; mso-list: l0 level1 lfo1;\"><!-- [if !supportLists]-->2.<span style=\"font-variant-numeric: normal; font-variant-east-asian: normal; font-variant-alternates: normal; font-kerning: auto; font-optical-sizing: auto; font-feature-settings: normal; font-variation-settings: normal; font-variant-position: normal; font-stretch: normal; font-size: 7pt; line-height: normal; font-family: 'Times New Roman';\">\u00a0\u00a0\u00a0\u00a0\u00a0\u00a0\u00a0\u00a0\u00a0\u00a0\u00a0\u00a0\u00a0\u00a0\u00a0\u00a0\u00a0\u00a0 <\/span><!--[endif]-->Utilizar energ\u00eda solar para generar electricidad.<\/p><p class=\"MsoListParagraphCxSpMiddle\" style=\"margin-left: .75in; mso-add-space: auto; text-indent: -.5in; mso-list: l0 level1 lfo1;\"><!-- [if !supportLists]-->3.<span style=\"font-variant-numeric: normal; font-variant-east-asian: normal; font-variant-alternates: normal; font-kerning: auto; font-optical-sizing: auto; font-feature-settings: normal; font-variation-settings: normal; font-variant-position: normal; font-stretch: normal; font-size: 7pt; line-height: normal; font-family: 'Times New Roman';\">\u00a0\u00a0\u00a0\u00a0\u00a0\u00a0\u00a0\u00a0\u00a0\u00a0\u00a0\u00a0\u00a0\u00a0\u00a0\u00a0\u00a0\u00a0 <\/span><!--[endif]-->En Wadi Rum traemos le\u00f1a de fuentes sostenibles fuera del desierto para preservar la cubierta vegetal.<\/p><p class=\"MsoListParagraphCxSpMiddle\" style=\"margin-left: .75in; mso-add-space: auto; text-indent: -.5in; mso-list: l0 level1 lfo1;\"><!-- [if !supportLists]-->4.<span style=\"font-variant-numeric: normal; font-variant-east-asian: normal; font-variant-alternates: normal; font-kerning: auto; font-optical-sizing: auto; font-feature-settings: normal; font-variation-settings: normal; font-variant-position: normal; font-stretch: normal; font-size: 7pt; line-height: normal; font-family: 'Times New Roman';\">\u00a0\u00a0\u00a0\u00a0\u00a0\u00a0\u00a0\u00a0\u00a0\u00a0\u00a0\u00a0\u00a0\u00a0\u00a0\u00a0\u00a0\u00a0 <\/span><!--[endif]-->En nuestros programas fomentamos las caminatas de larga distancia; para reducir el uso de veh\u00edculos.<\/p><p class=\"MsoListParagraphCxSpLast\" style=\"margin-left: .75in; mso-add-space: auto; text-indent: -.5in; mso-list: l0 level1 lfo1;\"><!-- [if !supportLists]-->5.<span style=\"font-variant-numeric: normal; font-variant-east-asian: normal; font-variant-alternates: normal; font-kerning: auto; font-optical-sizing: auto; font-feature-settings: normal; font-variation-settings: normal; font-variant-position: normal; font-stretch: normal; font-size: 7pt; line-height: normal; font-family: 'Times New Roman';\">\u00a0\u00a0\u00a0\u00a0\u00a0\u00a0\u00a0\u00a0\u00a0\u00a0\u00a0\u00a0\u00a0\u00a0\u00a0\u00a0\u00a0\u00a0 <\/span><!--[endif]-->Utilizar veh\u00edculos h\u00edbridos para reducir las emisiones nocivas.<\/p><p class=\"MsoNormal\">\u00a0<\/p><p>\u00a0<\/p><div style=\"mso-element: para-border-div; border: none; border-bottom: solid windowtext 1.0pt; mso-border-bottom-alt: solid windowtext .75pt; padding: 0in 0in 1.0pt 0in;\"><p class=\"MsoNormal\" style=\"border: none; mso-border-bottom-alt: solid windowtext .75pt; padding: 0in; mso-padding-alt: 0in 0in 1.0pt 0in;\">En conclusi\u00f3n, Stars Desert Tours &amp; Travel est\u00e1 comprometido a hacer que el turismo sea sostenible, beneficiando a los clientes, las comunidades y el medio ambiente.<\/p><\/div>\t\t\t\t\t\t<\/div>\n\t\t\t\t<\/div>\n\t\t\t\t\t<\/div>\n\t\t\t\t<\/div>\n\t\t<div class=\"elementor-element elementor-element-4806c63 e-con-boxed e-flex e-con\" data-id=\"4806c63\" data-element_type=\"container\" data-settings=\"{&quot;content_width&quot;:&quot;boxed&quot;}\">\n\t\t\t\t\t<div class=\"e-con-inner\">\n\t\t\t\t<div class=\"elementor-element elementor-element-d8e1051 elementor-invisible elementor-widget elementor-widget-heading\" data-id=\"d8e1051\" data-element_type=\"widget\" data-settings=\"{&quot;_animation&quot;:&quot;fadeIn&quot;}\" data-widget_type=\"heading.default\">\n\t\t\t\t<div class=\"elementor-widget-container\">\n\t\t\t<h2 class=\"elementor-heading-title elementor-size-default\">Nuestra misi\u00f3n<\/h2>\t\t<\/div>\n\t\t\t\t<\/div>\n\t\t\t\t\t<\/div>\n\t\t\t\t<\/div>\n\t\t<div class=\"elementor-element elementor-element-e72621b e-con-boxed e-flex e-con\" data-id=\"e72621b\" data-element_type=\"container\" data-settings=\"{&quot;content_width&quot;:&quot;boxed&quot;}\">\n\t\t\t\t\t<div class=\"e-con-inner\">\n\t\t\t\t<div class=\"elementor-element elementor-element-0082e5a elementor-invisible elementor-widget elementor-widget-text-editor\" data-id=\"0082e5a\" data-element_type=\"widget\" data-settings=\"{&quot;_animation&quot;:&quot;fadeIn&quot;}\" data-widget_type=\"text-editor.default\">\n\t\t\t\t<div class=\"elementor-widget-container\">\n\t\t\t\t\t\t\t<p class=\"MsoNormal\">Stars Desert Tours &amp; Travel combina la experiencia de profesionales experimentados con las ideas innovadoras de talentos emergentes para crear experiencias de viaje incomparables. Estamos dedicados a brindar servicios excepcionales a precios competitivos mientras invertimos continuamente en nuestra infraestructura. Nuestras alianzas estrat\u00e9gicas con socios estimados, como la Compa\u00f1\u00eda de Transporte Tur\u00edstico de las Monta\u00f1as de Ramallah, nos permiten ofrecer un servicio superior a trav\u00e9s de veh\u00edculos h\u00edbridos respetuosos con el medio ambiente y conductores multiling\u00fces capacitados.&nbsp;<\/p><p class=\"MsoNormal\">Nuestra misi\u00f3n es revolucionar la industria de viajes brindando viajes inolvidables que prioricen el bienestar de nuestros clientes, las comunidades con las que interactuamos y el medio ambiente. En Stars Desert Tours &amp; Travel, estamos comprometidos con las pr\u00e1cticas sustentables y el turismo responsable, asegurando que cada aventura que creamos deje un impacto positivo en el mundo.<\/p>\t\t\t\t\t\t<\/div>\n\t\t\t\t<\/div>\n\t\t\t\t\t<\/div>\n\t\t\t\t<\/div>\n\t\t<div class=\"elementor-element elementor-element-b4cfd92 e-con-boxed e-flex e-con\" data-id=\"b4cfd92\" data-element_type=\"container\" data-settings=\"{&quot;content_width&quot;:&quot;boxed&quot;}\">\n\t\t\t\t\t<div class=\"e-con-inner\">\n\t\t\t\t<div class=\"elementor-element elementor-element-ea253de elementor-invisible elementor-widget elementor-widget-heading\" data-id=\"ea253de\" data-element_type=\"widget\" data-settings=\"{&quot;_animation&quot;:&quot;fadeIn&quot;}\" data-widget_type=\"heading.default\">\n\t\t\t\t<div class=\"elementor-widget-container\">\n\t\t\t<h2 class=\"elementor-heading-title elementor-size-default\">Nuestro equipo<\/h2>\t\t<\/div>\n\t\t\t\t<\/div>\n\t\t\t\t\t<\/div>\n\t\t\t\t<\/div>\n\t\t<div class=\"elementor-element elementor-element-fb1ccee e-con-boxed e-flex e-con\" data-id=\"fb1ccee\" data-element_type=\"container\" data-settings=\"{&quot;content_width&quot;:&quot;boxed&quot;}\">\n\t\t\t\t\t<div class=\"e-con-inner\">\n\t\t\t\t<div class=\"elementor-element elementor-element-df8e72a elementor-invisible elementor-widget elementor-widget-text-editor\" data-id=\"df8e72a\" data-element_type=\"widget\" data-settings=\"{&quot;_animation&quot;:&quot;fadeIn&quot;}\" data-widget_type=\"text-editor.default\">\n\t\t\t\t<div class=\"elementor-widget-container\">\n\t\t\t\t\t\t\t<p class=\"MsoNormal\"><span style=\"font-size: 12pt; line-height: 115%; font-family: georgia, palatino, serif;\">Desde el propietario hasta todos los empleados de todos los departamentos, incluidos los que trabajan sobre el terreno en todas las provincias, creemos en la importancia del trabajo en equipo en nuestra empresa, lo que a su vez se refleja en la gesti\u00f3n exitosa de los viajes.<\/span><\/p><p class=\"MsoNormal\"><span style=\"font-family: georgia, palatino, serif; font-size: 12pt; color: var( --e-global-color-text ); font-weight: var( --e-global-typography-text-font-weight ); text-align: var(--text-align);\">Trabajamos en equipo para brindar a los clientes un viaje \u00fanico grabado en\u00a0<\/span><span style=\"font-family: georgia, palatino, serif; font-size: 12pt; color: var( --e-global-color-text ); font-weight: var( --e-global-typography-text-font-weight ); text-align: var(--text-align);\">sus recuerdos para siempre.<\/span><\/p><p class=\"MsoNormal\"><span style=\"font-size: 12pt; line-height: 115%; font-family: georgia, palatino, serif;\">Tenemos total confianza en nuestro equipo y sus capacidades.<\/span><\/p><p class=\"MsoNormal\"><span style=\"font-size: 12pt; line-height: 115%; font-family: georgia, palatino, serif;\">Nuestro equipo trabaja en conjunto para lograr su principal objetivo, que es crear un recuerdo inolvidable para los turistas en sus experiencias excepcionales en<br \/>Jord\u00e1n.<\/span><\/p>\t\t\t\t\t\t<\/div>\n\t\t\t\t<\/div>\n\t\t\t\t\t<\/div>\n\t\t\t\t<\/div>\n\t\t\t\t\t\t\t<\/div>","protected":false},"excerpt":{"rendered":"<p>Our Vision Stars Desert Tours &amp; Travel aims to change tourism by prioritizing sustainability across social, economic, and environmental aspects. &nbsp; In the social aspect, we are dedicated to: 1. Assisting local communities in Jordan by facilitating communications between travelers and locals, fostering cross-cultural understanding, and supporting initiatives that safeguard the environment. 2. Combating child [&hellip;]<\/p>","protected":false},"author":1,"featured_media":10270,"parent":0,"menu_order":0,"comment_status":"closed","ping_status":"closed","template":"template-fullwidth.php","meta":{"footnotes":""},"class_list":["post-8028","page","type-page","status-publish","has-post-thumbnail","hentry"],"_links":{"self":[{"href":"https:\/\/starsdesert.com\/es\/wp-json\/wp\/v2\/pages\/8028","targetHints":{"allow":["GET"]}}],"collection":[{"href":"https:\/\/starsdesert.com\/es\/wp-json\/wp\/v2\/pages"}],"about":[{"href":"https:\/\/starsdesert.com\/es\/wp-json\/wp\/v2\/types\/page"}],"author":[{"embeddable":true,"href":"https:\/\/starsdesert.com\/es\/wp-json\/wp\/v2\/users\/1"}],"replies":[{"embeddable":true,"href":"https:\/\/starsdesert.com\/es\/wp-json\/wp\/v2\/comments?post=8028"}],"version-history":[{"count":102,"href":"https:\/\/starsdesert.com\/es\/wp-json\/wp\/v2\/pages\/8028\/revisions"}],"predecessor-version":[{"id":11256,"href":"https:\/\/starsdesert.com\/es\/wp-json\/wp\/v2\/pages\/8028\/revisions\/11256"}],"wp:featuredmedia":[{"embeddable":true,"href":"https:\/\/starsdesert.com\/es\/wp-json\/wp\/v2\/media\/10270"}],"wp:attachment":[{"href":"https:\/\/starsdesert.com\/es\/wp-json\/wp\/v2\/media?parent=8028"}],"curies":[{"name":"wp","href":"https:\/\/api.w.org\/{rel}","templated":true}]}}