{"id":11377,"date":"2025-06-18T09:46:51","date_gmt":"2025-06-18T09:46:51","guid":{"rendered":"https:\/\/starsdesert.com\/?page_id=11377"},"modified":"2026-01-18T12:13:04","modified_gmt":"2026-01-18T12:13:04","slug":"sustainability-policy","status":"publish","type":"page","link":"https:\/\/starsdesert.com\/es\/sustainability-policy\/","title":{"rendered":"Pol\u00edtica de Sostenibilidad"},"content":{"rendered":"<p style=\"text-align: left;\"><span style=\"color: #a10f19; font-size: 18pt;\"><strong>Pol\u00edtica de sostenibilidad de Stars Desert Travel Company<\/strong><\/span><\/p>\n<p style=\"padding-left: 40px; text-align: left;\"><strong><span style=\"color: #000000;\">Stars Desert Travel Company cree en su papel vital en la promoci\u00f3n<\/span><\/strong><br \/>\n<strong><span style=\"color: #000000;\">Turismo responsable y sostenible. La empresa se esfuerza por minimizar<\/span><\/strong><br \/>\n<strong><span style=\"color: #000000;\">Los impactos sociales, culturales, econ\u00f3micos y ambientales negativos de<\/span><\/strong><br \/>\n<strong><span style=\"color: #000000;\">sus actividades, potenciando al mismo tiempo las contribuciones positivas. Esta pol\u00edtica refleja<\/span><\/strong><br \/>\n<strong><span style=\"color: #000000;\">Nuestro compromiso con la responsabilidad ambiental y social, respaldado por<\/span><\/strong><br \/>\n<strong><span style=\"color: #000000;\">Fuerte apoyo de la alta direcci\u00f3n.<\/span><\/strong><\/p>\n<ol>\n<li><span style=\"color: #a10f19;\"><strong>Gesti\u00f3n Sostenible y Cumplimiento Legal<\/strong><\/span>\n<ul>\n<li><span style=\"color: #000000;\"><strong>Nombrar un coordinador responsable de las actividades de sostenibilidad dentro de la empresa.<\/strong><\/span><\/li>\n<li><span style=\"color: #000000;\"><strong>Establecer una declaraci\u00f3n de misi\u00f3n de sostenibilidad para comunicarse con clientes, socios y proveedores.<\/strong><\/span><\/li>\n<li><span style=\"color: #000000;\"><strong>Proporcionar una pol\u00edtica de sostenibilidad escrita que incluya objetivos para reducir los impactos negativos y garantizar la seguridad de los empleados.<\/strong><\/span><\/li>\n<li><span style=\"color: #000000;\"><strong>Colaborar con foros y grupos que apoyan la sostenibilidad en la industria del turismo.<\/strong><\/span><\/li>\n<li><span style=\"color: #000000;\"><strong>Desarrollar un plan de acci\u00f3n para la sostenibilidad con objetivos, medidas y cronogramas claros.<\/strong><\/span><\/li>\n<\/ul>\n<\/li>\n<\/ol>\n<ol start=\"2\">\n<li><span style=\"color: #a10f19;\"><strong>Responsabilidad social y derechos humanos<\/strong><\/span>\n<ul>\n<li><span style=\"color: #000000;\"><strong>Proporcionar un entorno de trabajo seguro de conformidad con las normas nacionales <\/strong><\/span><\/li>\n<li><span style=\"color: #000000;\"><strong>Garantizar la igualdad y la transparencia en la contrataci\u00f3n y la remuneraci\u00f3n <\/strong><\/span><\/li>\n<li><span style=\"color: #000000;\"><strong>Ofrecer capacitaci\u00f3n y desarrollo continuo para la mejora y el crecimiento de las habilidades de los empleados.<\/strong><\/span><\/li>\n<li><span style=\"color: #000000;\"><strong>Prevenir toda forma de discriminaci\u00f3n y garantizar la igualdad de oportunidades para todos.<\/strong><\/span><\/li>\n<\/ul>\n<\/li>\n<\/ol>\n<ol start=\"3\">\n<li><span style=\"color: #a10f19;\"><strong>Protecci\u00f3n ambiental y relaciones comunitarias<\/strong><\/span>\n<ul>\n<li><span style=\"color: #000000;\"><strong>Reducir el uso de productos desechables y promover la compra de productos sostenibles.<\/strong><\/span><\/li>\n<li><span style=\"color: #000000;\"><strong>Implementando el ahorro de agua y energ\u00eda <\/strong><\/span><\/li>\n<li><span style=\"color: #000000;\"><strong>Desarrollo de pol\u00edticas de reciclaje y gesti\u00f3n de residuos <\/strong><\/span><\/li>\n<li><span style=\"color: #000000;\"><strong>Apoyar la conservaci\u00f3n de la biodiversidad y preservar los sitios culturales e hist\u00f3ricos.<\/strong><\/span><\/li>\n<\/ul>\n<\/li>\n<\/ol>\n<ol start=\"4\">\n<li><span style=\"color: #a10f19;\"><strong>Asociaci\u00f3n con agencias de viajes<\/strong><\/span>\n<ul>\n<li><span style=\"color: #000000;\"><strong>Colaborar con socios que tengan una sostenibilidad clara <\/strong><\/span><\/li>\n<li><span style=\"color: #000000;\"><strong>Incluir cl\u00e1usulas de sostenibilidad en los contratos con socios, como la protecci\u00f3n de los derechos de los ni\u00f1os y la prevenci\u00f3n de la explotaci\u00f3n.<\/strong><\/span><\/li>\n<li><span style=\"color: #000000;\"><strong>Brindar capacitaci\u00f3n y concientizaci\u00f3n a los socios sobre pr\u00e1cticas de turismo sostenible.<\/strong><\/span><\/li>\n<\/ul>\n<\/li>\n<\/ol>\n<ol start=\"5\">\n<li><span style=\"color: #a10f19;\"><strong>Transporte sostenible<\/strong><\/span>\n<ul>\n<li><span style=\"color: #000000;\"><strong>Elegir opciones de transporte con menor impacto ambiental considerando costo y comodidad.<\/strong><\/span><\/li>\n<li><span style=\"color: #000000;\"><strong>Ofrecer a nuestros clientes opciones de transporte sostenibles dentro de las limitaciones operativas y log\u00edsticas.<\/strong><\/span><\/li>\n<li><span style=\"color: #000000;\"><strong>Mejorar la eficiencia de los veh\u00edculos usados \u200b\u200by cumplir los est\u00e1ndares medioambientales.<\/strong><\/span><strong>\u00a0<\/strong><\/li>\n<\/ul>\n<\/li>\n<\/ol>\n<ol start=\"6\">\n<li><span style=\"color: #a10f19;\"><strong>Alojamiento sostenible<\/strong><\/span>\n<ul>\n<li><span style=\"color: #000000;\"><strong>Seleccionar alojamientos que cumplan con los est\u00e1ndares de sostenibilidad, como programas de ahorro de energ\u00eda y agua, gesti\u00f3n de residuos y participaci\u00f3n comunitaria.<\/strong><\/span><\/li>\n<li><span style=\"color: #000000;\"><strong>Encouraging accommodations to obtain sustainability.<\/strong><\/span><\/li>\n<li><span style=\"color: #000000;\"><strong>Colaborar con alojamientos que apoyan a las comunidades locales e integran el patrimonio cultural.<\/strong><\/span><\/li>\n<\/ul>\n<\/li>\n<\/ol>\n<ol start=\"7\">\n<li><span style=\"color: #a10f19;\"><strong>Actividades y excursiones sostenibles<\/strong><\/span>\n<ul>\n<li><span style=\"color: #000000;\"><strong>Ofrecer actividades que respeten el medio ambiente y las culturas locales y garanticen el bienestar animal.<\/strong><\/span><\/li>\n<li><span style=\"color: #000000;\"><strong>Evitar actividades que da\u00f1en el medio ambiente, las comunidades o la salud p\u00fablica.<\/strong><\/span><\/li>\n<li><span style=\"color: #000000;\"><strong>Promover excursiones que apoyen a las comunidades locales y preserven el patrimonio cultural.<\/strong><\/span><\/li>\n<\/ul>\n<\/li>\n<\/ol>\n<ol start=\"8\">\n<li><span style=\"color: #a10f19;\"><strong>Mejora continua<\/strong><\/span>\n<ul>\n<li><span style=\"color: #000000;\"><strong>Revisar y actualizar peri\u00f3dicamente las pr\u00e1cticas de sostenibilidad en funci\u00f3n de los avances de la industria y los comentarios de las partes interesadas.<\/strong><\/span><\/li>\n<li><span style=\"color: #000000;\"><strong>Medir el desempe\u00f1o y establecer indicadores clave para garantizar que se cumplan los objetivos de sostenibilidad.<\/strong><\/span><\/li>\n<li><span style=\"color: #000000;\"><strong>Participar en colaboraciones de la industria para mejorar el turismo<\/strong><\/span><\/li>\n<\/ul>\n<\/li>\n<\/ol>\n<p><span style=\"color: #a10f19;\"><strong>Nuestro compromiso<\/strong><\/span><\/p>\n<p><span style=\"color: #000000;\"><strong>Nuestra pol\u00edtica corporativa de sostenibilidad es un marco din\u00e1mico sujeto a revisiones y actualizaciones peri\u00f3dicas para garantizar su alineamiento con las mejores pr\u00e1cticas de la industria, el turismo responsable y un firme compromiso con la mejora continua. Esta herramienta integrada refleja un enfoque integral de la sostenibilidad, integrando las dimensiones ambientales, sociales y econ\u00f3micas en las operaciones de Stars Desert Travel.<\/strong><\/span><\/p>\n<p><span style=\"color: #000000;\"><strong>Nuestra empresa se compromete a garantizar que todos los materiales de marketing y publicidad, declaraciones y publicaciones est\u00e9n libres de informaci\u00f3n enga\u00f1osa, afirmaciones exageradas o incumplimientos de promesas. Garantizamos que nuestro personal est\u00e1 plenamente informado y dedicado a brindar un servicio impecable a nuestros clientes.<\/strong><\/span><\/p>\n<p><span style=\"color: #000000;\"><strong>Prohibimos estrictamente la adquisici\u00f3n de souvenirs que contengan especies vegetales o animales en peligro de extinci\u00f3n, artefactos hist\u00f3ricos o arqueol\u00f3gicos obtenidos ilegalmente, as\u00ed como drogas o sustancias il\u00edcitas. Cumplimos con las normativas locales e internacionales dise\u00f1adas para prevenir estas actividades.<\/strong><\/span><\/p>\n<p>&nbsp;<\/p>\n<div style=\"margin-top: 30px; padding: 20px; background-color: #ffffff; border: 1px dashed #9c7259; border-radius: 8px; text-align: center;\">\n<p style=\"margin: 0; color: #a10f19; font-size: 16px; font-weight: 600;\"><strong><span style=\"color: #a10f19;\">Para preguntas y comentarios relacionados con nuestra sostenibilidad, comun\u00edquese con: <\/span><\/strong><br \/>\n<strong><a style=\"color: #a10f19; text-decoration: none;\" href=\"tel: 962777647227\"><span style=\"color: #a10f19;\">+962777647227<\/span><\/a><span style=\"color: #a10f19;\"> \/<\/span><\/strong><br \/>\n<strong><span style=\"color: #a10f19;\"><a style=\"color: #a10f19; text-decoration: none;\" href=\"mailto:sustainability@starsdesert.com\">sustainability@starsdesert.com<\/a><\/span><\/strong><\/p>\n<\/div>","protected":false},"excerpt":{"rendered":"<p>Sustainability Policy of\u00a0 Stars Desert Travel Company Stars Desert Travel Company believes in its vital role in promoting responsible and sustainable tourism. The company strives to minimize the social, cultural, economic, and environmental negative impacts of its activities while enhancing positive contributions. This policy reflects our commitment to environmental and social responsibility, backed by strong [&hellip;]<\/p>","protected":false},"author":1,"featured_media":11384,"parent":0,"menu_order":0,"comment_status":"closed","ping_status":"closed","template":"","meta":{"footnotes":""},"class_list":["post-11377","page","type-page","status-publish","has-post-thumbnail","hentry"],"_links":{"self":[{"href":"https:\/\/starsdesert.com\/es\/wp-json\/wp\/v2\/pages\/11377","targetHints":{"allow":["GET"]}}],"collection":[{"href":"https:\/\/starsdesert.com\/es\/wp-json\/wp\/v2\/pages"}],"about":[{"href":"https:\/\/starsdesert.com\/es\/wp-json\/wp\/v2\/types\/page"}],"author":[{"embeddable":true,"href":"https:\/\/starsdesert.com\/es\/wp-json\/wp\/v2\/users\/1"}],"replies":[{"embeddable":true,"href":"https:\/\/starsdesert.com\/es\/wp-json\/wp\/v2\/comments?post=11377"}],"version-history":[{"count":17,"href":"https:\/\/starsdesert.com\/es\/wp-json\/wp\/v2\/pages\/11377\/revisions"}],"predecessor-version":[{"id":11409,"href":"https:\/\/starsdesert.com\/es\/wp-json\/wp\/v2\/pages\/11377\/revisions\/11409"}],"wp:featuredmedia":[{"embeddable":true,"href":"https:\/\/starsdesert.com\/es\/wp-json\/wp\/v2\/media\/11384"}],"wp:attachment":[{"href":"https:\/\/starsdesert.com\/es\/wp-json\/wp\/v2\/media?parent=11377"}],"curies":[{"name":"wp","href":"https:\/\/api.w.org\/{rel}","templated":true}]}}