{"id":10288,"date":"2023-03-26T12:25:26","date_gmt":"2023-03-26T12:25:26","guid":{"rendered":"https:\/\/test2.starsdesert.com\/?page_id=10288"},"modified":"2024-06-30T12:42:36","modified_gmt":"2024-06-30T12:42:36","slug":"our-vision","status":"publish","type":"page","link":"https:\/\/starsdesert.com\/es\/our-vision\/","title":{"rendered":"Nuestra visi\u00f3n"},"content":{"rendered":"<div data-elementor-type=\"wp-page\" data-elementor-id=\"10288\" class=\"elementor elementor-10288\">\n\t\t\t\t\t\t\t<div class=\"elementor-element elementor-element-504b2b3 e-con-boxed e-flex e-con\" data-id=\"504b2b3\" data-element_type=\"container\" data-settings=\"{&quot;content_width&quot;:&quot;boxed&quot;}\">\n\t\t\t\t\t<div class=\"e-con-inner\">\n\t\t\t\t<div class=\"elementor-element elementor-element-e3903ba elementor-widget elementor-widget-heading\" data-id=\"e3903ba\" data-element_type=\"widget\" data-widget_type=\"heading.default\">\n\t\t\t\t<div class=\"elementor-widget-container\">\n\t\t\t<style>\/*! elementor - v3.13.3 - 28-05-2023 *\/\n.elementor-heading-title{padding:0;margin:0;line-height:1}.elementor-widget-heading .elementor-heading-title[class*=elementor-size-]>a{color:inherit;font-size:inherit;line-height:inherit}.elementor-widget-heading .elementor-heading-title.elementor-size-small{font-size:15px}.elementor-widget-heading .elementor-heading-title.elementor-size-medium{font-size:19px}.elementor-widget-heading .elementor-heading-title.elementor-size-large{font-size:29px}.elementor-widget-heading .elementor-heading-title.elementor-size-xl{font-size:39px}.elementor-widget-heading .elementor-heading-title.elementor-size-xxl{font-size:59px}<\/style><h2 class=\"elementor-heading-title elementor-size-default\">Nuestra visi\u00f3n<\/h2>\t\t<\/div>\n\t\t\t\t<\/div>\n\t\t\t\t<div class=\"elementor-element elementor-element-7f85c59 elementor-widget elementor-widget-text-editor\" data-id=\"7f85c59\" data-element_type=\"widget\" data-widget_type=\"text-editor.default\">\n\t\t\t\t<div class=\"elementor-widget-container\">\n\t\t\t<style>\/*! elementor - v3.13.3 - 28-05-2023 *\/\n.elementor-widget-text-editor.elementor-drop-cap-view-stacked .elementor-drop-cap{background-color:#69727d;color:#fff}.elementor-widget-text-editor.elementor-drop-cap-view-framed .elementor-drop-cap{color:#69727d;border:3px solid;background-color:transparent}.elementor-widget-text-editor:not(.elementor-drop-cap-view-default) .elementor-drop-cap{margin-top:8px}.elementor-widget-text-editor:not(.elementor-drop-cap-view-default) .elementor-drop-cap-letter{width:1em;height:1em}.elementor-widget-text-editor .elementor-drop-cap{float:left;text-align:center;line-height:1;font-size:50px}.elementor-widget-text-editor .elementor-drop-cap-letter{display:inline-block}<\/style>\t\t\t\t<p>Stars Desert Tours &amp; Travel tiene como objetivo cambiar el turismo priorizando la sostenibilidad en los aspectos sociales, econ\u00f3micos y ambientales. &nbsp;<\/p>\n<p><strong>En el aspecto social, nos dedicamos a:<\/strong><\/p>\n<ol>\n<li>Ayudar a las comunidades locales en Jordania facilitando las comunicaciones entre viajeros y lugare\u00f1os, fomentando el entendimiento intercultural y apoyando iniciativas que salvaguarden el medio ambiente.<\/li>\n<li>Combatir el trabajo infantil y promover la educaci\u00f3n. Exigimos a nuestros empleados en \u00e1reas remotas que inscriban a sus hijos en la escuela y aconsejamos a nuestros clientes que no compren productos de ni\u00f1os trabajadores.<\/li>\n<li>Empoderar la educaci\u00f3n de las ni\u00f1as. Apoyamos las escuelas de ni\u00f1as y brindamos oportunidades educativas, contribuyendo as\u00ed a la promoci\u00f3n de la igualdad y el empoderamiento en la sociedad.<\/li>\n<\/ol>\n<p><strong>En el aspecto econ\u00f3mico, nos dedicamos a:<\/strong><\/p>\n<ol>\n<li>Luchar contra el desempleo; contratando al mayor n\u00famero posible de j\u00f3venes de entre 21 y 25 a\u00f1os, con el objetivo de lograr ingresos sostenibles que mejoren el nivel de vida.<\/li>\n<li>Seleccionar j\u00f3venes de habla francesa y ofrecerles cursos de formaci\u00f3n para que puedan trabajar como gu\u00edas tur\u00edsticos, como Motasem Al-Abbadi, Abed Elhamid Abu Al-Hijaa, Malek Al-Hamoud y Eman Arabati.<\/li>\n<li>Crear oportunidades laborales para quienes necesitan mejorar sus habilidades en el idioma franc\u00e9s contrat\u00e1ndolos como conductores en Ramallah Mountains Tourist Transport Company, una empresa aliada, como Khalid Sakhaina, Mohammed Assi y Sohaib Al-Halahlah. Por ejemplo, Sohaib trabaja en nuestra empresa siendo a\u00fan estudiante universitario.<\/li>\n<li>Apoyar a las comunidades en \u00e1reas remotas capacit\u00e1ndolas para interactuar con los turistas y brindar servicios locales, incluida la cocina, el alojamiento y la orientaci\u00f3n tur\u00edstica beduina.<\/li>\n<li>Centrarse en apoyar a las mujeres jordanas financiando asociaciones en varias regiones como Jerash, Amman y Aqaba, que ofrecen cocina tradicional y promueven productos locales.<\/li>\n<\/ol>\n<p><strong>En el aspecto ambiental, nos dedicamos a:<\/strong><\/p>\n<ol>\n<li>Proporcionar agua potable a trav\u00e9s de jarras grandes para reducir el uso de pl\u00e1stico<\/li>\n<li>Utilizar energ\u00eda solar para generar electricidad.<\/li>\n<li>En Wadi Rum traemos le\u00f1a de fuentes sostenibles fuera del desierto para preservar la cubierta vegetal.<\/li>\n<li>En nuestros programas fomentamos las caminatas de larga distancia; para reducir el uso de veh\u00edculos.<\/li>\n<li>Utilizar veh\u00edculos h\u00edbridos para reducir las emisiones nocivas.<\/li>\n<\/ol>\n<p>En conclusi\u00f3n, Stars Desert Tours &amp; Travel est\u00e1 comprometido a hacer que el turismo sea sostenible, beneficiando a los clientes, las comunidades y el medio ambiente.<\/p>\t\t\t\t\t\t<\/div>\n\t\t\t\t<\/div>\n\t\t\t\t\t<\/div>\n\t\t\t\t<\/div>\n\t\t\t\t\t\t\t<\/div>","protected":false},"excerpt":{"rendered":"<p>Our Vision Stars Desert Tours &amp; Travel aims to change tourism by prioritizing sustainability across social, economic, and environmental aspects. &nbsp; In the social aspect, we are dedicated to: Assisting local communities in Jordan by facilitating communications between travelers and locals, fostering cross-cultural understanding, and supporting initiatives that safeguard the environment. Combating child labor and [&hellip;]<\/p>","protected":false},"author":1,"featured_media":10229,"parent":0,"menu_order":0,"comment_status":"closed","ping_status":"closed","template":"template-fullwidth.php","meta":{"footnotes":""},"class_list":["post-10288","page","type-page","status-publish","has-post-thumbnail","hentry"],"_links":{"self":[{"href":"https:\/\/starsdesert.com\/es\/wp-json\/wp\/v2\/pages\/10288","targetHints":{"allow":["GET"]}}],"collection":[{"href":"https:\/\/starsdesert.com\/es\/wp-json\/wp\/v2\/pages"}],"about":[{"href":"https:\/\/starsdesert.com\/es\/wp-json\/wp\/v2\/types\/page"}],"author":[{"embeddable":true,"href":"https:\/\/starsdesert.com\/es\/wp-json\/wp\/v2\/users\/1"}],"replies":[{"embeddable":true,"href":"https:\/\/starsdesert.com\/es\/wp-json\/wp\/v2\/comments?post=10288"}],"version-history":[{"count":17,"href":"https:\/\/starsdesert.com\/es\/wp-json\/wp\/v2\/pages\/10288\/revisions"}],"predecessor-version":[{"id":11249,"href":"https:\/\/starsdesert.com\/es\/wp-json\/wp\/v2\/pages\/10288\/revisions\/11249"}],"wp:featuredmedia":[{"embeddable":true,"href":"https:\/\/starsdesert.com\/es\/wp-json\/wp\/v2\/media\/10229"}],"wp:attachment":[{"href":"https:\/\/starsdesert.com\/es\/wp-json\/wp\/v2\/media?parent=10288"}],"curies":[{"name":"wp","href":"https:\/\/api.w.org\/{rel}","templated":true}]}}