{"id":8028,"date":"2018-12-10T03:06:47","date_gmt":"2018-12-10T03:06:47","guid":{"rendered":"http:\/\/travelhotel.wpengine.com\/?page_id=8028"},"modified":"2024-07-03T08:27:03","modified_gmt":"2024-07-03T08:27:03","slug":"about-us","status":"publish","type":"page","link":"https:\/\/starsdesert.com\/de\/about-us\/","title":{"rendered":"\u00dcber uns"},"content":{"rendered":"<div data-elementor-type=\"wp-page\" data-elementor-id=\"8028\" class=\"elementor elementor-8028\">\n\t\t\t\t\t\t\t<div class=\"elementor-element elementor-element-8069f9a e-con-boxed e-flex e-con\" data-id=\"8069f9a\" data-element_type=\"container\" data-settings=\"{&quot;content_width&quot;:&quot;boxed&quot;}\">\n\t\t\t\t\t<div class=\"e-con-inner\">\n\t\t\t\t<div class=\"elementor-element elementor-element-4e149ab elementor-invisible elementor-widget elementor-widget-heading\" data-id=\"4e149ab\" data-element_type=\"widget\" data-settings=\"{&quot;_animation&quot;:&quot;fadeIn&quot;}\" data-widget_type=\"heading.default\">\n\t\t\t\t<div class=\"elementor-widget-container\">\n\t\t\t<style>\/*! elementor - v3.13.3 - 28-05-2023 *\/\n.elementor-heading-title{padding:0;margin:0;line-height:1}.elementor-widget-heading .elementor-heading-title[class*=elementor-size-]>a{color:inherit;font-size:inherit;line-height:inherit}.elementor-widget-heading .elementor-heading-title.elementor-size-small{font-size:15px}.elementor-widget-heading .elementor-heading-title.elementor-size-medium{font-size:19px}.elementor-widget-heading .elementor-heading-title.elementor-size-large{font-size:29px}.elementor-widget-heading .elementor-heading-title.elementor-size-xl{font-size:39px}.elementor-widget-heading .elementor-heading-title.elementor-size-xxl{font-size:59px}<\/style><h2 class=\"elementor-heading-title elementor-size-default\">Unsere Vision<\/h2>\t\t<\/div>\n\t\t\t\t<\/div>\n\t\t\t\t\t<\/div>\n\t\t\t\t<\/div>\n\t\t<div class=\"elementor-element elementor-element-a6ebabc e-con-boxed e-flex e-con\" data-id=\"a6ebabc\" data-element_type=\"container\" data-settings=\"{&quot;content_width&quot;:&quot;boxed&quot;}\">\n\t\t\t\t\t<div class=\"e-con-inner\">\n\t\t\t\t<div class=\"elementor-element elementor-element-ad1adf0 elementor-invisible elementor-widget elementor-widget-text-editor\" data-id=\"ad1adf0\" data-element_type=\"widget\" data-settings=\"{&quot;_animation&quot;:&quot;fadeIn&quot;}\" data-widget_type=\"text-editor.default\">\n\t\t\t\t<div class=\"elementor-widget-container\">\n\t\t\t<style>\/*! elementor - v3.13.3 - 28-05-2023 *\/\n.elementor-widget-text-editor.elementor-drop-cap-view-stacked .elementor-drop-cap{background-color:#69727d;color:#fff}.elementor-widget-text-editor.elementor-drop-cap-view-framed .elementor-drop-cap{color:#69727d;border:3px solid;background-color:transparent}.elementor-widget-text-editor:not(.elementor-drop-cap-view-default) .elementor-drop-cap{margin-top:8px}.elementor-widget-text-editor:not(.elementor-drop-cap-view-default) .elementor-drop-cap-letter{width:1em;height:1em}.elementor-widget-text-editor .elementor-drop-cap{float:left;text-align:center;line-height:1;font-size:50px}.elementor-widget-text-editor .elementor-drop-cap-letter{display:inline-block}<\/style>\t\t\t\t<p class=\"MsoNormal\">Stars Desert Tours &amp; Travel m\u00f6chte den Tourismus ver\u00e4ndern, indem es der Nachhaltigkeit unter sozialen, wirtschaftlichen und \u00f6kologischen Aspekten Priorit\u00e4t einr\u00e4umt. &nbsp;<\/p>\n<p class=\"MsoNormal\">Im sozialen Bereich engagieren wir uns f\u00fcr:<\/p>\n<p class=\"MsoNormal\">1. Unterst\u00fctzung der lokalen Gemeinden in Jordanien durch Erleichterung der Kommunikation zwischen Reisenden und Einheimischen, F\u00f6rderung des interkulturellen Verst\u00e4ndnisses und Unterst\u00fctzung von Initiativen zum Schutz der Umwelt.<\/p>\n<p class=\"MsoNormal\">2. Bek\u00e4mpfung von Kinderarbeit und F\u00f6rderung der Bildung. Wir verpflichten unsere Mitarbeiter in abgelegenen Gebieten, ihre Kinder in die Schule zu schicken, und raten unseren Kunden vom Kauf von Waren ab, die von Kinderarbeitern stammen.<\/p>\n<p class=\"MsoNormal\">3. F\u00f6rderung der Bildung von M\u00e4dchen. Wir unterst\u00fctzen M\u00e4dchenschulen und bieten Bildungsm\u00f6glichkeiten. Damit tragen wir zur F\u00f6rderung der Gleichberechtigung und St\u00e4rkung der M\u00e4dchen in der Gesellschaft bei.<\/p>\n<p class=\"MsoNormal\">Im wirtschaftlichen Bereich widmen wir uns:<\/p>\n<p class=\"MsoNormal\">1. Bek\u00e4mpfung der Arbeitslosigkeit; durch die Einstellung m\u00f6glichst vieler junger Menschen im Alter zwischen 21 und 25 Jahren mit dem Ziel, ein nachhaltiges Einkommen zu erzielen, das den Lebensstandard steigert.<\/p>\n<p class=\"MsoNormal\">2. Auswahl franz\u00f6sischsprachiger Jugendlicher und Durchf\u00fchrung von Ausbildungskursen, damit diese als Reiseleiter arbeiten k\u00f6nnen, wie etwa Motasem Al-Abbadi, Abed Elhamid Abu Al-Hijaa, Malek Al-Hamoud und Eman Arabati.<\/p>\n<p class=\"MsoNormal\">3. Schaffung von Arbeitspl\u00e4tzen f\u00fcr diejenigen, die ihre Franz\u00f6sischkenntnisse verbessern m\u00fcssen, indem sie als Fahrer bei der Ramallah Mountains Tourist Transport Company oder Partnerunternehmen wie Khalid Sakhaina, Mohammed Assi und Sohaib Al-Halahlah eingestellt werden. Sohaib arbeitet beispielsweise f\u00fcr unser Unternehmen, w\u00e4hrend er noch studiert.<\/p>\n<p class=\"MsoNormal\">4. Unterst\u00fctzung von Gemeinden in abgelegenen Gebieten, indem sie im Umgang mit Touristen geschult werden und lokale Dienstleistungen anbieten, darunter Kochen, Unterkunft und Beratung f\u00fcr Beduinentourismus.<\/p>\n<p class=\"MsoNormal\">5. Schwerpunkt liegt auf der Unterst\u00fctzung jordanischer Frauen durch die Finanzierung von Vereinen in verschiedenen Regionen wie Jerash, Amman und Aqaba, die traditionelle K\u00fcche anbieten und lokale Produkte f\u00f6rdern.<\/p>\n<p class=\"MsoNormal\">Im Umweltbereich engagieren wir uns f\u00fcr:<\/p>\n<p class=\"MsoListParagraphCxSpFirst\" style=\"margin-left: .75in; mso-add-space: auto; text-indent: -.5in; mso-list: l0 level1 lfo1;\"><!-- [if !supportLists]-->1.<span style=\"font-variant-numeric: normal; font-variant-east-asian: normal; font-variant-alternates: normal; font-kerning: auto; font-optical-sizing: auto; font-feature-settings: normal; font-variation-settings: normal; font-variant-position: normal; font-stretch: normal; font-size: 7pt; line-height: normal; font-family: 'Times New Roman';\">&nbsp;&nbsp;&nbsp;&nbsp;&nbsp;&nbsp;&nbsp;&nbsp;&nbsp;&nbsp;&nbsp;&nbsp;&nbsp;&nbsp;&nbsp;&nbsp;&nbsp;&nbsp; <\/span><!--[endif]-->Bereitstellung von Trinkwasser in gro\u00dfen Kr\u00fcgen, um den Plastikverbrauch zu reduzieren<\/p>\n<p class=\"MsoListParagraphCxSpMiddle\" style=\"margin-left: .75in; mso-add-space: auto; text-indent: -.5in; mso-list: l0 level1 lfo1;\"><!-- [if !supportLists]-->2.<span style=\"font-variant-numeric: normal; font-variant-east-asian: normal; font-variant-alternates: normal; font-kerning: auto; font-optical-sizing: auto; font-feature-settings: normal; font-variation-settings: normal; font-variant-position: normal; font-stretch: normal; font-size: 7pt; line-height: normal; font-family: 'Times New Roman';\">&nbsp;&nbsp;&nbsp;&nbsp;&nbsp;&nbsp;&nbsp;&nbsp;&nbsp;&nbsp;&nbsp;&nbsp;&nbsp;&nbsp;&nbsp;&nbsp;&nbsp;&nbsp; <\/span><!--[endif]-->Nutzung der Sonnenenergie zur Stromerzeugung.<\/p>\n<p class=\"MsoListParagraphCxSpMiddle\" style=\"margin-left: .75in; mso-add-space: auto; text-indent: -.5in; mso-list: l0 level1 lfo1;\"><!-- [if !supportLists]-->3.<span style=\"font-variant-numeric: normal; font-variant-east-asian: normal; font-variant-alternates: normal; font-kerning: auto; font-optical-sizing: auto; font-feature-settings: normal; font-variation-settings: normal; font-variant-position: normal; font-stretch: normal; font-size: 7pt; line-height: normal; font-family: 'Times New Roman';\">&nbsp;&nbsp;&nbsp;&nbsp;&nbsp;&nbsp;&nbsp;&nbsp;&nbsp;&nbsp;&nbsp;&nbsp;&nbsp;&nbsp;&nbsp;&nbsp;&nbsp;&nbsp; <\/span><!--[endif]-->In Wadi Rum bringen wir Brennholz aus nachhaltigen Quellen au\u00dferhalb der W\u00fcste, um die Vegetationsdecke zu bewahren.<\/p>\n<p class=\"MsoListParagraphCxSpMiddle\" style=\"margin-left: .75in; mso-add-space: auto; text-indent: -.5in; mso-list: l0 level1 lfo1;\"><!-- [if !supportLists]-->4.<span style=\"font-variant-numeric: normal; font-variant-east-asian: normal; font-variant-alternates: normal; font-kerning: auto; font-optical-sizing: auto; font-feature-settings: normal; font-variation-settings: normal; font-variant-position: normal; font-stretch: normal; font-size: 7pt; line-height: normal; font-family: 'Times New Roman';\">&nbsp;&nbsp;&nbsp;&nbsp;&nbsp;&nbsp;&nbsp;&nbsp;&nbsp;&nbsp;&nbsp;&nbsp;&nbsp;&nbsp;&nbsp;&nbsp;&nbsp;&nbsp; <\/span><!--[endif]-->In unseren Programmen f\u00f6rdern wir das Gehen l\u00e4ngerer Strecken, um die Nutzung von Autos zu reduzieren.<\/p>\n<p class=\"MsoListParagraphCxSpLast\" style=\"margin-left: .75in; mso-add-space: auto; text-indent: -.5in; mso-list: l0 level1 lfo1;\"><!-- [if !supportLists]-->5.<span style=\"font-variant-numeric: normal; font-variant-east-asian: normal; font-variant-alternates: normal; font-kerning: auto; font-optical-sizing: auto; font-feature-settings: normal; font-variation-settings: normal; font-variant-position: normal; font-stretch: normal; font-size: 7pt; line-height: normal; font-family: 'Times New Roman';\">&nbsp;&nbsp;&nbsp;&nbsp;&nbsp;&nbsp;&nbsp;&nbsp;&nbsp;&nbsp;&nbsp;&nbsp;&nbsp;&nbsp;&nbsp;&nbsp;&nbsp;&nbsp; <\/span><!--[endif]-->Einsatz von Hybridfahrzeugen zur Reduzierung der Schadstoffemissionen.<\/p>\n<p class=\"MsoNormal\">\n<\/p>\n<div style=\"mso-element: para-border-div; border: none; border-bottom: solid windowtext 1.0pt; mso-border-bottom-alt: solid windowtext .75pt; padding: 0in 0in 1.0pt 0in;\">\n<p class=\"MsoNormal\" style=\"border: none; mso-border-bottom-alt: solid windowtext .75pt; padding: 0in; mso-padding-alt: 0in 0in 1.0pt 0in;\">Zusammenfassend l\u00e4sst sich sagen, dass Stars Desert Tours &amp; Travel sich dazu verpflichtet f\u00fchlt, den Tourismus nachhaltig zu gestalten und so Kunden, Gemeinden und der Umwelt Vorteile zu bringen.<\/p>\n<\/div>\t\t\t\t\t\t<\/div>\n\t\t\t\t<\/div>\n\t\t\t\t<div class=\"elementor-element elementor-element-b7847fc elementor-invisible elementor-widget elementor-widget-text-editor\" data-id=\"b7847fc\" data-element_type=\"widget\" data-settings=\"{&quot;_animation&quot;:&quot;fadeIn&quot;}\" data-widget_type=\"text-editor.default\">\n\t\t\t\t<div class=\"elementor-widget-container\">\n\t\t\t\t\t\t\t<p class=\"MsoNormal\">Stars Desert Tours &amp; Travel m\u00f6chte den Tourismus ver\u00e4ndern, indem es der Nachhaltigkeit unter sozialen, wirtschaftlichen und \u00f6kologischen Aspekten Priorit\u00e4t einr\u00e4umt. \u00a0<\/p><p class=\"MsoNormal\">Im sozialen Bereich engagieren wir uns f\u00fcr:<\/p><p class=\"MsoNormal\">1. Unterst\u00fctzung der lokalen Gemeinden in Jordanien durch Erleichterung der Kommunikation zwischen Reisenden und Einheimischen, F\u00f6rderung des interkulturellen Verst\u00e4ndnisses und Unterst\u00fctzung von Initiativen zum Schutz der Umwelt.<\/p><p class=\"MsoNormal\">2. Bek\u00e4mpfung von Kinderarbeit und F\u00f6rderung der Bildung. Wir verpflichten unsere Mitarbeiter in abgelegenen Gebieten, ihre Kinder in die Schule zu schicken, und raten unseren Kunden vom Kauf von Waren ab, die von Kinderarbeitern stammen.<\/p><p class=\"MsoNormal\">3. F\u00f6rderung der Bildung von M\u00e4dchen. Wir unterst\u00fctzen M\u00e4dchenschulen und bieten Bildungsm\u00f6glichkeiten. Damit tragen wir zur F\u00f6rderung der Gleichberechtigung und St\u00e4rkung der M\u00e4dchen in der Gesellschaft bei.<\/p><p class=\"MsoNormal\">Im wirtschaftlichen Bereich widmen wir uns:<\/p><p class=\"MsoNormal\">1. Bek\u00e4mpfung der Arbeitslosigkeit; durch die Einstellung m\u00f6glichst vieler junger Menschen im Alter zwischen 21 und 25 Jahren mit dem Ziel, ein nachhaltiges Einkommen zu erzielen, das den Lebensstandard steigert.<\/p><p class=\"MsoNormal\">2. Auswahl franz\u00f6sischsprachiger Jugendlicher und Durchf\u00fchrung von Ausbildungskursen, damit diese als Reiseleiter arbeiten k\u00f6nnen, wie etwa Motasem Al-Abbadi, Abed Elhamid Abu Al-Hijaa, Malek Al-Hamoud und Eman Arabati.<\/p><p class=\"MsoNormal\">3. Schaffung von Arbeitspl\u00e4tzen f\u00fcr diejenigen, die ihre Franz\u00f6sischkenntnisse verbessern m\u00fcssen, indem sie als Fahrer bei der Ramallah Mountains Tourist Transport Company oder Partnerunternehmen wie Khalid Sakhaina, Mohammed Assi und Sohaib Al-Halahlah eingestellt werden. Beispielsweise arbeitet Sahib f\u00fcr unser Unternehmen, w\u00e4hrend er noch Student ist.<\/p><p class=\"MsoNormal\">4. Unterst\u00fctzung von Gemeinden in abgelegenen Gebieten, indem sie im Umgang mit Touristen geschult werden und lokale Dienstleistungen anbieten, darunter Kochen, Unterkunft und Beratung f\u00fcr Beduinentourismus.<\/p><p class=\"MsoNormal\">5. Schwerpunkt liegt auf der Unterst\u00fctzung jordanischer Frauen durch die Finanzierung von Vereinen in verschiedenen Regionen wie Jerash, Amman und Aqaba, die traditionelle K\u00fcche anbieten und lokale Produkte f\u00f6rdern.<\/p><p class=\"MsoNormal\">Im Umweltbereich engagieren wir uns f\u00fcr:<\/p><p class=\"MsoListParagraphCxSpFirst\" style=\"margin-left: .75in; mso-add-space: auto; text-indent: -.5in; mso-list: l0 level1 lfo1;\"><!-- [if !supportLists]-->1.<span style=\"font-variant-numeric: normal; font-variant-east-asian: normal; font-variant-alternates: normal; font-kerning: auto; font-optical-sizing: auto; font-feature-settings: normal; font-variation-settings: normal; font-variant-position: normal; font-stretch: normal; font-size: 7pt; line-height: normal; font-family: 'Times New Roman';\">\u00a0\u00a0\u00a0\u00a0\u00a0\u00a0\u00a0\u00a0\u00a0\u00a0\u00a0\u00a0\u00a0\u00a0\u00a0\u00a0\u00a0\u00a0 <\/span><!--[endif]-->Bereitstellung von Trinkwasser in gro\u00dfen Kr\u00fcgen, um den Plastikverbrauch zu reduzieren<\/p><p class=\"MsoListParagraphCxSpMiddle\" style=\"margin-left: .75in; mso-add-space: auto; text-indent: -.5in; mso-list: l0 level1 lfo1;\"><!-- [if !supportLists]-->2.<span style=\"font-variant-numeric: normal; font-variant-east-asian: normal; font-variant-alternates: normal; font-kerning: auto; font-optical-sizing: auto; font-feature-settings: normal; font-variation-settings: normal; font-variant-position: normal; font-stretch: normal; font-size: 7pt; line-height: normal; font-family: 'Times New Roman';\">\u00a0\u00a0\u00a0\u00a0\u00a0\u00a0\u00a0\u00a0\u00a0\u00a0\u00a0\u00a0\u00a0\u00a0\u00a0\u00a0\u00a0\u00a0 <\/span><!--[endif]-->Nutzung der Sonnenenergie zur Stromerzeugung.<\/p><p class=\"MsoListParagraphCxSpMiddle\" style=\"margin-left: .75in; mso-add-space: auto; text-indent: -.5in; mso-list: l0 level1 lfo1;\"><!-- [if !supportLists]-->3.<span style=\"font-variant-numeric: normal; font-variant-east-asian: normal; font-variant-alternates: normal; font-kerning: auto; font-optical-sizing: auto; font-feature-settings: normal; font-variation-settings: normal; font-variant-position: normal; font-stretch: normal; font-size: 7pt; line-height: normal; font-family: 'Times New Roman';\">\u00a0\u00a0\u00a0\u00a0\u00a0\u00a0\u00a0\u00a0\u00a0\u00a0\u00a0\u00a0\u00a0\u00a0\u00a0\u00a0\u00a0\u00a0 <\/span><!--[endif]-->In Wadi Rum bringen wir Brennholz aus nachhaltigen Quellen au\u00dferhalb der W\u00fcste, um die Vegetationsdecke zu bewahren.<\/p><p class=\"MsoListParagraphCxSpMiddle\" style=\"margin-left: .75in; mso-add-space: auto; text-indent: -.5in; mso-list: l0 level1 lfo1;\"><!-- [if !supportLists]-->4.<span style=\"font-variant-numeric: normal; font-variant-east-asian: normal; font-variant-alternates: normal; font-kerning: auto; font-optical-sizing: auto; font-feature-settings: normal; font-variation-settings: normal; font-variant-position: normal; font-stretch: normal; font-size: 7pt; line-height: normal; font-family: 'Times New Roman';\">\u00a0\u00a0\u00a0\u00a0\u00a0\u00a0\u00a0\u00a0\u00a0\u00a0\u00a0\u00a0\u00a0\u00a0\u00a0\u00a0\u00a0\u00a0 <\/span><!--[endif]-->In unseren Programmen f\u00f6rdern wir das Gehen l\u00e4ngerer Strecken, um die Nutzung von Autos zu reduzieren.<\/p><p class=\"MsoListParagraphCxSpLast\" style=\"margin-left: .75in; mso-add-space: auto; text-indent: -.5in; mso-list: l0 level1 lfo1;\"><!-- [if !supportLists]-->5.<span style=\"font-variant-numeric: normal; font-variant-east-asian: normal; font-variant-alternates: normal; font-kerning: auto; font-optical-sizing: auto; font-feature-settings: normal; font-variation-settings: normal; font-variant-position: normal; font-stretch: normal; font-size: 7pt; line-height: normal; font-family: 'Times New Roman';\">\u00a0\u00a0\u00a0\u00a0\u00a0\u00a0\u00a0\u00a0\u00a0\u00a0\u00a0\u00a0\u00a0\u00a0\u00a0\u00a0\u00a0\u00a0 <\/span><!--[endif]-->Einsatz von Hybridfahrzeugen zur Reduzierung der Schadstoffemissionen.<\/p><p class=\"MsoNormal\">\u00a0<\/p><p>\u00a0<\/p><div style=\"mso-element: para-border-div; border: none; border-bottom: solid windowtext 1.0pt; mso-border-bottom-alt: solid windowtext .75pt; padding: 0in 0in 1.0pt 0in;\"><p class=\"MsoNormal\" style=\"border: none; mso-border-bottom-alt: solid windowtext .75pt; padding: 0in; mso-padding-alt: 0in 0in 1.0pt 0in;\">Zusammenfassend l\u00e4sst sich sagen, dass Stars Desert Tours &amp; Travel sich dazu verpflichtet f\u00fchlt, den Tourismus nachhaltig zu gestalten und so Kunden, Gemeinden und der Umwelt Vorteile zu bringen.<\/p><\/div>\t\t\t\t\t\t<\/div>\n\t\t\t\t<\/div>\n\t\t\t\t\t<\/div>\n\t\t\t\t<\/div>\n\t\t<div class=\"elementor-element elementor-element-4806c63 e-con-boxed e-flex e-con\" data-id=\"4806c63\" data-element_type=\"container\" data-settings=\"{&quot;content_width&quot;:&quot;boxed&quot;}\">\n\t\t\t\t\t<div class=\"e-con-inner\">\n\t\t\t\t<div class=\"elementor-element elementor-element-d8e1051 elementor-invisible elementor-widget elementor-widget-heading\" data-id=\"d8e1051\" data-element_type=\"widget\" data-settings=\"{&quot;_animation&quot;:&quot;fadeIn&quot;}\" data-widget_type=\"heading.default\">\n\t\t\t\t<div class=\"elementor-widget-container\">\n\t\t\t<h2 class=\"elementor-heading-title elementor-size-default\">Unsere Aufgabe<\/h2>\t\t<\/div>\n\t\t\t\t<\/div>\n\t\t\t\t\t<\/div>\n\t\t\t\t<\/div>\n\t\t<div class=\"elementor-element elementor-element-e72621b e-con-boxed e-flex e-con\" data-id=\"e72621b\" data-element_type=\"container\" data-settings=\"{&quot;content_width&quot;:&quot;boxed&quot;}\">\n\t\t\t\t\t<div class=\"e-con-inner\">\n\t\t\t\t<div class=\"elementor-element elementor-element-0082e5a elementor-invisible elementor-widget elementor-widget-text-editor\" data-id=\"0082e5a\" data-element_type=\"widget\" data-settings=\"{&quot;_animation&quot;:&quot;fadeIn&quot;}\" data-widget_type=\"text-editor.default\">\n\t\t\t\t<div class=\"elementor-widget-container\">\n\t\t\t\t\t\t\t<p class=\"MsoNormal\">Stars Desert Tours &amp; Travel verbindet das Fachwissen erfahrener Profis mit den innovativen Ideen aufstrebender Talente, um unvergleichliche Reiseerlebnisse zu schaffen. Wir sind bestrebt, au\u00dfergew\u00f6hnliche Dienstleistungen zu wettbewerbsf\u00e4higen Preisen anzubieten und investieren gleichzeitig kontinuierlich in unsere Infrastruktur. Unsere strategischen Allianzen mit angesehenen Partnern wie der Ramallah Mountains Tourist Transport Company erm\u00f6glichen es uns, mit umweltfreundlichen Hybridfahrzeugen und erfahrenen mehrsprachigen Fahrern einen erstklassigen Service anzubieten.&nbsp;<\/p><p class=\"MsoNormal\">Unsere Mission ist es, die Reisebranche zu revolutionieren, indem wir unvergessliche Reisen anbieten, bei denen das Wohlergehen unserer Kunden, der Gemeinden, mit denen wir zusammenarbeiten, und der Umwelt im Vordergrund steht. Bei Stars Desert Tours &amp; Travel setzen wir uns f\u00fcr nachhaltige Praktiken und verantwortungsvollen Tourismus ein und stellen sicher, dass jedes von uns geschaffene Abenteuer einen positiven Einfluss auf die Welt hat.<\/p>\t\t\t\t\t\t<\/div>\n\t\t\t\t<\/div>\n\t\t\t\t\t<\/div>\n\t\t\t\t<\/div>\n\t\t<div class=\"elementor-element elementor-element-b4cfd92 e-con-boxed e-flex e-con\" data-id=\"b4cfd92\" data-element_type=\"container\" data-settings=\"{&quot;content_width&quot;:&quot;boxed&quot;}\">\n\t\t\t\t\t<div class=\"e-con-inner\">\n\t\t\t\t<div class=\"elementor-element elementor-element-ea253de elementor-invisible elementor-widget elementor-widget-heading\" data-id=\"ea253de\" data-element_type=\"widget\" data-settings=\"{&quot;_animation&quot;:&quot;fadeIn&quot;}\" data-widget_type=\"heading.default\">\n\t\t\t\t<div class=\"elementor-widget-container\">\n\t\t\t<h2 class=\"elementor-heading-title elementor-size-default\">Unser Team<\/h2>\t\t<\/div>\n\t\t\t\t<\/div>\n\t\t\t\t\t<\/div>\n\t\t\t\t<\/div>\n\t\t<div class=\"elementor-element elementor-element-fb1ccee e-con-boxed e-flex e-con\" data-id=\"fb1ccee\" data-element_type=\"container\" data-settings=\"{&quot;content_width&quot;:&quot;boxed&quot;}\">\n\t\t\t\t\t<div class=\"e-con-inner\">\n\t\t\t\t<div class=\"elementor-element elementor-element-df8e72a elementor-invisible elementor-widget elementor-widget-text-editor\" data-id=\"df8e72a\" data-element_type=\"widget\" data-settings=\"{&quot;_animation&quot;:&quot;fadeIn&quot;}\" data-widget_type=\"text-editor.default\">\n\t\t\t\t<div class=\"elementor-widget-container\">\n\t\t\t\t\t\t\t<p class=\"MsoNormal\"><span style=\"font-size: 12pt; line-height: 115%; font-family: georgia, palatino, serif;\">Vom Eigent\u00fcmer bis zu allen Mitarbeitern in allen Abteilungen, einschlie\u00dflich der Au\u00dfendienstmitarbeiter in allen Provinzen, glauben wir an die Bedeutung der Teamarbeit in unserem Unternehmen, was sich wiederum in der erfolgreichen Durchf\u00fchrung von Reisen widerspiegelt.<\/span><\/p><p class=\"MsoNormal\"><span style=\"font-family: georgia, palatino, serif; font-size: 12pt; color: var( --e-global-color-text ); font-weight: var( --e-global-typography-text-font-weight ); text-align: var(--text-align);\">Wir arbeiten als Team, um unseren Kunden eine einzigartige Reise zu bieten, die eingraviert ist in\u00a0<\/span><span style=\"font-family: georgia, palatino, serif; font-size: 12pt; color: var( --e-global-color-text ); font-weight: var( --e-global-typography-text-font-weight ); text-align: var(--text-align);\">ihre Erinnerungen f\u00fcr immer.<\/span><\/p><p class=\"MsoNormal\"><span style=\"font-size: 12pt; line-height: 115%; font-family: georgia, palatino, serif;\">Wir haben volles Vertrauen in unser Team und seine F\u00e4higkeiten.<\/span><\/p><p class=\"MsoNormal\"><span style=\"font-size: 12pt; line-height: 115%; font-family: georgia, palatino, serif;\">Unser Team arbeitet zusammen, um sein Hauptziel zu erreichen, n\u00e4mlich eine unvergessliche Erinnerung f\u00fcr Touristen an ihre au\u00dfergew\u00f6hnlichen Erlebnisse in<br \/>Jordanien.<\/span><\/p>\t\t\t\t\t\t<\/div>\n\t\t\t\t<\/div>\n\t\t\t\t\t<\/div>\n\t\t\t\t<\/div>\n\t\t\t\t\t\t\t<\/div>","protected":false},"excerpt":{"rendered":"<p>Our Vision Stars Desert Tours &amp; Travel aims to change tourism by prioritizing sustainability across social, economic, and environmental aspects. &nbsp; In the social aspect, we are dedicated to: 1. Assisting local communities in Jordan by facilitating communications between travelers and locals, fostering cross-cultural understanding, and supporting initiatives that safeguard the environment. 2. Combating child [&hellip;]<\/p>","protected":false},"author":1,"featured_media":10270,"parent":0,"menu_order":0,"comment_status":"closed","ping_status":"closed","template":"template-fullwidth.php","meta":{"footnotes":""},"class_list":["post-8028","page","type-page","status-publish","has-post-thumbnail","hentry"],"_links":{"self":[{"href":"https:\/\/starsdesert.com\/de\/wp-json\/wp\/v2\/pages\/8028","targetHints":{"allow":["GET"]}}],"collection":[{"href":"https:\/\/starsdesert.com\/de\/wp-json\/wp\/v2\/pages"}],"about":[{"href":"https:\/\/starsdesert.com\/de\/wp-json\/wp\/v2\/types\/page"}],"author":[{"embeddable":true,"href":"https:\/\/starsdesert.com\/de\/wp-json\/wp\/v2\/users\/1"}],"replies":[{"embeddable":true,"href":"https:\/\/starsdesert.com\/de\/wp-json\/wp\/v2\/comments?post=8028"}],"version-history":[{"count":102,"href":"https:\/\/starsdesert.com\/de\/wp-json\/wp\/v2\/pages\/8028\/revisions"}],"predecessor-version":[{"id":11256,"href":"https:\/\/starsdesert.com\/de\/wp-json\/wp\/v2\/pages\/8028\/revisions\/11256"}],"wp:featuredmedia":[{"embeddable":true,"href":"https:\/\/starsdesert.com\/de\/wp-json\/wp\/v2\/media\/10270"}],"wp:attachment":[{"href":"https:\/\/starsdesert.com\/de\/wp-json\/wp\/v2\/media?parent=8028"}],"curies":[{"name":"wp","href":"https:\/\/api.w.org\/{rel}","templated":true}]}}