{"id":11377,"date":"2025-06-18T09:46:51","date_gmt":"2025-06-18T09:46:51","guid":{"rendered":"https:\/\/starsdesert.com\/?page_id=11377"},"modified":"2026-01-18T12:13:04","modified_gmt":"2026-01-18T12:13:04","slug":"sustainability-policy","status":"publish","type":"page","link":"https:\/\/starsdesert.com\/de\/sustainability-policy\/","title":{"rendered":"Nachhaltigkeitspolitik"},"content":{"rendered":"<p style=\"text-align: left;\"><span style=\"color: #a10f19; font-size: 18pt;\"><strong>Nachhaltigkeitspolitik der Stars Desert Travel Company<\/strong><\/span><\/p>\n<p style=\"padding-left: 40px; text-align: left;\"><strong><span style=\"color: #000000;\">Stars Desert Travel Company ist sich ihrer wichtigen Rolle bei der F\u00f6rderung bewusst.<\/span><\/strong><br \/>\n<strong><span style=\"color: #000000;\">verantwortungsvoller und nachhaltiger Tourismus. Das Unternehmen ist bestrebt, den Emissionen zu minimieren.<\/span><\/strong><br \/>\n<strong><span style=\"color: #000000;\">die sozialen, kulturellen, wirtschaftlichen und \u00f6kologischen negativen Auswirkungen von<\/span><\/strong><br \/>\n<strong><span style=\"color: #000000;\">Diese Richtlinie spiegelt wider, dass ihre Aktivit\u00e4ten unter gleichzeitiger F\u00f6rderung positiver Beitr\u00e4ge genutzt werden.<\/span><\/strong><br \/>\n<strong><span style=\"color: #000000;\">unser Engagement f\u00fcr \u00f6kologische und soziale Verantwortung, unterst\u00fctzt durch<\/span><\/strong><br \/>\n<strong><span style=\"color: #000000;\">starke Unterst\u00fctzung seitens des oberen Managements.<\/span><\/strong><\/p>\n<ol>\n<li><span style=\"color: #a10f19;\"><strong>Nachhaltiges Management und Einhaltung gesetzlicher Bestimmungen<\/strong><\/span>\n<ul>\n<li><span style=\"color: #000000;\"><strong>Ernennung eines Koordinators, der f\u00fcr die Nachhaltigkeitsaktivit\u00e4ten innerhalb des Unternehmens verantwortlich ist.<\/strong><\/span><\/li>\n<li><span style=\"color: #000000;\"><strong>Erstellung eines Nachhaltigkeitsleitbilds zur Kommunikation mit Kunden, Partnern und Lieferanten.<\/strong><\/span><\/li>\n<li><span style=\"color: #000000;\"><strong>Bereitstellung einer schriftlichen Nachhaltigkeitsrichtlinie, die Ziele zur Reduzierung negativer Auswirkungen und zur Gew\u00e4hrleistung der Sicherheit der Mitarbeiter enth\u00e4lt.<\/strong><\/span><\/li>\n<li><span style=\"color: #000000;\"><strong>Zusammenarbeit mit Foren und Gruppen, die sich f\u00fcr Nachhaltigkeit in der Tourismusbranche einsetzen.<\/strong><\/span><\/li>\n<li><span style=\"color: #000000;\"><strong>Entwicklung eines Aktionsplans f\u00fcr Nachhaltigkeit mit klaren Zielen, Ma\u00dfnahmen und Zeitvorgaben.<\/strong><\/span><\/li>\n<\/ul>\n<\/li>\n<\/ol>\n<ol start=\"2\">\n<li><span style=\"color: #a10f19;\"><strong>Soziale Verantwortung und Menschenrechte<\/strong><\/span>\n<ul>\n<li><span style=\"color: #000000;\"><strong>Gew\u00e4hrleistung eines sicheren Arbeitsumfelds in \u00dcbereinstimmung mit nationalen Vorschriften <\/strong><\/span><\/li>\n<li><span style=\"color: #000000;\"><strong>Gew\u00e4hrleistung von Gleichstellung und Transparenz bei Einstellung und Verg\u00fctung <\/strong><\/span><\/li>\n<li><span style=\"color: #000000;\"><strong>Wir bieten kontinuierliche Schulungen und Weiterbildungen zur Verbesserung der F\u00e4higkeiten und des Wachstums unserer Mitarbeiter an.<\/strong><\/span><\/li>\n<li><span style=\"color: #000000;\"><strong>Jegliche Form von Diskriminierung verhindern und Chancengleichheit f\u00fcr alle gew\u00e4hrleisten.<\/strong><\/span><\/li>\n<\/ul>\n<\/li>\n<\/ol>\n<ol start=\"3\">\n<li><span style=\"color: #a10f19;\"><strong>Umweltschutz und Beziehungen zur Gemeinde<\/strong><\/span>\n<ul>\n<li><span style=\"color: #000000;\"><strong>Den Verbrauch von Einwegartikeln reduzieren und den Kauf nachhaltiger Produkte f\u00f6rdern.<\/strong><\/span><\/li>\n<li><span style=\"color: #000000;\"><strong>Umsetzung von Wasser- und Energiesparma\u00dfnahmen <\/strong><\/span><\/li>\n<li><span style=\"color: #000000;\"><strong>Entwicklung von Richtlinien f\u00fcr Recycling und Abfallwirtschaft <\/strong><\/span><\/li>\n<li><span style=\"color: #000000;\"><strong>Unterst\u00fctzung des Biodiversit\u00e4tsschutzes und der Erhaltung kultureller und historischer St\u00e4tten.<\/strong><\/span><\/li>\n<\/ul>\n<\/li>\n<\/ol>\n<ol start=\"4\">\n<li><span style=\"color: #a10f19;\"><strong>Partnerschaft mit Reiseb\u00fcros<\/strong><\/span>\n<ul>\n<li><span style=\"color: #000000;\"><strong>Zusammenarbeit mit Partnern, die klare Nachhaltigkeitsziele verfolgen <\/strong><\/span><\/li>\n<li><span style=\"color: #000000;\"><strong>Die Aufnahme von Nachhaltigkeitsklauseln in Vertr\u00e4ge mit Partnern, wie zum Beispiel der Schutz der Kinderrechte und die Verhinderung von Ausbeutung.<\/strong><\/span><\/li>\n<li><span style=\"color: #000000;\"><strong>Bereitstellung von Schulungen und Sensibilisierung der Partner f\u00fcr nachhaltige Tourismuspraktiken.<\/strong><\/span><\/li>\n<\/ul>\n<\/li>\n<\/ol>\n<ol start=\"5\">\n<li><span style=\"color: #a10f19;\"><strong>Nachhaltiger Verkehr<\/strong><\/span>\n<ul>\n<li><span style=\"color: #000000;\"><strong>Auswahl umweltschonender Transportm\u00f6glichkeiten unter Ber\u00fccksichtigung von Kosten und Komfort.<\/strong><\/span><\/li>\n<li><span style=\"color: #000000;\"><strong>Wir bieten unseren Kunden nachhaltige Transportm\u00f6glichkeiten im Rahmen der betrieblichen und logistischen Rahmenbedingungen.<\/strong><\/span><\/li>\n<li><span style=\"color: #000000;\"><strong>Verbesserung der Effizienz gebrauchter Fahrzeuge und Einhaltung von Umweltstandards.<\/strong><\/span><strong>\u00a0<\/strong><\/li>\n<\/ul>\n<\/li>\n<\/ol>\n<ol start=\"6\">\n<li><span style=\"color: #a10f19;\"><strong>Nachhaltige Unterk\u00fcnfte<\/strong><\/span>\n<ul>\n<li><span style=\"color: #000000;\"><strong>Auswahl von Unterk\u00fcnften, die Nachhaltigkeitsstandards erf\u00fcllen, wie z. B. Energie- und Wassersparprogramme, Abfallmanagement und Einbindung der lokalen Gemeinschaft.<\/strong><\/span><\/li>\n<li><span style=\"color: #000000;\"><strong>Encouraging accommodations to obtain sustainability.<\/strong><\/span><\/li>\n<li><span style=\"color: #000000;\"><strong>Zusammenarbeit mit Unterk\u00fcnften, die lokale Gemeinschaften unterst\u00fctzen und das kulturelle Erbe integrieren.<\/strong><\/span><\/li>\n<\/ul>\n<\/li>\n<\/ol>\n<ol start=\"7\">\n<li><span style=\"color: #a10f19;\"><strong>Nachhaltige Aktivit\u00e4ten und Ausfl\u00fcge<\/strong><\/span>\n<ul>\n<li><span style=\"color: #000000;\"><strong>Aktivit\u00e4ten anbieten, die die Umwelt und die lokale Kultur respektieren und das Tierwohl gew\u00e4hrleisten.<\/strong><\/span><\/li>\n<li><span style=\"color: #000000;\"><strong>Aktivit\u00e4ten vermeiden, die der Umwelt, den Gemeinschaften oder der \u00f6ffentlichen Gesundheit schaden.<\/strong><\/span><\/li>\n<li><span style=\"color: #000000;\"><strong>F\u00f6rderung von Ausfl\u00fcgen, die die lokale Bev\u00f6lkerung unterst\u00fctzen und das kulturelle Erbe bewahren.<\/strong><\/span><\/li>\n<\/ul>\n<\/li>\n<\/ol>\n<ol start=\"8\">\n<li><span style=\"color: #a10f19;\"><strong>Kontinuierliche Verbesserung<\/strong><\/span>\n<ul>\n<li><span style=\"color: #000000;\"><strong>Die Nachhaltigkeitspraktiken werden regelm\u00e4\u00dfig \u00fcberpr\u00fcft und aktualisiert, basierend auf Branchenentwicklungen und dem Feedback der Interessengruppen.<\/strong><\/span><\/li>\n<li><span style=\"color: #000000;\"><strong>Die Leistung messen und Schl\u00fcsselindikatoren festlegen, um sicherzustellen, dass die Nachhaltigkeitsziele erreicht werden.<\/strong><\/span><\/li>\n<li><span style=\"color: #000000;\"><strong>Beteiligung an Branchenkooperationen zur F\u00f6rderung des Tourismus<\/strong><\/span><\/li>\n<\/ul>\n<\/li>\n<\/ol>\n<p><span style=\"color: #a10f19;\"><strong>Unser Versprechen<\/strong><\/span><\/p>\n<p><span style=\"color: #000000;\"><strong>Unsere Nachhaltigkeitsrichtlinie ist ein dynamisches Rahmenwerk, das regelm\u00e4\u00dfig \u00fcberpr\u00fcft und aktualisiert wird, um die Einhaltung branchen\u00fcblicher Best Practices, verantwortungsvollen Tourismus und unser kontinuierliches Engagement f\u00fcr st\u00e4ndige Verbesserung sicherzustellen. Dieses integrierte Instrument spiegelt einen umfassenden Nachhaltigkeitsansatz wider, der \u00f6kologische, soziale und wirtschaftliche Aspekte in den Gesch\u00e4ftst\u00e4tigkeiten von Stars Desert Travel miteinander verbindet.<\/strong><\/span><\/p>\n<p><span style=\"color: #000000;\"><strong>\u201eUnser Unternehmen verpflichtet sich, sicherzustellen, dass alle Marketing- und Werbematerialien, Aussagen und Ver\u00f6ffentlichungen frei von irref\u00fchrenden Informationen, \u00fcbertriebenen Behauptungen oder Nichterf\u00fcllung von Versprechen sind. Wir garantieren, dass unsere Mitarbeiter umfassend informiert sind und sich mit vollem Engagement f\u00fcr einen reibungslosen Kundenservice einsetzen.\u201c<\/strong><\/span><\/p>\n<p><span style=\"color: #000000;\"><strong>\u201eWir verbieten strikt den Erwerb von Souvenirs, die gef\u00e4hrdete Pflanzen- oder Tierarten, unrechtm\u00e4\u00dfig erworbene historische oder arch\u00e4ologische Artefakte sowie Drogen oder illegale Substanzen enthalten. Wir halten uns an lokale und internationale Vorschriften, die solche Aktivit\u00e4ten verhindern sollen.\u201c<\/strong><\/span><\/p>\n<p>&nbsp;<\/p>\n<div style=\"margin-top: 30px; padding: 20px; background-color: #ffffff; border: 1px dashed #9c7259; border-radius: 8px; text-align: center;\">\n<p style=\"margin: 0; color: #a10f19; font-size: 16px; font-weight: 600;\"><strong><span style=\"color: #a10f19;\">Bei Fragen und Anmerkungen zu unserer Nachhaltigkeit wenden Sie sich bitte an: <\/span><\/strong><br \/>\n<strong><a style=\"color: #a10f19; text-decoration: none;\" href=\"tel: 962777647227\"><span style=\"color: #a10f19;\">+962777647227<\/span><\/a><span style=\"color: #a10f19;\"> \/<\/span><\/strong><br \/>\n<strong><span style=\"color: #a10f19;\"><a style=\"color: #a10f19; text-decoration: none;\" href=\"mailto:sustainability@starsdesert.com\">sustainability@starsdesert.com<\/a><\/span><\/strong><\/p>\n<\/div>","protected":false},"excerpt":{"rendered":"<p>Sustainability Policy of\u00a0 Stars Desert Travel Company Stars Desert Travel Company believes in its vital role in promoting responsible and sustainable tourism. The company strives to minimize the social, cultural, economic, and environmental negative impacts of its activities while enhancing positive contributions. This policy reflects our commitment to environmental and social responsibility, backed by strong [&hellip;]<\/p>","protected":false},"author":1,"featured_media":11384,"parent":0,"menu_order":0,"comment_status":"closed","ping_status":"closed","template":"","meta":{"footnotes":""},"class_list":["post-11377","page","type-page","status-publish","has-post-thumbnail","hentry"],"_links":{"self":[{"href":"https:\/\/starsdesert.com\/de\/wp-json\/wp\/v2\/pages\/11377","targetHints":{"allow":["GET"]}}],"collection":[{"href":"https:\/\/starsdesert.com\/de\/wp-json\/wp\/v2\/pages"}],"about":[{"href":"https:\/\/starsdesert.com\/de\/wp-json\/wp\/v2\/types\/page"}],"author":[{"embeddable":true,"href":"https:\/\/starsdesert.com\/de\/wp-json\/wp\/v2\/users\/1"}],"replies":[{"embeddable":true,"href":"https:\/\/starsdesert.com\/de\/wp-json\/wp\/v2\/comments?post=11377"}],"version-history":[{"count":17,"href":"https:\/\/starsdesert.com\/de\/wp-json\/wp\/v2\/pages\/11377\/revisions"}],"predecessor-version":[{"id":11409,"href":"https:\/\/starsdesert.com\/de\/wp-json\/wp\/v2\/pages\/11377\/revisions\/11409"}],"wp:featuredmedia":[{"embeddable":true,"href":"https:\/\/starsdesert.com\/de\/wp-json\/wp\/v2\/media\/11384"}],"wp:attachment":[{"href":"https:\/\/starsdesert.com\/de\/wp-json\/wp\/v2\/media?parent=11377"}],"curies":[{"name":"wp","href":"https:\/\/api.w.org\/{rel}","templated":true}]}}