{"id":10288,"date":"2023-03-26T12:25:26","date_gmt":"2023-03-26T12:25:26","guid":{"rendered":"https:\/\/test2.starsdesert.com\/?page_id=10288"},"modified":"2024-06-30T12:42:36","modified_gmt":"2024-06-30T12:42:36","slug":"our-vision","status":"publish","type":"page","link":"https:\/\/starsdesert.com\/de\/our-vision\/","title":{"rendered":"Unsere Vision"},"content":{"rendered":"<div data-elementor-type=\"wp-page\" data-elementor-id=\"10288\" class=\"elementor elementor-10288\">\n\t\t\t\t\t\t\t<div class=\"elementor-element elementor-element-504b2b3 e-con-boxed e-flex e-con\" data-id=\"504b2b3\" data-element_type=\"container\" data-settings=\"{&quot;content_width&quot;:&quot;boxed&quot;}\">\n\t\t\t\t\t<div class=\"e-con-inner\">\n\t\t\t\t<div class=\"elementor-element elementor-element-e3903ba elementor-widget elementor-widget-heading\" data-id=\"e3903ba\" data-element_type=\"widget\" data-widget_type=\"heading.default\">\n\t\t\t\t<div class=\"elementor-widget-container\">\n\t\t\t<style>\/*! elementor - v3.13.3 - 28-05-2023 *\/\n.elementor-heading-title{padding:0;margin:0;line-height:1}.elementor-widget-heading .elementor-heading-title[class*=elementor-size-]>a{color:inherit;font-size:inherit;line-height:inherit}.elementor-widget-heading .elementor-heading-title.elementor-size-small{font-size:15px}.elementor-widget-heading .elementor-heading-title.elementor-size-medium{font-size:19px}.elementor-widget-heading .elementor-heading-title.elementor-size-large{font-size:29px}.elementor-widget-heading .elementor-heading-title.elementor-size-xl{font-size:39px}.elementor-widget-heading .elementor-heading-title.elementor-size-xxl{font-size:59px}<\/style><h2 class=\"elementor-heading-title elementor-size-default\">Unsere Vision<\/h2>\t\t<\/div>\n\t\t\t\t<\/div>\n\t\t\t\t<div class=\"elementor-element elementor-element-7f85c59 elementor-widget elementor-widget-text-editor\" data-id=\"7f85c59\" data-element_type=\"widget\" data-widget_type=\"text-editor.default\">\n\t\t\t\t<div class=\"elementor-widget-container\">\n\t\t\t<style>\/*! elementor - v3.13.3 - 28-05-2023 *\/\n.elementor-widget-text-editor.elementor-drop-cap-view-stacked .elementor-drop-cap{background-color:#69727d;color:#fff}.elementor-widget-text-editor.elementor-drop-cap-view-framed .elementor-drop-cap{color:#69727d;border:3px solid;background-color:transparent}.elementor-widget-text-editor:not(.elementor-drop-cap-view-default) .elementor-drop-cap{margin-top:8px}.elementor-widget-text-editor:not(.elementor-drop-cap-view-default) .elementor-drop-cap-letter{width:1em;height:1em}.elementor-widget-text-editor .elementor-drop-cap{float:left;text-align:center;line-height:1;font-size:50px}.elementor-widget-text-editor .elementor-drop-cap-letter{display:inline-block}<\/style>\t\t\t\t<p>Stars Desert Tours &amp; Travel m\u00f6chte den Tourismus ver\u00e4ndern, indem es der Nachhaltigkeit unter sozialen, wirtschaftlichen und \u00f6kologischen Aspekten Priorit\u00e4t einr\u00e4umt. &nbsp;<\/p>\n<p><strong>Im sozialen Bereich engagieren wir uns f\u00fcr:<\/strong><\/p>\n<ol>\n<li>Wir unterst\u00fctzen die \u00f6rtlichen Gemeinden in Jordanien, indem wir die Kommunikation zwischen Reisenden und Einheimischen erleichtern, das interkulturelle Verst\u00e4ndnis f\u00f6rdern und Initiativen zum Schutz der Umwelt unterst\u00fctzen.<\/li>\n<li>Bek\u00e4mpfung von Kinderarbeit und F\u00f6rderung der Bildung. Wir verpflichten unsere Mitarbeiter in abgelegenen Gebieten, ihre Kinder in die Schule zu schicken, und raten unseren Kunden vom Kauf von Waren ab, die von Kinderarbeitern stammen.<\/li>\n<li>Wir unterst\u00fctzen M\u00e4dchen bei ihrer Ausbildung. Wir unterst\u00fctzen M\u00e4dchenschulen und bieten ihnen Bildungsm\u00f6glichkeiten. So tragen wir zur F\u00f6rderung der Gleichberechtigung und Selbstbestimmung in der Gesellschaft bei.<\/li>\n<\/ol>\n<p><strong>Im wirtschaftlichen Bereich widmen wir uns:<\/strong><\/p>\n<ol>\n<li>Bek\u00e4mpfung der Arbeitslosigkeit: Durch die Einstellung m\u00f6glichst vieler junger Menschen im Alter zwischen 21 und 25 Jahren, mit dem Ziel, ein nachhaltiges Einkommen zu erzielen, das den Lebensstandard steigert.<\/li>\n<li>Auswahl franz\u00f6sischsprachiger Jugendlicher und Durchf\u00fchrung von Ausbildungskursen, damit diese als Reiseleiter arbeiten k\u00f6nnen, etwa Motasem Al-Abbadi, Abed Elhamid Abu Al-Hijaa, Malek Al-Hamoud und Eman Arabati.<\/li>\n<li>Schaffung von Besch\u00e4ftigungsm\u00f6glichkeiten f\u00fcr diejenigen, die ihre Franz\u00f6sischkenntnisse verbessern m\u00fcssen, indem sie als Fahrer bei der Ramallah Mountains Tourist Transport Company oder Partnerunternehmen wie Khalid Sakhaina, Mohammed Assi und Sohaib Al-Halahlah eingestellt werden. Sohaib arbeitet beispielsweise f\u00fcr unser Unternehmen, w\u00e4hrend er noch studiert.<\/li>\n<li>Unterst\u00fctzung von Gemeinden in abgelegenen Gebieten, indem wir sie im Umgang mit Touristen schulen und ihnen lokale Dienstleistungen anbieten, darunter Kochen, Unterkunft und Beratung f\u00fcr Beduinentourismus.<\/li>\n<li>Der Schwerpunkt liegt auf der Unterst\u00fctzung jordanischer Frauen durch die Finanzierung von Vereinen in verschiedenen Regionen wie Jerash, Amman und Aqaba, die traditionelle K\u00fcche anbieten und lokale Produkte f\u00f6rdern.<\/li>\n<\/ol>\n<p><strong>Im Umweltbereich engagieren wir uns f\u00fcr:<\/strong><\/p>\n<ol>\n<li>Bereitstellung von Trinkwasser in gro\u00dfen Kr\u00fcgen, um den Plastikverbrauch zu reduzieren<\/li>\n<li>Nutzung der Sonnenenergie zur Stromerzeugung.<\/li>\n<li>In Wadi Rum bringen wir Brennholz aus nachhaltigen Quellen au\u00dferhalb der W\u00fcste, um die Vegetationsdecke zu bewahren.<\/li>\n<li>In unseren Programmen f\u00f6rdern wir das Gehen l\u00e4ngerer Strecken, um die Nutzung von Autos zu reduzieren.<\/li>\n<li>Einsatz von Hybridfahrzeugen zur Reduzierung der Schadstoffemissionen.<\/li>\n<\/ol>\n<p>Zusammenfassend l\u00e4sst sich sagen, dass Stars Desert Tours &amp; Travel sich dazu verpflichtet f\u00fchlt, den Tourismus nachhaltig zu gestalten und so Kunden, Gemeinden und der Umwelt Vorteile zu bringen.<\/p>\t\t\t\t\t\t<\/div>\n\t\t\t\t<\/div>\n\t\t\t\t\t<\/div>\n\t\t\t\t<\/div>\n\t\t\t\t\t\t\t<\/div>","protected":false},"excerpt":{"rendered":"<p>Our Vision Stars Desert Tours &amp; Travel aims to change tourism by prioritizing sustainability across social, economic, and environmental aspects. &nbsp; In the social aspect, we are dedicated to: Assisting local communities in Jordan by facilitating communications between travelers and locals, fostering cross-cultural understanding, and supporting initiatives that safeguard the environment. Combating child labor and [&hellip;]<\/p>","protected":false},"author":1,"featured_media":10229,"parent":0,"menu_order":0,"comment_status":"closed","ping_status":"closed","template":"template-fullwidth.php","meta":{"footnotes":""},"class_list":["post-10288","page","type-page","status-publish","has-post-thumbnail","hentry"],"_links":{"self":[{"href":"https:\/\/starsdesert.com\/de\/wp-json\/wp\/v2\/pages\/10288","targetHints":{"allow":["GET"]}}],"collection":[{"href":"https:\/\/starsdesert.com\/de\/wp-json\/wp\/v2\/pages"}],"about":[{"href":"https:\/\/starsdesert.com\/de\/wp-json\/wp\/v2\/types\/page"}],"author":[{"embeddable":true,"href":"https:\/\/starsdesert.com\/de\/wp-json\/wp\/v2\/users\/1"}],"replies":[{"embeddable":true,"href":"https:\/\/starsdesert.com\/de\/wp-json\/wp\/v2\/comments?post=10288"}],"version-history":[{"count":17,"href":"https:\/\/starsdesert.com\/de\/wp-json\/wp\/v2\/pages\/10288\/revisions"}],"predecessor-version":[{"id":11249,"href":"https:\/\/starsdesert.com\/de\/wp-json\/wp\/v2\/pages\/10288\/revisions\/11249"}],"wp:featuredmedia":[{"embeddable":true,"href":"https:\/\/starsdesert.com\/de\/wp-json\/wp\/v2\/media\/10229"}],"wp:attachment":[{"href":"https:\/\/starsdesert.com\/de\/wp-json\/wp\/v2\/media?parent=10288"}],"curies":[{"name":"wp","href":"https:\/\/api.w.org\/{rel}","templated":true}]}}