{"id":10279,"date":"2023-03-26T12:00:11","date_gmt":"2023-03-26T12:00:11","guid":{"rendered":"https:\/\/test2.starsdesert.com\/?page_id=10279"},"modified":"2024-11-06T09:30:59","modified_gmt":"2024-11-06T09:30:59","slug":"our-mission","status":"publish","type":"page","link":"https:\/\/starsdesert.com\/de\/our-mission\/","title":{"rendered":"Unsere Aufgabe"},"content":{"rendered":"<div data-elementor-type=\"wp-page\" data-elementor-id=\"10279\" class=\"elementor elementor-10279\">\n\t\t\t\t\t\t\t<div class=\"elementor-element elementor-element-2b9e520 e-con-boxed e-flex e-con\" data-id=\"2b9e520\" data-element_type=\"container\" data-settings=\"{&quot;content_width&quot;:&quot;boxed&quot;}\">\n\t\t\t\t\t<div class=\"e-con-inner\">\n\t\t\t\t<div class=\"elementor-element elementor-element-c6b245f elementor-widget elementor-widget-heading\" data-id=\"c6b245f\" data-element_type=\"widget\" data-widget_type=\"heading.default\">\n\t\t\t\t<div class=\"elementor-widget-container\">\n\t\t\t<style>\/*! elementor - v3.13.3 - 28-05-2023 *\/\n.elementor-heading-title{padding:0;margin:0;line-height:1}.elementor-widget-heading .elementor-heading-title[class*=elementor-size-]>a{color:inherit;font-size:inherit;line-height:inherit}.elementor-widget-heading .elementor-heading-title.elementor-size-small{font-size:15px}.elementor-widget-heading .elementor-heading-title.elementor-size-medium{font-size:19px}.elementor-widget-heading .elementor-heading-title.elementor-size-large{font-size:29px}.elementor-widget-heading .elementor-heading-title.elementor-size-xl{font-size:39px}.elementor-widget-heading .elementor-heading-title.elementor-size-xxl{font-size:59px}<\/style><h2 class=\"elementor-heading-title elementor-size-default\">Unsere Aufgabe<\/h2>\t\t<\/div>\n\t\t\t\t<\/div>\n\t\t\t\t<div class=\"elementor-element elementor-element-0dfd77c elementor-widget elementor-widget-text-editor\" data-id=\"0dfd77c\" data-element_type=\"widget\" data-widget_type=\"text-editor.default\">\n\t\t\t\t<div class=\"elementor-widget-container\">\n\t\t\t<style>\/*! elementor - v3.13.3 - 28-05-2023 *\/\n.elementor-widget-text-editor.elementor-drop-cap-view-stacked .elementor-drop-cap{background-color:#69727d;color:#fff}.elementor-widget-text-editor.elementor-drop-cap-view-framed .elementor-drop-cap{color:#69727d;border:3px solid;background-color:transparent}.elementor-widget-text-editor:not(.elementor-drop-cap-view-default) .elementor-drop-cap{margin-top:8px}.elementor-widget-text-editor:not(.elementor-drop-cap-view-default) .elementor-drop-cap-letter{width:1em;height:1em}.elementor-widget-text-editor .elementor-drop-cap{float:left;text-align:center;line-height:1;font-size:50px}.elementor-widget-text-editor .elementor-drop-cap-letter{display:inline-block}<\/style>\t\t\t\t<p>Stars Desert verf\u00fcgt \u00fcber langj\u00e4hrige Erfahrung im Abenteuer-, Individual- und \u00d6kotourismus. Seit \u00fcber 15 Jahren begr\u00fc\u00dfen wir Tausende von Touristen aus verschiedenen Kulturen, insbesondere aus Frankreich, und engagieren uns gemeinsam mit ihnen f\u00fcr nachhaltige Praktiken in ganz Jordanien.<\/p><p><span style=\"color: var( --e-global-color-text ); font-family: var( --e-global-typography-text-font-family ), Sans-serif; font-weight: var( --e-global-typography-text-font-weight ); text-align: var(--text-align);\">Stars Desert verf\u00fcgt \u00fcber langj\u00e4hrige Erfahrung im Abenteuer-, Individual- und \u00d6kotourismus. Seit \u00fcber 15 Jahren begr\u00fc\u00dfen wir Tausende von Touristen aus verschiedenen Kulturen, insbesondere aus Frankreich, und engagieren uns gemeinsam mit ihnen f\u00fcr nachhaltige Praktiken in ganz Jordanien.<\/span><\/p><p><span style=\"color: var( --e-global-color-text ); font-family: var( --e-global-typography-text-font-family ), Sans-serif; font-weight: var( --e-global-typography-text-font-weight ); text-align: var(--text-align);\">Im Bereich Individualtourismus hat Stars Desert in den Aufbau eines kompetenten Teams investiert, das die vielf\u00e4ltigen Bed\u00fcrfnisse unserer G\u00e4ste mit h\u00f6chster Fachkompetenz erf\u00fcllt. Dazu geh\u00f6rt die Gr\u00fcndung unseres Transportunternehmens Ramallah Mountains mit einer Flotte von Hybridfahrzeugen. Seit der Gr\u00fcndung haben wir ein Team von Fahrern aufgebaut, die \u00fcber Universit\u00e4tsabschl\u00fcsse in Sprachen wie Franz\u00f6sisch, Italienisch und Englisch verf\u00fcgen und mit den notwendigen F\u00e4higkeiten ausgestattet sind, um Jordanien auf professionellste und herzlichste Weise zu repr\u00e4sentieren.<\/span><\/p>\t\t\t\t\t\t<\/div>\n\t\t\t\t<\/div>\n\t\t\t\t\t<\/div>\n\t\t\t\t<\/div>\n\t\t<div class=\"elementor-element elementor-element-645e81a e-con-boxed e-flex e-con\" data-id=\"645e81a\" data-element_type=\"container\" data-settings=\"{&quot;content_width&quot;:&quot;boxed&quot;}\">\n\t\t\t\t\t<div class=\"e-con-inner\">\n\t\t\t\t<div class=\"elementor-element elementor-element-b0eea36 elementor-widget elementor-widget-html\" data-id=\"b0eea36\" data-element_type=\"widget\" data-widget_type=\"html.default\">\n\t\t\t\t<div class=\"elementor-widget-container\">\n\t\t\t<script src=\"https:\/\/cdn.lordicon.com\/lordicon.js\"><\/script>\r\n<lord-icon\r\n    src=\"https:\/\/cdn.lordicon.com\/vhyuhmbl.json\"\r\n    trigger=\"loop\"\r\n    delay=\"2000\"\r\n    style=\"width:150px;height:150px\">\r\n<\/lord-icon>\t\t<\/div>\n\t\t\t\t<\/div>\n\t\t\t\t\t<\/div>\n\t\t\t\t<\/div>\n\t\t\t\t\t\t\t<\/div>","protected":false},"excerpt":{"rendered":"<p>Our Mission At Stars Desert, we have extensive experience in adventure tourism, individual tourism, and eco-tourism. For over 15 years, we have welcomed thousands of tourists from different cultures, particularly from the French market, and have interacted with them to promote sustainable practices across Jordan. Stars Desert is an agency that believes in investing in [&hellip;]<\/p>","protected":false},"author":1,"featured_media":10281,"parent":0,"menu_order":0,"comment_status":"closed","ping_status":"closed","template":"template-fullwidth.php","meta":{"footnotes":""},"class_list":["post-10279","page","type-page","status-publish","has-post-thumbnail","hentry"],"_links":{"self":[{"href":"https:\/\/starsdesert.com\/de\/wp-json\/wp\/v2\/pages\/10279","targetHints":{"allow":["GET"]}}],"collection":[{"href":"https:\/\/starsdesert.com\/de\/wp-json\/wp\/v2\/pages"}],"about":[{"href":"https:\/\/starsdesert.com\/de\/wp-json\/wp\/v2\/types\/page"}],"author":[{"embeddable":true,"href":"https:\/\/starsdesert.com\/de\/wp-json\/wp\/v2\/users\/1"}],"replies":[{"embeddable":true,"href":"https:\/\/starsdesert.com\/de\/wp-json\/wp\/v2\/comments?post=10279"}],"version-history":[{"count":29,"href":"https:\/\/starsdesert.com\/de\/wp-json\/wp\/v2\/pages\/10279\/revisions"}],"predecessor-version":[{"id":11316,"href":"https:\/\/starsdesert.com\/de\/wp-json\/wp\/v2\/pages\/10279\/revisions\/11316"}],"wp:featuredmedia":[{"embeddable":true,"href":"https:\/\/starsdesert.com\/de\/wp-json\/wp\/v2\/media\/10281"}],"wp:attachment":[{"href":"https:\/\/starsdesert.com\/de\/wp-json\/wp\/v2\/media?parent=10279"}],"curies":[{"name":"wp","href":"https:\/\/api.w.org\/{rel}","templated":true}]}}